{"id":16265,"date":"2025-10-28T11:14:03","date_gmt":"2025-10-28T10:14:03","guid":{"rendered":"https:\/\/www.theibizatwiins.com\/discover-side-seaview\/"},"modified":"2025-11-11T04:46:29","modified_gmt":"2025-11-11T03:46:29","slug":"discover-side-seaview","status":"publish","type":"page","link":"https:\/\/www.theibizatwiins.com\/de\/zimmer\/discover-side-seaview\/","title":{"rendered":"Discover Side Seaview"},"content":{"rendered":"<div class=\"wpb-content-wrapper\"><p>[vc_row full_width=&#8220;stretch_row_content&#8220; el_class=&#8220;cabecera&#8220; css=&#8220;.vc_custom_1567759894150{padding-top: 120px !important;padding-bottom: 50px !important;background-color: #133844 !important;}&#8220;][vc_column alignment=&#8220;right&#8220;][vc_row_inner css=&#8220;.vc_custom_1567753203496{padding-bottom: 50px !important;}&#8220; el_class=&#8220;content&#8220;][vc_column_inner][vc_custom_heading source=&#8220;post_title&#8220; font_container=&#8220;tag:h1|font_size:80|text_align:center|color:%23ffffff&#8220; el_class=&#8220;fmedium&#8220;][vc_custom_heading text=&#8220;Meerblick und The Core: eine perfekte Kombination&#8220; font_container=&#8220;tag:h2|font_size:40|text_align:center&#8220; css=&#8220;&#8220; el_class=&#8220;flightita white&#8220;][\/vc_column_inner][\/vc_row_inner][\/vc_column][\/vc_row][vc_row full_width=&#8220;stretch_row_content_no_spaces&#8220; full_height=&#8220;yes&#8220; css=&#8220;.vc_custom_1656405342875{background-image: url(https:\/\/www.theibizatwiins.com\/wp-content\/uploads\/2022\/06\/The-Ibiza-Twiins-Double-Room-life-vista-lateral-mar.jpeg?id=8862) !important;background-position: center !important;background-repeat: no-repeat !important;background-size: cover !important;}&#8220; el_class=&#8220;fullscreen&#8220;][vc_column][vc_empty_space][\/vc_column][\/vc_row][vc_row css=&#8220;.vc_custom_1567693784478{padding-top: 100px !important;padding-bottom: 100px !important;}&#8220; el_id=&#8220;room1&#8243;][vc_column width=&#8220;1\/2&#8243;][vc_single_image image=&#8220;15880&#8243; img_size=&#8220;full&#8220; css=&#8220;&#8220;][\/vc_column][vc_column width=&#8220;1\/2&#8243; css=&#8220;.vc_custom_1567693890153{padding-left: 40px !important;}&#8220;][vc_custom_heading text=&#8220;Discover<br \/>\nSide Seaview&#8220; font_container=&#8220;tag:h2|font_size:70|text_align:left&#8220; css=&#8220;.vc_custom_1761648882205{margin-top: 0px !important;}&#8220; el_class=&#8220;flightita&#8220;][vc_column_text css=&#8220;&#8220;]Die Discover Side Seaview sind unsere Doppelzimmer mit seitlichem Meerblick. Eine ideale Wahl f\u00fcr alle, die ihre Reise nach Ibiza in aller Ruhe beginnen und einen entspannten Panoramablick auf die K\u00fcste genie\u00dfen m\u00f6chten. Dar\u00fcber hinaus k\u00f6nnen Sie die Aktivit\u00e4ten und interaktiven Erlebnisse genie\u00dfen, die im Herzen des Hotels, The Core, stattfinden[\/vc_column_text][vc_column_text css=&#8220;&#8220; el_class=&#8220;tsmall&#8220;]* Wir verf\u00fcgen \u00fcber 5 barrierefreie Zimmer dieser Art, die auf Anfrage im Life-Geb\u00e4ude verf\u00fcgbar sind.[\/vc_column_text][vc_raw_html]JTNDYSUyMGhyZWYlM0QlMjIlMjNyZXNlcnZhciUyMiUyMGNsYXNzJTNEJTIyYnRuJTIwYm9va25vdzIlMjIlM0VCdWNoZW4lM0MlMkZhJTNF[\/vc_raw_html][\/vc_column][\/vc_row][vc_row full_width=&#8220;stretch_row_content_no_spaces&#8220; el_id=&#8220;galroom&#8220;][vc_column css=&#8220;.vc_custom_1761639311624{padding-right: 10% !important;padding-left: 10% !important;}&#8220;][vc_images_carousel images=&#8220;15895,15900,15905,15910,15915,15920,15925,15930,15935,15940,15885,15890&#8243; img_size=&#8220;full&#8220; onclick=&#8220;link_no&#8220; autoplay=&#8220;yes&#8220; hide_pagination_control=&#8220;yes&#8220; wrap=&#8220;yes&#8220; css=&#8220;&#8220;][\/vc_column][\/vc_row][vc_row equal_height=&#8220;yes&#8220; el_class=&#8220;roomcaracteristicas&#8220; css=&#8220;.vc_custom_1567757188632{padding-top: 100px !important;padding-bottom: 80px !important;}&#8220;][vc_column width=&#8220;1\/4&#8243; alignment=&#8220;center&#8220;][vc_raw_html]JTNDaW1nJTIwc3JjJTNEJTIyaHR0cHMlM0ElMkYlMkZ3d3cudGhlaWJpemF0d2lpbnMuY29tJTJGd3AtY29udGVudCUyRnRoZW1lcyUyRnR3aWlucyUyRmltYWdlcyUyRmktc3BhY2Uuc3ZnJTIyJTNF[\/vc_raw_html][vc_column_text]<strong>Gr\u00f6\u00dfe<\/strong><\/p>\n<p>30 m\u00b2[\/vc_column_text][\/vc_column][vc_column width=&#8220;1\/4&#8243; alignment=&#8220;center&#8220;][vc_raw_html]JTNDaW1nJTIwc3JjJTNEJTIyaHR0cHMlM0ElMkYlMkZ3d3cudGhlaWJpemF0d2lpbnMuY29tJTJGd3AtY29udGVudCUyRnRoZW1lcyUyRnR3aWlucyUyRmltYWdlcyUyRmktcGVvcGxlLnN2ZyUyMiUzRQ==[\/vc_raw_html][vc_column_text css=&#8220;&#8220;]<strong>Belegung<\/strong><\/p>\n<p>Maximal 2 Erwachsene + 1 Kinder[\/vc_column_text][\/vc_column][vc_column width=&#8220;1\/4&#8243; alignment=&#8220;center&#8220;][vc_raw_html]JTNDaW1nJTIwc3JjJTNEJTIyaHR0cHMlM0ElMkYlMkZ3d3cudGhlaWJpemF0d2lpbnMuY29tJTJGd3AtY29udGVudCUyRnRoZW1lcyUyRnR3aWlucyUyRmltYWdlcyUyRmktYmVkLnN2ZyUyMiUzRQ==[\/vc_raw_html][vc_column_text css=&#8220;&#8220;]<strong>Betten<\/strong><\/p>\n<p>2 Doppelbetten (1,2 x 2 m) oder 1 Kingsize-Bett (2 x 2 m)[\/vc_column_text][\/vc_column][vc_column width=&#8220;1\/4&#8243; alignment=&#8220;center&#8220;][vc_raw_html]JTNDaW1nJTIwc3JjJTNEJTIyaHR0cHMlM0ElMkYlMkZ3d3cudGhlaWJpemF0d2lpbnMuY29tJTJGd3AtY29udGVudCUyRnRoZW1lcyUyRnR3aWlucyUyRmltYWdlcyUyRnBvb2x2aWV3LnN2ZyUyMiUyMHdpZHRoJTNEJTIyODYlMjIlM0U=[\/vc_raw_html][vc_column_text]<strong>Blick<\/strong><\/p>\n<p>Poolblick[\/vc_column_text][\/vc_column][\/vc_row][vc_row el_class=&#8220;roomcaracteristicas2&#8243;][vc_column width=&#8220;1\/3&#8243;][vc_column_text]<strong>Funktionen und Dienste<\/strong>[\/vc_column_text][vc_column_text css=&#8220;&#8220; el_class=&#8220;lista-check&#8220;]Klimaanlage<\/p>\n<p>M\u00f6blierter Balkon<\/p>\n<p>Badezimmer mit Regendusche<\/p>\n<p>Elektronischer Safe<\/p>\n<p>Verdunkelungsvorh\u00e4nge<\/p>\n<p>Schreibtisch<\/p>\n<p>Spiegel mit Vergr\u00f6\u00dferung<\/p>\n<p>Ganzk\u00f6rperspiegel<\/p>\n<p>Minibar mit erster F\u00fcllung mit Erfrischungsgetr\u00e4nken ohne Nachf\u00fcllung<\/p>\n<p>Room Service (gegen Aufpreis)<\/p>\n<p>F\u00f6hn<\/p>\n<p>Telefon (gegen Aufpreis)<\/p>\n<p>Satelliten-TV<\/p>\n<p>Seitlicher Meerblick<\/p>\n<p>Spannung 220 V<\/p>\n<p>Kostenloses WLAN[\/vc_column_text][\/vc_column][vc_column width=&#8220;2\/3&#8243; css=&#8220;.vc_custom_1567758274295{margin-top: 100px !important;}&#8220;][vc_single_image image=&#8220;850&#8243; img_size=&#8220;900&#215;700&#8243; css=&#8220;&#8220;][\/vc_column][\/vc_row][vc_row full_width=&#8220;stretch_row&#8220; css=&#8220;.vc_custom_1699879374884{margin-top: 100px !important;padding-top: 80px !important;padding-bottom: 80px !important;background-color: #133844 !important;}&#8220; el_id=&#8220;reservar&#8220; el_class=&#8220;reservaroom&#8220;][vc_column][vc_custom_heading text=&#8220;Buchen&#8220; font_container=&#8220;tag:h2|font_size:60|text_align:center|color:%23ffffff&#8220; el_class=&#8220;fmedium&#8220;][vc_column_text]<div id=\"buscadorslide\"><div id=\"roi-engine-container\" class=\"roi-engine-container\">\n\t\t\t\t    <div id=\"roi-engine-loading\" style=\"text-align: center; width: 100%; height: 113px; padding-top: 25px;\">\n\t\t\t\t        \n\t\t\t\t    <\/div>\n\t\t\t\t<\/div>\n\t\t\t\t<script>\n\t\t\t\t    (function(r,o,i){\n\t\t\t\t        var h=r.getElementsByTagName(o)[0],e=r.createElement(o);\n\t\t\t\t        e.src=\"https:\/\/ibizatwins.backhotelite.com\/de\/roi-widgets\/engine.js?lang=de\";\n\t\t\t\t        h.parentNode.insertBefore(e,h);\n\t\t\t\t    })(document,\"script\",\"\");\n\t\t\t\t<\/script><\/div>[\/vc_column_text][vc_column_text]<div id=\"contactmenu_room\">\n\t\t\t\t<div class=\"flightita\">Brauchen Sie Hilfe?<\/div>\n\t\t\t\t<div class=\"cregular\"><img decoding=\"async\" src=\"https:\/\/www.theibizatwiins.com\/wp-content\/themes\/twiins\/images\/icono-call-center.png\" alt=\"icono telefono\" class=\"pr-10\"><a href=\"tel:+34971943015 \" target=\"_blank\">+34 971 943 015<\/a><\/div>\n\t\t\t<\/div>[\/vc_column_text][\/vc_column][\/vc_row][vc_row full_width=&#8220;stretch_row_content_no_spaces&#8220; content_placement=&#8220;bottom&#8220; el_class=&#8220;room&#8220; css=&#8220;.vc_custom_1567694978192{margin-top: 100px !important;margin-bottom: 100px !important;}&#8220;][vc_column width=&#8220;1\/4&#8243; alignment=&#8220;right&#8220;][vc_custom_heading text=&#8220;Otras habitaciones&#8220; font_container=&#8220;tag:h2|text_align:right&#8220; el_class=&#8220;vertical&#8220; link=&#8220;url:https%3A%2F%2Fwww.theibizatwiins.com%2Fhabitaciones%2F|||&#8220;][\/vc_column][vc_column width=&#8220;3\/4&#8243;][vc_column_text][mpc_carousel_posts single_scroll=&#8220;true&#8220; loop=&#8220;true&#8220; rows=&#8220;1&#8243; cols=&#8220;3&#8243; gap=&#8220;50&#8243; start_at=&#8220;1&#8243; post_type=&#8220;ids&#8220; ids=&#8220;133, 586, 76, 135, 137, 139, 141, 143&#8243; thumb_height=&#8220;650&#8243; mpc_button__disable=&#8220;true&#8220; mpc_button__mpc_tooltip__border_divider=&#8220;true&#8220; mpc_button__mpc_tooltip__padding_divider=&#8220;true&#8220; mpc_navigation__preset=&#8220;preset_0&#8243; mpc_navigation__prev_margin_divider=&#8220;true&#8220; mpc_navigation__next_margin_divider=&#8220;true&#8220; mpc_navigation__padding_divider=&#8220;true&#8220;][\/vc_column_text][\/vc_column][\/vc_row]<\/p>\n<\/div>","protected":false},"excerpt":{"rendered":"<p>[vc_row full_width=&#8220;stretch_row_content&#8220; el_class=&#8220;cabecera&#8220; css=&#8220;.vc_custom_1567759894150{padding-top: 120px !important;padding-bottom: 50px !important;background-color: #133844 !important;}&#8220;][vc_column alignment=&#8220;right&#8220;][vc_row_inner css=&#8220;.vc_custom_1567753203496{padding-bottom: 50px !important;}&#8220; el_class=&#8220;content&#8220;][vc_column_inner][vc_custom_heading source=&#8220;post_title&#8220; font_container=&#8220;tag:h1|font_size:80|text_align:center|color:%23ffffff&#8220; el_class=&#8220;fmedium&#8220;][vc_custom_heading text=&#8220;Meerblick und The Core: eine perfekte Kombination&#8220; font_container=&#8220;tag:h2|font_size:40|text_align:center&#8220; css=&#8220;&#8220; el_class=&#8220;flightita white&#8220;][\/vc_column_inner][\/vc_row_inner][\/vc_column][\/vc_row][vc_row full_width=&#8220;stretch_row_content_no_spaces&#8220; full_height=&#8220;yes&#8220; css=&#8220;.vc_custom_1656405342875{background-image: url(https:\/\/www.theibizatwiins.com\/wp-content\/uploads\/2022\/06\/The-Ibiza-Twiins-Double-Room-life-vista-lateral-mar.jpeg?id=8862) !important;background-position: center !important;background-repeat: no-repeat !important;background-size: cover !important;}&#8220; el_class=&#8220;fullscreen&#8220;][vc_column][vc_empty_space][\/vc_column][\/vc_row][vc_row css=&#8220;.vc_custom_1567693784478{padding-top: 100px !important;padding-bottom: 100px !important;}&#8220; el_id=&#8220;room1&#8243;][vc_column width=&#8220;1\/2&#8243;][vc_single_image image=&#8220;15880&#8243; img_size=&#8220;full&#8220; css=&#8220;&#8220;][\/vc_column][vc_column width=&#8220;1\/2&#8243; css=&#8220;.vc_custom_1567693890153{padding-left: 40px !important;}&#8220;][vc_custom_heading [&hellip;]<\/p>\n","protected":false},"author":1,"featured_media":0,"parent":16356,"menu_order":0,"comment_status":"closed","ping_status":"closed","template":"","meta":{"_acf_changed":false,"footnotes":""},"class_list":["post-16265","page","type-page","status-publish","hentry"],"acf":[],"_links":{"self":[{"href":"https:\/\/www.theibizatwiins.com\/de\/wp-json\/wp\/v2\/pages\/16265","targetHints":{"allow":["GET"]}}],"collection":[{"href":"https:\/\/www.theibizatwiins.com\/de\/wp-json\/wp\/v2\/pages"}],"about":[{"href":"https:\/\/www.theibizatwiins.com\/de\/wp-json\/wp\/v2\/types\/page"}],"author":[{"embeddable":true,"href":"https:\/\/www.theibizatwiins.com\/de\/wp-json\/wp\/v2\/users\/1"}],"replies":[{"embeddable":true,"href":"https:\/\/www.theibizatwiins.com\/de\/wp-json\/wp\/v2\/comments?post=16265"}],"version-history":[{"count":2,"href":"https:\/\/www.theibizatwiins.com\/de\/wp-json\/wp\/v2\/pages\/16265\/revisions"}],"predecessor-version":[{"id":16269,"href":"https:\/\/www.theibizatwiins.com\/de\/wp-json\/wp\/v2\/pages\/16265\/revisions\/16269"}],"up":[{"embeddable":true,"href":"https:\/\/www.theibizatwiins.com\/de\/wp-json\/wp\/v2\/pages\/16356"}],"wp:attachment":[{"href":"https:\/\/www.theibizatwiins.com\/de\/wp-json\/wp\/v2\/media?parent=16265"}],"curies":[{"name":"wp","href":"https:\/\/api.w.org\/{rel}","templated":true}]}}