{"id":16294,"date":"2025-10-28T12:59:47","date_gmt":"2025-10-28T11:59:47","guid":{"rendered":"https:\/\/www.theibizatwiins.com\/elevate-upper-level\/"},"modified":"2025-11-11T05:30:37","modified_gmt":"2025-11-11T04:30:37","slug":"elevate-upper-level","status":"publish","type":"page","link":"https:\/\/www.theibizatwiins.com\/de\/zimmer\/elevate-upper-level\/","title":{"rendered":"Elevate Upper Level"},"content":{"rendered":"<div class=\"wpb-content-wrapper\"><p>[vc_row full_width=&#8220;stretch_row_content&#8220; el_class=&#8220;cabecera&#8220; css=&#8220;.vc_custom_1567759894150{padding-top: 120px !important;padding-bottom: 50px !important;background-color: #133844 !important;}&#8220;][vc_column alignment=&#8220;right&#8220;][vc_row_inner css=&#8220;.vc_custom_1567753203496{padding-bottom: 50px !important;}&#8220; el_class=&#8220;content&#8220;][vc_column_inner][vc_custom_heading source=&#8220;post_title&#8220; font_container=&#8220;tag:h1|font_size:80|text_align:center|color:%23ffffff&#8220; el_class=&#8220;fmedium&#8220;][vc_custom_heading text=&#8220;Tauchen Sie ein in eine exklusive Atmosph\u00e4re, die selbst den anspruchsvollsten Kunden gerecht wird.&#8220; font_container=&#8220;tag:h2|font_size:40|text_align:center&#8220; css=&#8220;&#8220; el_class=&#8220;flightita white&#8220;][\/vc_column_inner][\/vc_row_inner][\/vc_column][\/vc_row][vc_row full_width=&#8220;stretch_row_content_no_spaces&#8220; full_height=&#8220;yes&#8220; css=&#8220;.vc_custom_1761652172036{background-image: url(https:\/\/www.theibizatwiins.com\/wp-content\/uploads\/2025\/10\/the_ibiza_twiins_elevate_upper_level-15.jpg?id=15990) !important;background-position: center !important;background-repeat: no-repeat !important;background-size: cover !important;}&#8220; el_class=&#8220;fullscreen&#8220;][vc_column][vc_empty_space][\/vc_column][\/vc_row][vc_row css=&#8220;.vc_custom_1567693784478{padding-top: 100px !important;padding-bottom: 100px !important;}&#8220; el_id=&#8220;room1&#8243;][vc_column width=&#8220;1\/2&#8243;][vc_single_image image=&#8220;15995&#8243; img_size=&#8220;full&#8220; css=&#8220;&#8220;][\/vc_column][vc_column width=&#8220;1\/2&#8243; css=&#8220;.vc_custom_1567693890153{padding-left: 40px !important;}&#8220;][vc_custom_heading text=&#8220;Elevate Upper Level&#8220; font_container=&#8220;tag:h2|font_size:70|text_align:left&#8220; css=&#8220;.vc_custom_1761651103675{margin-top: 30px !important;}&#8220; el_class=&#8220;flightita&#8220;][vc_column_text css=&#8220;&#8220;]Wenn Sie ein einzigartiges und au\u00dfergew\u00f6hnliches Erlebnis suchen, \u00f6ffnet Ihnen The Ibiza TwIIns die T\u00fcren zu seinen Elevate Upper Level-Zimmern, damit Sie in eine exklusivem Atmosph\u00e4re eintauchen k\u00f6nnen, die Sie nicht mehr verlassen m\u00f6chten. Die Terrasse mit beschr\u00e4nktem Zugang, The Upper Level, die Sie direkt von diesen komfortablen Zimmern aus erreichen k\u00f6nnen, wird zum Mittelpunkt eines Urlaubs, der unvergesslich sein wird.[\/vc_column_text][vc_raw_html]JTNDYSUyMGhyZWYlM0QlMjIlMjNidWNoZW4lMjIlMjBjbGFzcyUzRCUyMmJ0biUyMGJvb2tub3cyJTIyJTNFQnVjaGVuJTNDJTJGYSUzRQ==[\/vc_raw_html][\/vc_column][\/vc_row][vc_row full_width=&#8220;stretch_row_content_no_spaces&#8220; el_id=&#8220;galroom&#8220;][vc_column css=&#8220;.vc_custom_1761639311624{padding-right: 10% !important;padding-left: 10% !important;}&#8220;][vc_images_carousel images=&#8220;16016,16021,16031,16036,16006,16011,16026,16001&#8243; img_size=&#8220;full&#8220; onclick=&#8220;link_no&#8220; autoplay=&#8220;yes&#8220; hide_pagination_control=&#8220;yes&#8220; wrap=&#8220;yes&#8220; css=&#8220;&#8220;][\/vc_column][\/vc_row][vc_row equal_height=&#8220;yes&#8220; el_class=&#8220;roomcaracteristicas&#8220; css=&#8220;.vc_custom_1567757188632{padding-top: 100px !important;padding-bottom: 80px !important;}&#8220;][vc_column width=&#8220;1\/4&#8243; alignment=&#8220;center&#8220;][vc_raw_html]JTNDaW1nJTIwc3JjJTNEJTIyaHR0cHMlM0ElMkYlMkZ3d3cudGhlaWJpemF0d2lpbnMuY29tJTJGd3AtY29udGVudCUyRnRoZW1lcyUyRnR3aWlucyUyRmltYWdlcyUyRmktc3BhY2Uuc3ZnJTIyJTIwYWx0JTNEJTIyZ3JvYmUlMjIlM0U=[\/vc_raw_html][vc_column_text]<strong>Gr\u00f6\u00dfe<\/strong><\/p>\n<p>30 m\u00b2[\/vc_column_text][\/vc_column][vc_column width=&#8220;1\/4&#8243; alignment=&#8220;center&#8220;][vc_raw_html]JTNDaW1nJTIwc3JjJTNEJTIyaHR0cHMlM0ElMkYlMkZ3d3cudGhlaWJpemF0d2lpbnMuY29tJTJGd3AtY29udGVudCUyRnRoZW1lcyUyRnR3aWlucyUyRmltYWdlcyUyRmktcGVvcGxlLnN2ZyUyMiUyMGFsdCUzRCUyMnBlb3BsZSUyMiUzRQ==[\/vc_raw_html][vc_column_text css=&#8220;&#8220;]<strong>Belegung<\/strong><\/p>\n<p>Maximal 2 Erwachsene + 1 Kinder[\/vc_column_text][\/vc_column][vc_column width=&#8220;1\/4&#8243; alignment=&#8220;center&#8220;][vc_raw_html]JTNDaW1nJTIwc3JjJTNEJTIyaHR0cHMlM0ElMkYlMkZ3d3cudGhlaWJpemF0d2lpbnMuY29tJTJGd3AtY29udGVudCUyRnRoZW1lcyUyRnR3aWlucyUyRmltYWdlcyUyRmktYmVkLnN2ZyUyMiUyMGFsdCUzRCUyMmJlZCUyMiUzRQ==[\/vc_raw_html][vc_column_text css=&#8220;&#8220;]<strong>Betten<\/strong><\/p>\n<p>2 Betten (1 x 2m) oder Kingsize-Bett (2x2m)[\/vc_column_text][\/vc_column][vc_column width=&#8220;1\/4&#8243; alignment=&#8220;center&#8220;][vc_raw_html]JTNDaW1nJTIwc3JjJTNEJTIyaHR0cHMlM0ElMkYlMkZ3d3cudGhlaWJpemF0d2lpbnMuY29tJTJGd3AtY29udGVudCUyRnRoZW1lcyUyRnR3aWlucyUyRmltYWdlcyUyRnBvb2x2aWV3LnN2ZyUyMiUyMHdpZHRoJTNEJTIyODYlMjIlMjBhbHQlM0QlMjJwb29sdmlldyUyMiUzRQ==[\/vc_raw_html][vc_column_text]<strong>Blick<br \/>\n<\/strong><\/p>\n<p>Poolblick[\/vc_column_text][\/vc_column][\/vc_row][vc_row el_class=&#8220;roomcaracteristicas2&#8243;][vc_column width=&#8220;1\/3&#8243;][vc_column_text]<strong>Funktionen und Dienste<br \/>\n<\/strong>[\/vc_column_text][vc_column_text css=&#8220;&#8220; el_class=&#8220;lista-check&#8220;]Direkter Zugang zur Terrasse \u201eThe Upper Level\u201c.<\/p>\n<p>Klimaanlage<\/p>\n<p>Bademantel und Hausschuehe<\/p>\n<p>Balkon mit Zugang zur Sonnenterrasse mit Sonnenliegen und Sonnenschirme<\/p>\n<p>M\u00f6blierter Balkon<\/p>\n<p>Badezimmer mit Regendusche<\/p>\n<p>Elektronischer Safe<\/p>\n<p>Verdunkelungsvorh\u00e4nge<\/p>\n<p>Schreibtisch<\/p>\n<p>Spiegel mit Vergr\u00f6\u00dferung<\/p>\n<p>Ganzk\u00f6rperspiegel<\/p>\n<p>Minibar mit erster F\u00fcllung mit Erfrischungsgetr\u00e4nken und Snacks ohne Nachf\u00fcllung<\/p>\n<p>Room Service (gegen Aufpreis)<\/p>\n<p>F\u00f6hn<\/p>\n<p>Schlafsofa* (f\u00fcr einen dritten Gast verf\u00fcgbar).<\/p>\n<p>Telefon (gegen Aufpreis)<\/p>\n<p>Satelliten-TV<\/p>\n<p>Seitlicher Meerblick<\/p>\n<p>Spannung 220 V<\/p>\n<p>Kostenloses WLAN[\/vc_column_text][\/vc_column][vc_column width=&#8220;2\/3&#8243; css=&#8220;.vc_custom_1567758274295{margin-top: 100px !important;}&#8220;][vc_single_image image=&#8220;4655&#8243; img_size=&#8220;900&#215;700&#8243; css=&#8220;&#8220;][\/vc_column][\/vc_row][vc_row full_width=&#8220;stretch_row&#8220; css=&#8220;.vc_custom_1699887308632{margin-top: 100px !important;padding-top: 80px !important;padding-bottom: 80px !important;background-color: #133844 !important;}&#8220; el_id=&#8220;buchen&#8220; el_class=&#8220;reservaroom&#8220;][vc_column][vc_custom_heading text=&#8220;BUCHEN&#8220; font_container=&#8220;tag:h2|font_size:60|text_align:center|color:%23ffffff&#8220; el_class=&#8220;fmedium&#8220;][vc_column_text]<div id=\"buscadorslide\"><div id=\"roi-engine-container\" class=\"roi-engine-container\">\n\t\t\t\t    <div id=\"roi-engine-loading\" style=\"text-align: center; width: 100%; height: 113px; padding-top: 25px;\">\n\t\t\t\t        \n\t\t\t\t    <\/div>\n\t\t\t\t<\/div>\n\t\t\t\t<script>\n\t\t\t\t    (function(r,o,i){\n\t\t\t\t        var h=r.getElementsByTagName(o)[0],e=r.createElement(o);\n\t\t\t\t        e.src=\"https:\/\/ibizatwins.backhotelite.com\/de\/roi-widgets\/engine.js?lang=de\";\n\t\t\t\t        h.parentNode.insertBefore(e,h);\n\t\t\t\t    })(document,\"script\",\"\");\n\t\t\t\t<\/script><\/div>[\/vc_column_text][vc_column_text]<div id=\"contactmenu_room\">\n\t\t\t\t<div class=\"flightita\">Brauchen Sie Hilfe?<\/div>\n\t\t\t\t<div class=\"cregular\"><img decoding=\"async\" src=\"https:\/\/www.theibizatwiins.com\/wp-content\/themes\/twiins\/images\/icono-call-center.png\" alt=\"icono telefono\" class=\"pr-10\"><a href=\"tel:+34971943015 \" target=\"_blank\">+34 971 943 015<\/a><\/div>\n\t\t\t<\/div>[\/vc_column_text][\/vc_column][\/vc_row][vc_row full_width=&#8220;stretch_row&#8220; disable_element=&#8220;yes&#8220; css=&#8220;.vc_custom_1699887082337{margin-top: 100px !important;padding-top: 80px !important;padding-bottom: 80px !important;background-color: #133844 !important;}&#8220; el_class=&#8220;bookthisroom&#8220;][vc_column][vc_custom_heading text=&#8220;RESERVAR&#8220; font_container=&#8220;tag:h2|font_size:60|text_align:center|color:%23ffffff&#8220; el_class=&#8220;fmedium&#8220;][vc_column_text]<form id=\"\" name=\"\" method=\"get\" action=\"https:\/\/theibizatwiins.bookinweb.es\/de\/reserva\/\">\n\t\t\t\t \n\t\t\t\t <div class=\"ml_3pc\"><input type=\"text\" id=\"arrival2\" name=\"date_from\" placeholder=\"Anreise\" \/> <\/div>\n\t\t\t\t <div><input type=\"text\" id=\"departure2\" name=\"date_to\" placeholder=\"Abreise\"\/> <input type=\"hidden\" name=\"hotel\" value=\"19\"\/><input type=\"hidden\" name=\"no_hab\" value=\"1\"\/><\/div>\n\t\t\t\t <input type=\"submit\" class=\"btn\" value=\"Verf\u00fcgbarkeit anzeigen\">\n\t\t\t<\/form>\n\n\t\t\t<div id=\"contactmenu_room\">\n\t\t\t\t<div class=\"flightita\">Brauchen Sie Hilfe?<\/div>\n\t\t\t\t<div class=\"cregular\"><img decoding=\"async\" src=\"https:\/\/www.theibizatwiins.com\/wp-content\/uploads\/2019\/10\/ico-tel.png\" alt=\"icono telefono\"><a href=\"tel:+34971302158 \" target=\"_blank\">971 302 158<\/a><\/div>\n\t\t\t\t<div class=\"cregular dis_non\"><img decoding=\"async\" src=\"https:\/\/www.theibizatwiins.com\/wp-content\/uploads\/2019\/10\/ico-chat.png\" alt=\"icono chat\"><span>Chat \u00f6ffnen<\/span><\/div>\n\t\t\t<\/div>[\/vc_column_text][\/vc_column][\/vc_row][vc_row full_width=&#8220;stretch_row_content_no_spaces&#8220; content_placement=&#8220;bottom&#8220; el_class=&#8220;room&#8220; css=&#8220;.vc_custom_1567694978192{margin-top: 100px !important;margin-bottom: 100px !important;}&#8220;][vc_column width=&#8220;1\/4&#8243; alignment=&#8220;right&#8220;][vc_custom_heading text=&#8220;Otras habitaciones&#8220; font_container=&#8220;tag:h2|text_align:right&#8220; el_class=&#8220;vertical&#8220; link=&#8220;url:https%3A%2F%2Fwww.theibizatwiins.com%2Fhabitaciones%2F|||&#8220;][\/vc_column][vc_column width=&#8220;3\/4&#8243;][vc_column_text][mpc_carousel_posts single_scroll=&#8220;true&#8220; loop=&#8220;true&#8220; rows=&#8220;1&#8243; cols=&#8220;3&#8243; gap=&#8220;50&#8243; start_at=&#8220;1&#8243; post_type=&#8220;ids&#8220; ids=&#8220;143, 141, 139, 137, 133, 76, 270, 586&#8243; thumb_height=&#8220;650&#8243; mpc_button__disable=&#8220;true&#8220; mpc_button__mpc_tooltip__border_divider=&#8220;true&#8220; mpc_button__mpc_tooltip__padding_divider=&#8220;true&#8220; mpc_navigation__preset=&#8220;preset_0&#8243; mpc_navigation__prev_margin_divider=&#8220;true&#8220; mpc_navigation__next_margin_divider=&#8220;true&#8220; mpc_navigation__padding_divider=&#8220;true&#8220;][\/vc_column_text][\/vc_column][\/vc_row]<\/p>\n<\/div>","protected":false},"excerpt":{"rendered":"<p>[vc_row full_width=&#8220;stretch_row_content&#8220; el_class=&#8220;cabecera&#8220; css=&#8220;.vc_custom_1567759894150{padding-top: 120px !important;padding-bottom: 50px !important;background-color: #133844 !important;}&#8220;][vc_column alignment=&#8220;right&#8220;][vc_row_inner css=&#8220;.vc_custom_1567753203496{padding-bottom: 50px !important;}&#8220; el_class=&#8220;content&#8220;][vc_column_inner][vc_custom_heading source=&#8220;post_title&#8220; font_container=&#8220;tag:h1|font_size:80|text_align:center|color:%23ffffff&#8220; el_class=&#8220;fmedium&#8220;][vc_custom_heading text=&#8220;Tauchen Sie ein in eine exklusive Atmosph\u00e4re, die selbst den anspruchsvollsten Kunden gerecht wird.&#8220; font_container=&#8220;tag:h2|font_size:40|text_align:center&#8220; css=&#8220;&#8220; el_class=&#8220;flightita white&#8220;][\/vc_column_inner][\/vc_row_inner][\/vc_column][\/vc_row][vc_row full_width=&#8220;stretch_row_content_no_spaces&#8220; full_height=&#8220;yes&#8220; css=&#8220;.vc_custom_1761652172036{background-image: url(https:\/\/www.theibizatwiins.com\/wp-content\/uploads\/2025\/10\/the_ibiza_twiins_elevate_upper_level-15.jpg?id=15990) !important;background-position: center !important;background-repeat: no-repeat !important;background-size: cover !important;}&#8220; el_class=&#8220;fullscreen&#8220;][vc_column][vc_empty_space][\/vc_column][\/vc_row][vc_row css=&#8220;.vc_custom_1567693784478{padding-top: 100px !important;padding-bottom: 100px !important;}&#8220; el_id=&#8220;room1&#8243;][vc_column width=&#8220;1\/2&#8243;][vc_single_image [&hellip;]<\/p>\n","protected":false},"author":1,"featured_media":0,"parent":16356,"menu_order":0,"comment_status":"closed","ping_status":"closed","template":"","meta":{"_acf_changed":false,"footnotes":""},"class_list":["post-16294","page","type-page","status-publish","hentry"],"acf":[],"_links":{"self":[{"href":"https:\/\/www.theibizatwiins.com\/de\/wp-json\/wp\/v2\/pages\/16294","targetHints":{"allow":["GET"]}}],"collection":[{"href":"https:\/\/www.theibizatwiins.com\/de\/wp-json\/wp\/v2\/pages"}],"about":[{"href":"https:\/\/www.theibizatwiins.com\/de\/wp-json\/wp\/v2\/types\/page"}],"author":[{"embeddable":true,"href":"https:\/\/www.theibizatwiins.com\/de\/wp-json\/wp\/v2\/users\/1"}],"replies":[{"embeddable":true,"href":"https:\/\/www.theibizatwiins.com\/de\/wp-json\/wp\/v2\/comments?post=16294"}],"version-history":[{"count":2,"href":"https:\/\/www.theibizatwiins.com\/de\/wp-json\/wp\/v2\/pages\/16294\/revisions"}],"predecessor-version":[{"id":16299,"href":"https:\/\/www.theibizatwiins.com\/de\/wp-json\/wp\/v2\/pages\/16294\/revisions\/16299"}],"up":[{"embeddable":true,"href":"https:\/\/www.theibizatwiins.com\/de\/wp-json\/wp\/v2\/pages\/16356"}],"wp:attachment":[{"href":"https:\/\/www.theibizatwiins.com\/de\/wp-json\/wp\/v2\/media?parent=16294"}],"curies":[{"name":"wp","href":"https:\/\/api.w.org\/{rel}","templated":true}]}}