{"id":1831,"date":"2019-10-21T12:52:30","date_gmt":"2019-10-21T10:52:30","guid":{"rendered":"https:\/\/www.theibizatwiins.com\/condiciones-de-uso\/"},"modified":"2022-03-18T11:28:37","modified_gmt":"2022-03-18T10:28:37","slug":"nutzungsbedingungen","status":"publish","type":"page","link":"https:\/\/www.theibizatwiins.com\/de\/nutzungsbedingungen\/","title":{"rendered":"Nutzungsbedingungen"},"content":{"rendered":"<div class=\"wpb-content-wrapper\"><p>[vc_row full_width=&#8220;stretch_row_content&#8220; el_class=&#8220;cabecera&#8220; css=&#8220;.vc_custom_1567759894150{padding-top: 120px !important;padding-bottom: 50px !important;background-color: #133844 !important;}&#8220;][vc_column alignment=&#8220;right&#8220;][vc_row_inner css=&#8220;.vc_custom_1567753203496{padding-bottom: 50px !important;}&#8220; el_class=&#8220;content&#8220;][vc_column_inner][vc_custom_heading source=&#8220;post_title&#8220; font_container=&#8220;tag:h1|font_size:80|text_align:center|color:%23ffffff&#8220; el_class=&#8220;fmedium&#8220;][\/vc_column_inner][\/vc_row_inner][\/vc_column][\/vc_row][vc_row css=&#8220;.vc_custom_1570180100262{padding-right: 40px !important;padding-left: 40px !important;}&#8220; el_class=&#8220;contenido&#8220;][vc_column][vc_column_text]<strong>1. Einf\u00fchrung<\/strong><\/p>\n<p>Die Inhalte dieser Webseite sind Eigentum von SIRENIS SERVICE, S.L (nachfolgend TWIINS), nach der spanischen Gesetzgebung errichtete Handelsgesellschaft, mit Firmensitz in der C\/ Des Cubells, 32 in Ibiza (Spanien) und STEUERNUMMER B07910185, eingetragen ins Handelsregister von Ibiza in Band 79, Buch 79, Folio 133, Blatt IB-3834.<\/p>\n<p>Neben der Firmenanschrift wird den Benutzern die folgende E-Mail-Adresse zur Verf\u00fcgung gestellt, an die sie ihre W\u00fcnsche, Fragen oder Beschwerden richten k\u00f6nnen: <em>hello@theibizatwiins.com<\/em><\/p>\n<p>Die Nutzung der Webseite von TWIINS und der darin enthaltenen Produkte und Dienstleistungen erfordert von den Benutzern die Zustimmung zu diesen Allgemeinen Bedingungen und zu den Nutzungsbedingungen, die der neuesten aktualisierten Version entnommen werden, weshalb es wichtig ist, dass der Benutzer sie bei jedem Besuch der Seite liest, sowie zu allen spezifischen Bedingungen zu jedem Produkt bzw. jeder Dienstleistung.<\/p>\n<p>Das Unternehmen TWIINS stellt auf dieser Webseite Informationen im Zusammenhang mit der Art der Aktivit\u00e4ten, Produkte und Dienstleistungen zur Verf\u00fcgung, die es anbietet. Diese Webseite und die darin enthaltenen Inhalte liefern Informationen zu dem Hotelkomplex mit dem Namen THE IBIZA TWIINS, der von TWIINS verwaltet und betrieben wird. Indem Sie auf diese Webseite zugreifen und sie nutzen verpflichten Sie sich zur Einhaltung der unten aufgef\u00fchrten Bedingungen, weshalb es sich empfiehlt, diesen Abschnitt aufmerksam zu lesen, bevor Sie fortfahren. TWIINS beh\u00e4lt sich das Recht vor, einen Teil dieser Bedingungen jederzeit zu \u00e4ndern, modifizieren, erg\u00e4nzen oder streichen und \u00c4nderungen an den auf dieser Webseite vorgestellten Produkten oder Programmen ohne vorherige Ank\u00fcndigung vorzunehmen. Daher empfiehlt es sich, die Inhalte regelm\u00e4\u00dfig auf \u00c4nderungen zu \u00fcberpr\u00fcfen.<\/p>\n<p><strong>2. Nutzungsbeschr\u00e4nkung<\/strong><\/p>\n<p>Beschr\u00e4nkung auf die pers\u00f6nliche und nicht gewerbliche Nutzung. Diese Webseite ist f\u00fcr Ihre pers\u00f6nliche Nutzung, niemals f\u00fcr die gewerbliche Nutzung bestimmt. Es ist untersagt, weder die Inhalte dieser Webseite zu kopieren, verbreiten, weiterzuleiten, reproduzieren, ver\u00f6ffentlichen oder jegliche andere m\u00f6gliche Aktivit\u00e4t mit den Inhalten dieser Webseite durchzuf\u00fchren, noch die Quellen zu zitieren, au\u00dfer mit schriftlicher Genehmigung von TWIINS.<\/p>\n<p>Es ist untersagt, auf jedwede Weise f\u00fcr eigene Zwecke oder f\u00fcr Dritte eine Webseite zu erstellen oder zu gestalten, deren Domain mit einer der eingetragenen Marken von MATUR, S.L., SIRENIS SERVICE, S.L., oder einem zur Gruppe geh\u00f6renden Unternehmen identifiziert werden kann, einschlie\u00dflich der Eigennamen der Hotels.<\/p>\n<p><strong>3. Haftungsausschluss<\/strong><\/p>\n<p>TWIINS haftet nicht f\u00fcr Sch\u00e4den oder Nachteile, die aus dem Zugriff, der Nutzung oder dem Missbrauch der Inhalte der Webseite entstehen.<\/p>\n<p>Alle auf dieser Seite zur Verf\u00fcgung gestellten Informationen werden so wie sie sind zur Verf\u00fcgung gestellt, ohne ausdr\u00fcckliche oder implizite Garantien jedweder Art. TWIINS haftet f\u00fcr keinerlei Garantien in Bezug auf diese Information.<\/p>\n<p>Die rechtlichen Bestimmungen in einigen L\u00e4ndern erlauben den Ausschluss impliziter Garantien nicht, weshalb es m\u00f6glich ist, dass der angegeben Ausschluss f\u00fcr Sie nicht gilt.<\/p>\n<p>Die Nutzung dieser Webseite erfolgt auf eigene Gefahr. Aus diesem Grund sind weder TWIINS noch seine Vertreter oder Agenten verantwortlich f\u00fcr direkte oder indirekte, besondere oder kausale Verluste, Nachteile oder Sch\u00e4den, die in irgendeiner Weise mit dieser Seite in Zusammenhang stehen oder sich aus der Nutzung dieser Seite oder jedweder Informationen von TWIINS ergeben. Hiermit verzichten Sie auf die Erhebung jedweder Beschwerden gegen TWIINS, die sich aus der Nutzung dieser Seite oder jeglicher anderer auf dieser Webseite von TWIINS verf\u00fcgbarer Informationen ergeben.<\/p>\n<p><strong>4. Verantwortlichkeit f\u00fcr Inhalte<\/strong><\/p>\n<p>TWIINS haftet nicht f\u00fcr m\u00f6gliche Unstimmigkeiten, die zwischen der Version seiner Dokumente in Papierform und der auf seiner Website ver\u00f6ffentlichten, elektronischen Version auftreten k\u00f6nnen.<\/p>\n<p>Die auf dieser Webseite ver\u00f6ffentlichten Dokumente und Fotos k\u00f6nnen technische Unstimmigkeiten oder Rechtschreibfehler enthalten. Die Informationen werden regelm\u00e4\u00dfig aktualisiert. TWIINS kann jederzeit Verbesserungen oder \u00c4nderungen an den hier beschriebenen Produkten oder Programmen vornehmen.<\/p>\n<p>TWIINS haftet nicht f\u00fcr die Richtigkeit der Informationen, die nicht selbst angefertigt wurden und derjenigen Informationen aus anderen Quellen, auf die hingewiesen wird, weshalb auch keine Haftung f\u00fcr m\u00f6gliche Sch\u00e4den \u00fcbernommen wird, die sich aus der Nutzung dieser Informationen ergeben k\u00f6nnen.<\/p>\n<p><strong>5. Geistiges und Gewerbliches Eigentum<\/strong><\/p>\n<p>Die Inhalte der Webseite und der Name der Domain sind das Eigentum des Unternehmens TWIINS, dem die alleinige Aus\u00fcbung der jedweder Nutzungsrechte derselben zukommt, insbesondere der Rechte zur Reproduktion, Verbreitung, \u00f6ffentlichen \u00dcbermittlung und Transformation.<\/p>\n<p>Der Benutzer verpflichtet sich gem\u00e4\u00df dem spanischen Gesetz zum Schutz von geistigem Eigentum dazu, die Integrit\u00e4t des Werkes zu wahren und jegliche Deformierung, Modifizierung oder Verf\u00e4lschung zu unterbinden, die seine legitimen Interessen sch\u00e4digen oder sein Ansehen in Verruf bringen.<\/p>\n<p>Zudem verpflichtet er sich dazu, den Inhalt der Informationen auf der vorliegenden Seite nicht ohne schriftliche Genehmigung ihres Inhabers zu reproduzieren, kopieren, verbreiten oder zu ver\u00f6ffentlichen.<\/p>\n<p>Au\u00dferdem enth\u00e4lt und referenziert diese Seite eingetragene Marken, Patente, Markengeheimnisse, Technologien, Produkte, Verfahren und andere Eigentumsrechte von TWIINS oder Eigentum, f\u00fcr das TWIINS \u00fcber Nutzungslizenzen verf\u00fcgt.<\/p>\n<p>Es werden keinerlei Lizenzen oder Rechten an den eingetragenen Marken, Patenten, Markengeheimnissen, Technologien, Produkten, Verfahren und andere Eigentumsrechte von TWIINS oder Eigentum, f\u00fcr das TWIINS \u00fcber Nutzungslizenzen verf\u00fcgt, abgetreten. Alle Inhalte dieser Webseite, wie Texte, Grafiken, Logos, Symbole, Bilder, Datensammlungen usw., sind ausschlie\u00dfliches Eigentum von TWIINS.<\/p>\n<p>TWIINS beh\u00e4lt es sich vor, zivil- und\/oder strafrechtliche Ma\u00dfnahmen gegen physische oder juristische Personen und ihre Vertreter zu ergreifen, die gegen die vorliegenden rechtsg\u00fcltigen Nutzungsbestimmungen versto\u00dfen, insbesondere in Bezug auf Rechte an geistigem und gewerblichem Eigentum.<\/p>\n<p>Diese Webseite ist nicht f\u00fcr die Verbreitung, Nutzung oder den Zugriff durch Personen aus Gerichtbarkeiten bestimmt, in denen der Zugang zu dieser Webseite dazu f\u00fchren w\u00fcrde, dass TWIINS gegen irgendein Gesetz oder eine Bestimmung in dieser Gerichtbarkeit verst\u00f6\u00dft.<\/p>\n<p><strong>6. Links<\/strong><\/p>\n<p>TWIINS \u00fcbernimmt keinerlei Verantwortung f\u00fcr die in den Webseiten Dritter enthaltenen Informationen, die \u00fcber Links oder Suchmaschinen auf den Webseiten von TWIINS zu erreichen sind. Das Vorhandensein von Links auf der Webseite von TWIINS dient rein informativen Zwecken und stellt in keinem Fall einen Vorschlag, eine Einladung oder eine Empfehlung dar.<\/p>\n<p><strong>7. Weitere Bedingungen<\/strong><\/p>\n<p>Aufgrund der Nutzung der Webseite besteht zwischen TWIINS und dem Benutzer keinerlei Vereinbarung, Vertrag, Verpflichtung, Arbeitsverh\u00e4ltnis, Gesellschafts- oder Agenturverh\u00e4ltnis. Jegliche Rechte, die nicht ausdr\u00fccklich \u00fcbertragen werden, sind ausschlie\u00dflich TWIINS vorbehalten. Ausgenommen sind Online-Buchungen auf dieser Webseite, die vom spanischen Gesetz \u00fcber die Informationsgesellschaft und den elektronischen Handel und die zwecks Erf\u00fcllung des Vertrags zu befolgenden Formalit\u00e4ten reguliert werden.<\/p>\n<p>TWIINS \u00fcbernimmt keinerlei Verantwortung den Austausch von Informationen zwischen Benutzern \u00fcber seine Webseiten. Die Verantwortung f\u00fcr die auf den Webseiten dargestellten Informationen liegt bei ihren Urhebern.<\/p>\n<p><strong>8. Rechtsprechung: Anwendbares Recht<\/strong><\/p>\n<p>Jegliche sich aus dieser Webseite ergebenden Streitf\u00e4lle unterliegen spanischem Recht, weshalb die L\u00f6sung von Streitigkeiten die sich in Bezug auf die Nutzungsbedingungen mit den Benutzern ergeben k\u00f6nnen, sowie jeglichen anderen Forderungen im Zusammenhang mit den Inhalten und Dienstleistungen der Webseite von den Gerichten von Ibiza durchgef\u00fchrt wird. Dabei wird gem\u00e4\u00df spanischem Recht vorgegangen und die Parteien verzichten ausdr\u00fccklich auf jegliches andere Recht, dass ihnen zukommen k\u00f6nnte.[\/vc_column_text][\/vc_column][\/vc_row]<\/p>\n<\/div>","protected":false},"excerpt":{"rendered":"<p>[vc_row full_width=&#8220;stretch_row_content&#8220; el_class=&#8220;cabecera&#8220; css=&#8220;.vc_custom_1567759894150{padding-top: 120px !important;padding-bottom: 50px !important;background-color: #133844 !important;}&#8220;][vc_column alignment=&#8220;right&#8220;][vc_row_inner css=&#8220;.vc_custom_1567753203496{padding-bottom: 50px !important;}&#8220; el_class=&#8220;content&#8220;][vc_column_inner][vc_custom_heading source=&#8220;post_title&#8220; font_container=&#8220;tag:h1|font_size:80|text_align:center|color:%23ffffff&#8220; el_class=&#8220;fmedium&#8220;][\/vc_column_inner][\/vc_row_inner][\/vc_column][\/vc_row][vc_row css=&#8220;.vc_custom_1570180100262{padding-right: 40px !important;padding-left: 40px !important;}&#8220; el_class=&#8220;contenido&#8220;][vc_column][vc_column_text]1. Einf\u00fchrung Die Inhalte dieser Webseite sind Eigentum von SIRENIS SERVICE, S.L (nachfolgend TWIINS), nach der spanischen Gesetzgebung errichtete Handelsgesellschaft, mit Firmensitz in der C\/ Des Cubells, 32 in Ibiza (Spanien) und [&hellip;]<\/p>\n","protected":false},"author":1,"featured_media":0,"parent":0,"menu_order":0,"comment_status":"closed","ping_status":"closed","template":"","meta":{"_acf_changed":false,"footnotes":""},"class_list":["post-1831","page","type-page","status-publish","hentry"],"acf":[],"_links":{"self":[{"href":"https:\/\/www.theibizatwiins.com\/de\/wp-json\/wp\/v2\/pages\/1831","targetHints":{"allow":["GET"]}}],"collection":[{"href":"https:\/\/www.theibizatwiins.com\/de\/wp-json\/wp\/v2\/pages"}],"about":[{"href":"https:\/\/www.theibizatwiins.com\/de\/wp-json\/wp\/v2\/types\/page"}],"author":[{"embeddable":true,"href":"https:\/\/www.theibizatwiins.com\/de\/wp-json\/wp\/v2\/users\/1"}],"replies":[{"embeddable":true,"href":"https:\/\/www.theibizatwiins.com\/de\/wp-json\/wp\/v2\/comments?post=1831"}],"version-history":[{"count":5,"href":"https:\/\/www.theibizatwiins.com\/de\/wp-json\/wp\/v2\/pages\/1831\/revisions"}],"predecessor-version":[{"id":4331,"href":"https:\/\/www.theibizatwiins.com\/de\/wp-json\/wp\/v2\/pages\/1831\/revisions\/4331"}],"wp:attachment":[{"href":"https:\/\/www.theibizatwiins.com\/de\/wp-json\/wp\/v2\/media?parent=1831"}],"curies":[{"name":"wp","href":"https:\/\/api.w.org\/{rel}","templated":true}]}}