{"id":1856,"date":"2019-10-03T16:52:20","date_gmt":"2019-10-03T14:52:20","guid":{"rendered":"https:\/\/www.theibizatwiins.com\/politica-de-cookies\/"},"modified":"2024-03-18T12:03:53","modified_gmt":"2024-03-18T11:03:53","slug":"cookies-richtlinie","status":"publish","type":"page","link":"https:\/\/www.theibizatwiins.com\/de\/cookies-richtlinie\/","title":{"rendered":"Cookies-Richtlinie"},"content":{"rendered":"<div class=\"wpb-content-wrapper\"><p>[vc_row full_width=&#8220;stretch_row_content&#8220; el_class=&#8220;cabecera&#8220; css=&#8220;.vc_custom_1567759894150{padding-top: 120px !important;padding-bottom: 50px !important;background-color: #133844 !important;}&#8220;][vc_column alignment=&#8220;right&#8220;][vc_row_inner css=&#8220;.vc_custom_1567753203496{padding-bottom: 50px !important;}&#8220; el_class=&#8220;content&#8220;][vc_column_inner][vc_custom_heading source=&#8220;post_title&#8220; font_container=&#8220;tag:h1|font_size:80|text_align:center|color:%23ffffff&#8220; el_class=&#8220;fmedium&#8220;][\/vc_column_inner][\/vc_row_inner][\/vc_column][\/vc_row][vc_row css=&#8220;.vc_custom_1570180100262{padding-right: 40px !important;padding-left: 40px !important;}&#8220; el_class=&#8220;contenido&#8220;][vc_column][vc_column_text]<strong>Was sind Cookies?<\/strong><\/p>\n<p>Ein Cookie ist eine Datei, die beim Zugriff auf bestimmte Websites auf Ihren Computer heruntergeladen wird. Die Cookies erm\u00f6glichen es einer Website, unter anderem, Informationen \u00fcber die Surf-Gewohnheiten eines Users oder dessen Ger\u00e4te zu speichern und abzurufen und diese abh\u00e4ngig von den darin enthaltenen Informationen und der Art und Weise, wie der User seine Ger\u00e4te nutzt, zur Wiedererkennung des Users verwenden.<\/p>\n<p><strong>Wozu dienen Cookies auf dieser Website und um welche Cookies handelt es sich?<\/strong><\/p>\n<p>Diese Website verwendet Cookies f\u00fcr mehrere Zwecke, einschlie\u00dflich:<\/p>\n<ul>\n<li>Analytische Cookies: sind Cookies, die von uns oder von Dritten verwendet und verarbeitet werden und die uns erm\u00f6glichen, die Anzahl der User auszuwerten und somit die Messung und statistische Auswertung der Nutzung durch die User durchf\u00fchren. Um dies zu tun, analysieren wir Ihr Surfen auf unserer Website, um die Usererfahrung zu verbessern.<\/li>\n<li>Technische Cookies: sind diejenigen, die dem User das Surfen auf einer Website oder in einer App und die Nutzung verschiedener Optionen oder Dienste auf der Website erlauben. Zum Beispiel: die Kontrolle des Verkehrs und die Daten\u00fcbermittlung, die Identifizierung der Sitzung, der Zugriff auf Inhalte und Teile einer Website mit eingeschr\u00e4nktem Zugriff, das Erinnern an Elemente einer Bestellung, die Eintragung f\u00fcr eine Veranstaltung oder die Teilnahme an ihr, die Nutzung von Sicherheitselementen w\u00e4hrend des Surfens und das Speichern von Inhalten f\u00fcr die Verbreitung von Videos oder Tonspuren.<\/li>\n<li>Personalisierungs-Cookies: sind diejenigen, dank denen der User auf den Dienst mit einigen vordefinierten generellen Merkmalen in seinem Endger\u00e4t oder vom User definierten Merkmalen, zugreifen kann. Zum Beispiel: die Sprache, der Browser-Typ, \u00fcber den der User auf den Dienst zugreift, das ausgew\u00e4hlte Inhaltsdesign, die Geolokalisierung des Endger\u00e4ts und die Konfiguration der Region, von der aus auf den Dienst zugegriffen wird.<\/li>\n<li>Werbe-Cookies: sind diejenigen, die eine effiziente Verwaltung von Werbefl\u00e4chen auf einer Website oder in einer App, die den Dienst anbieten, erm\u00f6glichen. Dank ihnen, k\u00f6nnen die Werbeinhalte so angepasst werden, dass sie f\u00fcr den User relevant sind und die Anzeigen, die der User bereits gesehen hat, k\u00f6nnen vermieden werden.<\/li>\n<li>Pr\u00e4ferenz-Cookies: dank diesen Cookies merken sich unsere Websites Informationen, die das Aussehen oder das Verhalten der Website steuern, wie z.B. Ihre bevorzugte Sprache oder die Region, in der Sie sich befinden. Der Cookie merkt sich z.B. Ihre Region und so k\u00f6nnen Ihnen lokale Verkehrsmeldungen oder aktuelles Wetter und Wetterprognosen angezeigt werden. Diese Cookies erm\u00f6glichen Ihnen auch, die Textgr\u00f6\u00dfe, die Schriftart und andere Teile der Websites, welche Sie nach pers\u00f6nlichen Pr\u00e4ferenzen anpassen k\u00f6nnen, zu \u00e4ndern.<\/li>\n<\/ul>\n<p><strong>Hinweis:<\/strong> &#8222;Eigene&#8220; Cookies werden nur vom Eigent\u00fcmer dieser Website verwendet und \u201eDrittanbieter\u201c-Cookies werden von dem Dienstanbieter verwendet, der im Cookie-Konfigurationsfeld aufgef\u00fchrt ist.<\/p>\n<p>Sie k\u00f6nnen die Einzelheiten der verwendeten Cookies und die Identit\u00e4t der Drittanbieter in der Dropdown-Liste \u201eCookies festlegen\u201c im Konfigurationsbereich des Cookie-Banners einsehen.<\/p>\n<p>Bitte beachten Sie, dass Sie, wenn Sie Cookies von Drittanbietern akzeptieren, diese aus den Browseroptionen oder aus dem vom Drittanbieter selbst angebotenen System l\u00f6schen m\u00fcssen.<\/p>\n<p><strong>Wie kann ich diese Cookies deaktivieren oder l\u00f6schen?<\/strong><\/p>\n<p>Sie k\u00f6nnen die auf Ihrem Computer installierten Cookies zulassen, blockieren oder l\u00f6schen, indem Sie die auf Ihrem Computer installierten Browseroptionen konfigurieren:<\/p>\n<p>Firefox<br \/>\n<a href=\"https:\/\/support.mozilla.org\/de\/kb\/cookies-erlauben-und-ablehnen\">https:\/\/support.mozilla.org\/de\/kb\/cookies-erlauben-und-ablehnen<\/a><\/p>\n<p>Chrome<br \/>\n<a href=\"https:\/\/support.google.com\/chrome\/answer\/95647?hl=de\">https:\/\/support.google.com\/chrome\/answer\/95647?hl=de<\/a><\/p>\n<p>Explorer<br \/>\n<a href=\"https:\/\/windows.microsoft.com\/es-es\/windows7\/how-to-manage-cookies-in-internet-explorer-9\">http:\/\/windows.microsoft.com\/es-es\/windows7\/how-to-manage-cookies-in-internet-explorer-9<\/a><\/p>\n<p>Safari<br \/>\n<a href=\"https:\/\/support.apple.com\/kb\/ph5042\">http:\/\/support.apple.com\/kb\/ph5042<\/a><\/p>\n<p>Opera<br \/>\n<a href=\"https:\/\/help.opera.com\/en\/latest\/web-preferences\/#cookies\">https:\/\/help.opera.com\/en\/latest\/web-preferences\/#cookies<\/a><\/p>\n<p>Andere Browser<br \/>\n\u00dcberpr\u00fcfen Sie die Dokumentation Ihres installierten Browsers.<\/p>\n<p>Browser-Add-on zur Deaktivierung von Google Analytics<\/p>\n<p>Wenn Sie die analytischen Cookies von Google Analytics in allen Browsern ablehnen m\u00f6chten, damit Ihre Daten nicht an Google Analytics gesendet werden, k\u00f6nnen Sie \u00fcber diesen Link ein Add-on herunterladen, das diese Funktion ausf\u00fchrt: https:\/\/tools.google.com\/dlpage\/gaoptout.<\/p>\n<p>Weitere Informationen zum Datenschutz finden Sie in unserer <a href=\"https:\/\/www.theibizatwiins.com\/de\/datenschutzpolitik\/\" target=\"_blank\" rel=\"noopener\">Datenschutzerkl\u00e4rung<\/a>.<br \/>\n[\/vc_column_text][\/vc_column][\/vc_row]<\/p>\n<\/div>","protected":false},"excerpt":{"rendered":"<p>[vc_row full_width=&#8220;stretch_row_content&#8220; el_class=&#8220;cabecera&#8220; css=&#8220;.vc_custom_1567759894150{padding-top: 120px !important;padding-bottom: 50px !important;background-color: #133844 !important;}&#8220;][vc_column alignment=&#8220;right&#8220;][vc_row_inner css=&#8220;.vc_custom_1567753203496{padding-bottom: 50px !important;}&#8220; el_class=&#8220;content&#8220;][vc_column_inner][vc_custom_heading source=&#8220;post_title&#8220; font_container=&#8220;tag:h1|font_size:80|text_align:center|color:%23ffffff&#8220; el_class=&#8220;fmedium&#8220;][\/vc_column_inner][\/vc_row_inner][\/vc_column][\/vc_row][vc_row css=&#8220;.vc_custom_1570180100262{padding-right: 40px !important;padding-left: 40px !important;}&#8220; el_class=&#8220;contenido&#8220;][vc_column][vc_column_text]Was sind Cookies? Ein Cookie ist eine Datei, die beim Zugriff auf bestimmte Websites auf Ihren Computer heruntergeladen wird. Die Cookies erm\u00f6glichen es einer Website, unter anderem, Informationen \u00fcber die Surf-Gewohnheiten eines [&hellip;]<\/p>\n","protected":false},"author":1,"featured_media":0,"parent":0,"menu_order":0,"comment_status":"closed","ping_status":"closed","template":"","meta":{"_acf_changed":false,"footnotes":""},"class_list":["post-1856","page","type-page","status-publish","hentry"],"acf":[],"_links":{"self":[{"href":"https:\/\/www.theibizatwiins.com\/de\/wp-json\/wp\/v2\/pages\/1856","targetHints":{"allow":["GET"]}}],"collection":[{"href":"https:\/\/www.theibizatwiins.com\/de\/wp-json\/wp\/v2\/pages"}],"about":[{"href":"https:\/\/www.theibizatwiins.com\/de\/wp-json\/wp\/v2\/types\/page"}],"author":[{"embeddable":true,"href":"https:\/\/www.theibizatwiins.com\/de\/wp-json\/wp\/v2\/users\/1"}],"replies":[{"embeddable":true,"href":"https:\/\/www.theibizatwiins.com\/de\/wp-json\/wp\/v2\/comments?post=1856"}],"version-history":[{"count":3,"href":"https:\/\/www.theibizatwiins.com\/de\/wp-json\/wp\/v2\/pages\/1856\/revisions"}],"predecessor-version":[{"id":1861,"href":"https:\/\/www.theibizatwiins.com\/de\/wp-json\/wp\/v2\/pages\/1856\/revisions\/1861"}],"wp:attachment":[{"href":"https:\/\/www.theibizatwiins.com\/de\/wp-json\/wp\/v2\/media?parent=1856"}],"curies":[{"name":"wp","href":"https:\/\/api.w.org\/{rel}","templated":true}]}}