{"id":1961,"date":"2019-09-02T13:49:12","date_gmt":"2019-09-02T11:49:12","guid":{"rendered":"https:\/\/www.theibizatwiins.com\/hotel\/"},"modified":"2025-07-23T13:51:56","modified_gmt":"2025-07-23T11:51:56","slug":"hotel","status":"publish","type":"page","link":"https:\/\/www.theibizatwiins.com\/de\/hotel\/","title":{"rendered":"Hotel"},"content":{"rendered":"<div class=\"wpb-content-wrapper\"><p>[vc_row full_width=&#8220;stretch_row_content_no_spaces&#8220;][vc_column][\/vc_column][\/vc_row][vc_row css=&#8220;.vc_custom_1567675172646{padding-top: 80px !important;padding-bottom: 120px !important;}&#8220; el_id=&#8220;core1&#8243;][vc_column][vc_column_text el_class=&#8220;flightita&#8220;]Das Twiins ist ein neuartiges Hotelkonzept, mi dem Sie den wahren Charakter der Insel entdecken k\u00f6nnen. Jeder Winkel dieses resorts wird Sie dank innovativer Technik und einer Reihe an interaktiven Inhalten, mit denen Sie das unermessliche kulturelle und nat\u00fcrliche Erbe Ibizas erkunden k\u00f6nnen, in Erstaunen versetzen.<\/p>\n<p>[\/vc_column_text][vc_video link=&#8220;https:\/\/vimeo.com\/448859840&#8243;][\/vc_column][\/vc_row][vc_row full_width=&#8220;stretch_row&#8220; css=&#8220;.vc_custom_1571152508526{padding-top: 100px !important;padding-bottom: 100px !important;background-color: #e6e7e1 !important;}&#8220; el_id=&#8220;hotel2&#8243;][vc_column][vc_row_inner el_class=&#8220;cuadrohotel&#8220;][vc_column_inner width=&#8220;1\/2&#8243; css=&#8220;.vc_custom_1571298175251{padding-top: 60px !important;padding-right: 60px !important;padding-bottom: 60px !important;padding-left: 60px !important;background-color: #ffffff !important;}&#8220;][vc_column_text]<\/p>\n<h2>The Compass<\/h2>\n<p>Das Twiins stellt Ihnen The Compass zur Verf\u00fcgung: ein Erlebnisprogramm mit vielf\u00e4ltigen Inhalten, die Ihnen das authentische Gesicht von Ibiza n\u00e4herbringen. Dank The Compass beginnt Ihr Abenteuer bereits vor Ihrer Ankunft, mit Erlebnissen, die geschaffen wurden, um Ihren Urlaub ganz an Ihre W\u00fcnsche anzupassen, damit Sie eine v\u00f6llig neue Art des Reisens erleben.[\/vc_column_text][vc_raw_html el_class=&#8220;btn_flecha enblack&#8220;]JTNDYSUyMGhyZWYlM0QlMjJodHRwcyUzQSUyRiUyRnd3dy50aGVpYml6YXR3aWlucy5jb20lMkZkZSUyRnRoZS1jb21wYXNzJTJGJTIyJTIwdGFyZ2V0JTNEJTIyX2JsYW5rJTIyJTNFJTNDc3BhbiUzRUVybGVibmlzJTNDJTJGc3BhbiUzRSUyMCUzQ2klMjBjbGFzcyUzRCUyMmljb25yaWdodCUyMiUzRSUzQyUyRmklM0UlM0MlMkZhJTNF[\/vc_raw_html][\/vc_column_inner][vc_column_inner width=&#8220;1\/2&#8243;][vc_single_image image=&#8220;959&#8243; img_size=&#8220;large&#8220;][\/vc_column_inner][\/vc_row_inner][vc_row_inner css=&#8220;.vc_custom_1571152403427{padding-top: 100px !important;}&#8220; el_class=&#8220;cuadrohotel2&#8243;][vc_column_inner width=&#8220;1\/2&#8243;][vc_single_image image=&#8220;4065&#8243; img_size=&#8220;large&#8220;][\/vc_column_inner][vc_column_inner width=&#8220;1\/2&#8243; css=&#8220;.vc_custom_1571298326104{padding-top: 60px !important;padding-right: 60px !important;padding-bottom: 60px !important;padding-left: 60px !important;background-color: #ffffff !important;}&#8220;][vc_column_text]<\/p>\n<h2>Gastronomie<\/h2>\n<p>Im Bereich der Gastronomie laden Sie sechs verschiedene Angebote dazu ein, die endlose Vielfalt an internationalen Aromen und Kochstilen zu verk\u00f6stigen. Das Twiins verf\u00fcgt au\u00dferdem \u00fcber weitl\u00e4ufige Freiluftterrassen, einen Pool mit H\u00e4ngematten, direkten Zugang zu dem ber\u00fchmten Strand Playa d\u2018en Bossa und unz\u00e4hlige verschiedene Aktivit\u00e4ten, die Tag f\u00fcr Tag angeboten werden. Und f\u00fcr unsere anspruchsvollsten G\u00e4ste verf\u00fcgen wir \u00fcber eine exklusive Privatterrasse mit Schwimmbecken und Solarium. All dies eingebettet in die atemberaubende Kulisse von Ibiza.[\/vc_column_text][vc_raw_html el_class=&#8220;btn_flecha enblack&#8220;]JTNDYSUyMGhyZWYlM0QlMjJodHRwcyUzQSUyRiUyRnd3dy50aGVpYml6YXR3aWlucy5jb20lMkZkZSUyRmdhc3Ryb25vbWllJTJGJTIyJTIwdGFyZ2V0JTNEJTIyX2JsYW5rJTIyJTNFJTNDc3BhbiUzRUdhc3Ryb25vbWlzY2hlcyUyMEFuZ2Vib3QlM0MlMkZzcGFuJTNFJTIwJTNDaSUyMGNsYXNzJTNEJTIyaWNvbnJpZ2h0JTIyJTNFJTNDJTJGaSUzRSUzQyUyRmElM0U=[\/vc_raw_html][\/vc_column_inner][\/vc_row_inner][\/vc_column][\/vc_row][vc_row css=&#8220;.vc_custom_1571153795107{padding-top: 80px !important;padding-bottom: 80px !important;}&#8220; el_id=&#8220;hotel3&#8243;][vc_column alignment=&#8220;center&#8220;][vc_custom_heading text=&#8220;Events mit Herz und Seele&#8220; font_container=&#8220;tag:h2|font_size:60|text_align:center&#8220; use_theme_fonts=&#8220;yes&#8220; el_class=&#8220;fmedium&#8220;][vc_column_text el_class=&#8220;flight&#8220;]F\u00fcr Ihre Veranstaltungen suchen Sie nicht nur nach einem ausgezeichneten Service, den besten Einrichtungen und einem herausragenden gastronomischen Angebot: Sie m\u00f6chten Ihren G\u00e4sten auch ein au\u00dfergew\u00f6hnliches Erlebnis bieten, das diesen Tag zu einer unvergesslichen Erinnerung machen wird.<\/p>\n<p>Das am Strand von Playa d\u2018en Bossa, zehn Autominuten vom Flughafen und nur f\u00fcnf Minuten von Ibiza-Stadt entfernt, gelegene The Ibiza Twiins ist der ideale Ort, um Kongresse, Ausstellungen, Zusammenk\u00fcnfte und Hochzeiten aller Art zu veranstalten. Unsere Einrichtungen f\u00fcr Events sind mit modernster Technik und flexibel anpassbaren R\u00e4umen ausgestattet, die ganz auf die Bed\u00fcrfnisse des jeweiligen Anlasses zugeschnitten werden k\u00f6nnen. Das moderne und herzliche Ambiente der Twiins verleiht Ihrer Veranstaltung den besonderen Touch.<br \/>\n[\/vc_column_text][\/vc_column][\/vc_row][vc_row full_width=&#8220;stretch_row_content_no_spaces&#8220; full_height=&#8220;yes&#8220; el_class=&#8220;fullscreen&#8220; css=&#8220;.vc_custom_1597744085096{background-image: url(https:\/\/www.theibizatwiins.com\/wp-content\/uploads\/2020\/08\/Twiins-194-1.jpg?id=4068) !important;background-position: center !important;background-repeat: no-repeat !important;background-size: cover !important;}&#8220;][vc_column][\/vc_column][\/vc_row][vc_row full_width=&#8220;stretch_row_content_no_spaces&#8220;][vc_column width=&#8220;1\/2&#8243; css=&#8220;.vc_custom_1571905473183{padding-top: 0px !important;}&#8220;][vc_single_image image=&#8220;4086&#8243; img_size=&#8220;full&#8220;][\/vc_column][vc_column width=&#8220;1\/2&#8243; css=&#8220;.vc_custom_1571905478901{padding-top: 0px !important;}&#8220;][vc_single_image image=&#8220;4091&#8243; img_size=&#8220;full&#8220;][\/vc_column][\/vc_row]<\/p>\n<\/div>","protected":false},"excerpt":{"rendered":"<p>[vc_row full_width=&#8220;stretch_row_content_no_spaces&#8220;][vc_column][\/vc_column][\/vc_row][vc_row css=&#8220;.vc_custom_1567675172646{padding-top: 80px !important;padding-bottom: 120px !important;}&#8220; el_id=&#8220;core1&#8243;][vc_column][vc_column_text el_class=&#8220;flightita&#8220;]Das Twiins ist ein neuartiges Hotelkonzept, mi dem Sie den wahren Charakter der Insel entdecken k\u00f6nnen. Jeder Winkel dieses resorts wird Sie dank innovativer Technik und einer Reihe an interaktiven Inhalten, mit denen Sie das unermessliche kulturelle und nat\u00fcrliche Erbe Ibizas erkunden k\u00f6nnen, in Erstaunen versetzen. [\/vc_column_text][vc_video [&hellip;]<\/p>\n","protected":false},"author":1,"featured_media":0,"parent":0,"menu_order":0,"comment_status":"closed","ping_status":"closed","template":"","meta":{"_acf_changed":false,"footnotes":""},"class_list":["post-1961","page","type-page","status-publish","hentry"],"acf":[],"_links":{"self":[{"href":"https:\/\/www.theibizatwiins.com\/de\/wp-json\/wp\/v2\/pages\/1961","targetHints":{"allow":["GET"]}}],"collection":[{"href":"https:\/\/www.theibizatwiins.com\/de\/wp-json\/wp\/v2\/pages"}],"about":[{"href":"https:\/\/www.theibizatwiins.com\/de\/wp-json\/wp\/v2\/types\/page"}],"author":[{"embeddable":true,"href":"https:\/\/www.theibizatwiins.com\/de\/wp-json\/wp\/v2\/users\/1"}],"replies":[{"embeddable":true,"href":"https:\/\/www.theibizatwiins.com\/de\/wp-json\/wp\/v2\/comments?post=1961"}],"version-history":[{"count":14,"href":"https:\/\/www.theibizatwiins.com\/de\/wp-json\/wp\/v2\/pages\/1961\/revisions"}],"predecessor-version":[{"id":4860,"href":"https:\/\/www.theibizatwiins.com\/de\/wp-json\/wp\/v2\/pages\/1961\/revisions\/4860"}],"wp:attachment":[{"href":"https:\/\/www.theibizatwiins.com\/de\/wp-json\/wp\/v2\/media?parent=1961"}],"curies":[{"name":"wp","href":"https:\/\/api.w.org\/{rel}","templated":true}]}}