{"id":3417,"date":"2020-03-05T13:09:44","date_gmt":"2020-03-05T12:09:44","guid":{"rendered":"https:\/\/www.theibizatwiins.com\/todo-incluido\/"},"modified":"2025-07-17T13:17:07","modified_gmt":"2025-07-17T11:17:07","slug":"all-inclusive","status":"publish","type":"page","link":"https:\/\/www.theibizatwiins.com\/de\/all-inclusive\/","title":{"rendered":"All Inclusive"},"content":{"rendered":"<div class=\"wpb-content-wrapper\"><p>[vc_row full_width=&#8220;stretch_row_content_no_spaces&#8220;][vc_column][\/vc_column][\/vc_row][vc_row css=&#8220;.vc_custom_1567675172646{padding-top: 80px !important;padding-bottom: 120px !important;}&#8220; el_id=&#8220;core1&#8243;][vc_column][vc_column_text el_class=&#8220;flightita&#8220;]Die abwechslungsreichen Men\u00fcs der Restaurants <strong>La Sal<\/strong> und <strong>El Embarcadero<\/strong> pr\u00e4sentieren lokale, nationale und internationale Gerichte, die auf Tradition basieren, aber moderne Akzente setzen, wobei die Qualit\u00e4t und Frische der Produkte, die wir f\u00fcr die einzelnen Gerichte verwenden, wesentlich ist.<\/p>\n<p>Fr\u00fchst\u00fcck, Mittag- und Abendessen mit thematischen Stationen und einer gro\u00dfen Auswahl an Getr\u00e4nken, die zu den jeweiligen Gerichten passen, bringen Sie in den Genuss, sich w\u00e4hrend Ihres Urlaubs auf Ibiza in ein entspanntes Gespr\u00e4ch mit den Ihren zu vertiefen. Es ist erwiesen, dass einige der besten Erinnerungen an einem Tisch entstehen&#8230; Meinen Sie nicht auch?[\/vc_column_text][\/vc_column][\/vc_row][vc_row full_width=&#8220;stretch_row&#8220; css=&#8220;.vc_custom_1571904724018{padding-top: 100px !important;padding-bottom: 100px !important;background-color: #e6e7e1 !important;}&#8220; el_id=&#8220;hotel2&#8243; el_class=&#8220;bloquebodas&#8220;][vc_column][vc_row_inner el_class=&#8220;cuadrohotel&#8220;][vc_column_inner width=&#8220;1\/2&#8243; css=&#8220;.vc_custom_1571905822372{background-color: #ffffff !important;}&#8220;][vc_column_text css=&#8220;.vc_custom_1647610242067{padding-top: 60px !important;padding-right: 60px !important;padding-bottom: 60px !important;padding-left: 60px !important;}&#8220;]Auf Ibiza erwarten Sie lange Tage mit Sonne, Strand und Pool. Darum gibt es keine bessere Art, diese Momente der Entspannung und des Vergn\u00fcgens zu begleiten, als die <strong>Snack Bar La Cascada<\/strong>.<\/p>\n<p>Wir bitten Ihnen eine umfangreiche\u00a0Speisekarte mit warmen und kalten Snacks, die von 12:00 Uhr bis 17:00 Uhr serviert werden, und warmen und kalten Getr\u00e4nken mit und ohne Alkohol einschlie\u00dflich einer sorgf\u00e4ltigen Auswahl an Cocktails, die von 10:00 Uhr bis Mitternacht bestellt werden k\u00f6nnen.[\/vc_column_text][\/vc_column_inner][vc_column_inner width=&#8220;1\/2&#8243;][vc_single_image image=&#8220;3362&#8243; img_size=&#8220;large&#8220;][\/vc_column_inner][\/vc_row_inner][vc_row_inner css=&#8220;.vc_custom_1571152403427{padding-top: 100px !important;}&#8220; el_class=&#8220;cuadrohotel2&#8243;][vc_column_inner width=&#8220;1\/2&#8243;][vc_single_image image=&#8220;4166&#8243; img_size=&#8220;large&#8220;][\/vc_column_inner][vc_column_inner width=&#8220;1\/2&#8243; css=&#8220;.vc_custom_1571905840020{background-color: #ffffff !important;}&#8220;][vc_column_text css=&#8220;.vc_custom_1588151357905{padding-top: 60px !important;padding-right: 60px !important;padding-bottom: 60px !important;padding-left: 60px !important;}&#8220;]Wenn Sie eine gesunde Lebensweise und eine ausgewogene Ern\u00e4hrung lieben und w\u00e4hrend Ihres Urlaubs nicht auf k\u00f6rperliche Aktivit\u00e4t verzichten k\u00f6nnen&#8230; bieten wir Ihnen einen zus\u00e4tzlichen Detox-Service an, der sich an die zus\u00e4tzliche Energie anpasst, die Ihr K\u00f6rper w\u00e4hrend Ihres Aufenthalts im Twiins verbrennt.<\/p>\n<p>Der <strong>Healthy Point<\/strong> in der Lobby des Joy-Geb\u00e4udes bietet zwischen 12:00 Uhr und 18:30 Uhr eine gro\u00dfe Auswahl an Kaffee, Tee, nat\u00fcrlichen S\u00e4ften und frischen Obst- und Gem\u00fcseshakes.[\/vc_column_text][\/vc_column_inner][\/vc_row_inner][\/vc_column][\/vc_row][vc_row css=&#8220;.vc_custom_1583410778513{padding-top: 80px !important;padding-bottom: 120px !important;}&#8220; el_id=&#8220;b2tincluido&#8220;][vc_column][vc_column_text el_class=&#8220;flightita&#8220;]Die <strong>Joy Lounge Bar<\/strong> und die <strong>Life Lounge Bar<\/strong> werden zum unverzichtbaren Treffpunkt vor und nach dem Abendessen. R\u00e4ume mit einem wechselnden Ambiente aus Licht und Farbe und einer entspannten Atmosph\u00e4re, in der Sie einen Cocktail oder Ihr Lieblingsgetr\u00e4nk in bester Gesellschaft genie\u00dfen k\u00f6nnen. Eine weitere unvergessliche Nacht beginnt hier&#8230; Genie\u00dfen Sie die Magie von Ibiza!<\/p>\n<p>Zum Wohl![\/vc_column_text][\/vc_column][\/vc_row][vc_row full_width=&#8220;stretch_row_content_no_spaces&#8220; disable_element=&#8220;yes&#8220;][vc_column width=&#8220;1\/2&#8243; css=&#8220;.vc_custom_1571905473183{padding-top: 0px !important;}&#8220;][vc_single_image image=&#8220;1031&#8243; img_size=&#8220;full&#8220;][\/vc_column][vc_column width=&#8220;1\/2&#8243; css=&#8220;.vc_custom_1571905478901{padding-top: 0px !important;}&#8220;][vc_single_image image=&#8220;962&#8243; img_size=&#8220;full&#8220;][\/vc_column][\/vc_row][vc_row full_width=&#8220;stretch_row_content_no_spaces&#8220; el_class=&#8220;fullscreen&#8220; css=&#8220;.vc_custom_1597749868473{background-image: url(https:\/\/www.theibizatwiins.com\/wp-content\/uploads\/2020\/08\/Twiins-80-1.jpg?id=4156) !important;background-position: center !important;background-repeat: no-repeat !important;background-size: cover !important;}&#8220; el_id=&#8220;btodoinc&#8220;][vc_column css=&#8220;.vc_custom_1571905473183{padding-top: 0px !important;}&#8220;][\/vc_column][\/vc_row][vc_row css=&#8220;.vc_custom_1567675172646{padding-top: 80px !important;padding-bottom: 120px !important;}&#8220; el_id=&#8220;core1&#8243;][vc_column][vc_column_text el_class=&#8220;flightita&#8220;]Ibiza zieht jeden Sommer Tausende Besucher aus der ganzen Welt an. Die Weltoffenheit spiegelt sich in jedem Aspekt des Lebens der Ibizenker wider, selbstverst\u00e4ndlich auch in ihrer K\u00fcche. Im Twiins wird die Gastronomie zum Erlebnis, mit sechs v\u00f6llig unterschiedlichen Konzepten.[\/vc_column_text][vc_btn title=&#8220;Zur\u00fcck zum Abschnitt Gastronomie&#8220; shape=&#8220;square&#8220; size=&#8220;lg&#8220; align=&#8220;center&#8220; link=&#8220;url:https%3A%2F%2Fwww.theibizatwiins.com%2Fde%2Fgastronomie%2F|||&#8220; el_class=&#8220;btn_bodas&#8220;][\/vc_column][\/vc_row]<\/p>\n<\/div>","protected":false},"excerpt":{"rendered":"<p>[vc_row full_width=&#8220;stretch_row_content_no_spaces&#8220;][vc_column][\/vc_column][\/vc_row][vc_row css=&#8220;.vc_custom_1567675172646{padding-top: 80px !important;padding-bottom: 120px !important;}&#8220; el_id=&#8220;core1&#8243;][vc_column][vc_column_text el_class=&#8220;flightita&#8220;]Die abwechslungsreichen Men\u00fcs der Restaurants La Sal und El Embarcadero pr\u00e4sentieren lokale, nationale und internationale Gerichte, die auf Tradition basieren, aber moderne Akzente setzen, wobei die Qualit\u00e4t und Frische der Produkte, die wir f\u00fcr die einzelnen Gerichte verwenden, wesentlich ist. Fr\u00fchst\u00fcck, Mittag- und Abendessen mit thematischen Stationen [&hellip;]<\/p>\n","protected":false},"author":1,"featured_media":0,"parent":0,"menu_order":0,"comment_status":"closed","ping_status":"closed","template":"","meta":{"_acf_changed":false,"footnotes":""},"class_list":["post-3417","page","type-page","status-publish","hentry"],"acf":[],"_links":{"self":[{"href":"https:\/\/www.theibizatwiins.com\/de\/wp-json\/wp\/v2\/pages\/3417","targetHints":{"allow":["GET"]}}],"collection":[{"href":"https:\/\/www.theibizatwiins.com\/de\/wp-json\/wp\/v2\/pages"}],"about":[{"href":"https:\/\/www.theibizatwiins.com\/de\/wp-json\/wp\/v2\/types\/page"}],"author":[{"embeddable":true,"href":"https:\/\/www.theibizatwiins.com\/de\/wp-json\/wp\/v2\/users\/1"}],"replies":[{"embeddable":true,"href":"https:\/\/www.theibizatwiins.com\/de\/wp-json\/wp\/v2\/comments?post=3417"}],"version-history":[{"count":8,"href":"https:\/\/www.theibizatwiins.com\/de\/wp-json\/wp\/v2\/pages\/3417\/revisions"}],"predecessor-version":[{"id":5936,"href":"https:\/\/www.theibizatwiins.com\/de\/wp-json\/wp\/v2\/pages\/3417\/revisions\/5936"}],"wp:attachment":[{"href":"https:\/\/www.theibizatwiins.com\/de\/wp-json\/wp\/v2\/media?parent=3417"}],"curies":[{"name":"wp","href":"https:\/\/api.w.org\/{rel}","templated":true}]}}