{"id":14311,"date":"2024-07-17T16:31:47","date_gmt":"2024-07-17T14:31:47","guid":{"rendered":"https:\/\/www.theibizatwiins.com\/?page_id=14311"},"modified":"2026-03-04T13:38:03","modified_gmt":"2026-03-04T12:38:03","slug":"evenements","status":"publish","type":"page","link":"https:\/\/www.theibizatwiins.com\/fr\/evenements\/","title":{"rendered":"\u00c9v\u00e9nements"},"content":{"rendered":"<div class=\"wpb-content-wrapper\"><p>[vc_row full_width=\u00a0\u00bbstretch_row_content_no_spaces\u00a0\u00bb full_height=\u00a0\u00bbyes\u00a0\u00bb content_placement=\u00a0\u00bbmiddle\u00a0\u00bb css=\u00a0\u00bb.vc_custom_1772627221256{background-image: url(https:\/\/www.theibizatwiins.com\/wp-content\/uploads\/2024\/07\/22_Twiins_Sala_Botafoc-scaled.jpg?id=14272) !important;background-position: center !important;background-repeat: no-repeat !important;background-size: cover !important;}\u00a0\u00bb el_id=\u00a0\u00bbtopeventos\u00a0\u00bb][vc_column][vc_custom_heading source=\u00a0\u00bbpost_title\u00a0\u00bb font_container=\u00a0\u00bbtag:h1|text_align:center|color:%23FFFFFF\u00a0\u00bb use_theme_fonts=\u00a0\u00bbyes\u00a0\u00bb css=\u00a0\u00bb\u00a0\u00bb][vc_custom_heading text=\u00a0\u00bbThe Ibiza TwIIns: Le cadre parfait pour vos moments uniques\u00a0\u00bb font_container=\u00a0\u00bbtag:h2|text_align:center|color:%23FFFFFF\u00a0\u00bb use_theme_fonts=\u00a0\u00bbyes\u00a0\u00bb css=\u00a0\u00bb\u00a0\u00bb][\/vc_column][\/vc_row][vc_section][vc_row full_width=\u00a0\u00bbstretch_row_content_no_spaces\u00a0\u00bb disable_element=\u00a0\u00bbyes\u00a0\u00bb][vc_column]\n\t\t\t<!-- START Slide \u00c9v\u00e9nements  FR REVOLUTION SLIDER 6.7.40 --><p class=\"rs-p-wp-fix\"><\/p>\n\t\t\t<rs-module-wrap id=\"rev_slider_55_1_wrapper\" data-source=\"gallery\" style=\"visibility:hidden;background:transparent;padding:0;\">\n\t\t\t\t<rs-module id=\"rev_slider_55_1\" style=\"\" data-version=\"6.7.40\">\n\t\t\t\t\t<rs-slides style=\"overflow: hidden; position: absolute;\">\n\t\t\t\t\t\t<rs-slide style=\"position: absolute;\" data-key=\"rs-69\" data-title=\"Home ES\" data-anim=\"adpr:false;\" data-in=\"o:0;\" data-out=\"a:false;\">\n\t\t\t\t\t\t\t<img decoding=\"async\" src=\"\/\/www.theibizatwiins.com\/wp-content\/plugins\/revslider\/sr6\/assets\/assets\/dummy.png\" alt=\"\" title=\"22_Twiins_Sala_Botafoc\" width=\"2560\" height=\"1707\" class=\"rev-slidebg tp-rs-img rs-lazyload\" data-lazyload=\"\/\/www.theibizatwiins.com\/wp-content\/uploads\/2024\/07\/22_Twiins_Sala_Botafoc-scaled.jpg\" data-parallax=\"off\" data-no-retina>\n<!--\n\t\t\t\t\t\t\t--><h1\n\t\t\t\t\t\t\t\tid=\"slider-55-slide-69-layer-1\" \n\t\t\t\t\t\t\t\tclass=\"rs-layer FreightMedium\"\n\t\t\t\t\t\t\t\tdata-type=\"text\"\n\t\t\t\t\t\t\t\tdata-tsh=\"c:#000000;h:5px,5px,5px,2px;v:6px,6px,6px,2px;b:17px,17px,17px,3px;\"\n\t\t\t\t\t\t\t\tdata-rsp_ch=\"on\"\n\t\t\t\t\t\t\t\tdata-xy=\"x:c;y:m,m,m,t;yo:0,0,0,255px;\"\n\t\t\t\t\t\t\t\tdata-text=\"w:normal;s:100,100,100,50;l:64,64,64,50;a:center;\"\n\t\t\t\t\t\t\t\tdata-dim=\"w:1236px,1236px,1236px,477px;h:auto,auto,auto,46px;\"\n\t\t\t\t\t\t\t\tdata-basealign=\"slide\"\n\t\t\t\t\t\t\t\tdata-padding=\"r:0,0,0,30;l:0,0,0,30;\"\n\t\t\t\t\t\t\t\tdata-frame_999=\"o:0;st:w;\"\n\t\t\t\t\t\t\t\tstyle=\"z-index:8;font-family:'Roboto';\"\n\t\t\t\t\t\t\t>\u00c9v\u00e9nements \n\t\t\t\t\t\t\t<\/h1><!--\n\n\t\t\t\t\t\t\t--><h2\n\t\t\t\t\t\t\t\tid=\"slider-55-slide-69-layer-2\" \n\t\t\t\t\t\t\t\tclass=\"rs-layer FreightLightIta\"\n\t\t\t\t\t\t\t\tdata-type=\"text\"\n\t\t\t\t\t\t\t\tdata-tsh=\"c:#000000;h:3px,3px,3px,2px;v:3px,3px,3px,2px;b:17px,17px,17px,3px;\"\n\t\t\t\t\t\t\t\tdata-rsp_ch=\"on\"\n\t\t\t\t\t\t\t\tdata-xy=\"x:c;xo:-19px,-19px,-19px,0;y:m,m,m,t;yo:101px,101px,101px,315px;\"\n\t\t\t\t\t\t\t\tdata-text=\"w:normal;s:51,51,51,19;l:64,64,64,24;a:center;\"\n\t\t\t\t\t\t\t\tdata-dim=\"w:1236px,1236px,1236px,477px;\"\n\t\t\t\t\t\t\t\tdata-basealign=\"slide\"\n\t\t\t\t\t\t\t\tdata-padding=\"r:0,0,0,30;l:0,0,0,30;\"\n\t\t\t\t\t\t\t\tdata-frame_999=\"o:0;st:w;\"\n\t\t\t\t\t\t\t\tstyle=\"z-index:8;font-family:'Roboto';\"\n\t\t\t\t\t\t\t>The Ibiza TwIIns: Le cadre parfait pour vos moments uniques \n\t\t\t\t\t\t\t<\/h2><!--\n\n\t\t\t\t\t\t\t--><a\n\t\t\t\t\t\t\t\tid=\"slider-55-slide-69-layer-5\" \n\t\t\t\t\t\t\t\tclass=\"rs-layer\"\n\t\t\t\t\t\t\t\thref=\"https:\/\/www.theibizatwiins.com\/galeria-eventos\/\" target=\"_self\" rel=\"nofollow\"\n\t\t\t\t\t\t\t\tdata-type=\"text\"\n\t\t\t\t\t\t\t\tdata-rsp_ch=\"on\"\n\t\t\t\t\t\t\t\tdata-xy=\"x:r;xo:90px,90px,90px,34px;y:b;yo:18px,18px,18px,6px;\"\n\t\t\t\t\t\t\t\tdata-text=\"w:normal;s:20,20,20,7;l:25,25,25,9;\"\n\t\t\t\t\t\t\t\tdata-dim=\"w:150px,150px,150px,57px;\"\n\t\t\t\t\t\t\t\tdata-basealign=\"slide\"\n\t\t\t\t\t\t\t\tdata-wrpcls=\"btn_slide\"\n\t\t\t\t\t\t\t\tdata-frame_999=\"o:0;st:w;\"\n\t\t\t\t\t\t\t\tstyle=\"z-index:11;font-family:'Roboto';\"\n\t\t\t\t\t\t\t><img decoding=\"async\" src=\"https:\/\/www.theibizatwiins.com\/wp-content\/uploads\/2020\/08\/photo.png\" width=\"25\" alt=\"paisaje\">GALER\u00cdA \n\t\t\t\t\t\t\t<\/a><!--\n-->\t\t\t\t\t<\/rs-slide>\n\t\t\t\t\t<\/rs-slides>\n\t\t\t\t<\/rs-module>\n\t\t\t\t<script>\n\t\t\t\t\tsetREVStartSize({c: 'rev_slider_55_1',rl:[1240,1240,1240,480],el:[930,930,930,500],gw:[1240,1240,1240,480],gh:[930,930,930,500],type:'standard',justify:'',layout:'fullscreen',offsetContainer:'',offset:'',mh:\"0\"});if (window.RS_MODULES!==undefined && window.RS_MODULES.modules!==undefined && window.RS_MODULES.modules[\"revslider551\"]!==undefined) {window.RS_MODULES.modules[\"revslider551\"].once = false;window.revapi55 = undefined;if (window.RS_MODULES.checkMinimal!==undefined) window.RS_MODULES.checkMinimal()}\n\t\t\t\t<\/script>\n\t\t\t<\/rs-module-wrap>\n\t\t\t<!-- END REVOLUTION SLIDER -->\n[\/vc_column][\/vc_row][vc_row css=\u00a0\u00bb.vc_custom_1717602860280{margin-bottom: 0px !important;border-bottom-width: 0px !important;padding-top: 80px !important;padding-bottom: 80px !important;}\u00a0\u00bb el_id=\u00a0\u00bbcore1&Prime;][vc_column alignment=\u00a0\u00bbcenter\u00a0\u00bb][vc_custom_heading text=\u00a0\u00bbVotre \u00e9v\u00e9nement face \u00e0 la mer\u00a0\u00bb font_container=\u00a0\u00bbtag:h2|font_size:60|text_align:center\u00a0\u00bb css=\u00a0\u00bb.vc_custom_1721226337802{margin-top: 0px !important;margin-bottom: 0px !important;border-top-width: 0px !important;border-bottom-width: 0px !important;padding-top: 0px !important;padding-bottom: 0px !important;}\u00a0\u00bb el_class=\u00a0\u00bbflightita9&Prime;][vc_column_text css_animation=\u00a0\u00bbfadeIn\u00a0\u00bb css=\u00a0\u00bb\u00a0\u00bb el_class=\u00a0\u00bbCeraLight\u00a0\u00bb]<\/p>\n<p style=\"text-align: center;\">L&rsquo;h\u00f4tel The Ibiza TwIIns propose une large gamme d&rsquo;espaces et de services pour les c\u00e9l\u00e9brations, les mariages, les r\u00e9unions et les \u00e9v\u00e9nements d&rsquo;entreprise. Vous avez le choix de l&rsquo;ampleur de l&rsquo;\u00e9v\u00e9nement, que ce soit avec style ou en optant pour quelque chose de plus intime. Notre \u00e9quipe de professionnels vous assure un service de qualit\u00e9 et personnalis\u00e9, en veillant \u00e0 chaque d\u00e9tail pour faire de chaque \u00e9v\u00e9nement un succ\u00e8s<\/p>\n<p>[\/vc_column_text][\/vc_column][\/vc_row][vc_row full_width=\u00a0\u00bbstretch_row_content_no_spaces\u00a0\u00bb equal_height=\u00a0\u00bbyes\u00a0\u00bb css=\u00a0\u00bb.vc_custom_1717602847682{margin-top: 0px !important;border-top-width: 0px !important;padding-top: 0px !important;}\u00a0\u00bb][vc_column width=\u00a0\u00bb1\/2&Prime; css=\u00a0\u00bb.vc_custom_1720795738890{margin-bottom: 0px !important;border-top-width: 0px !important;border-bottom-width: 0px !important;padding-top: 350px !important;padding-bottom: 350px !important;background-image: url(https:\/\/www.theibizatwiins.com\/wp-content\/uploads\/2024\/06\/16_Twiins_Sala_Botafoc_MesaU-2-scaled.jpg?id=13574) !important;background-position: center !important;background-repeat: no-repeat !important;background-size: cover !important;}\u00a0\u00bb el_class=\u00a0\u00bbboxmice\u00a0\u00bb][vc_column_text css=\u00a0\u00bb.vc_custom_1721292966400{margin-bottom: 0px !important;padding-top: 0px !important;padding-bottom: 0px !important;}\u00a0\u00bb el_class=\u00a0\u00bbtitulomice\u00a0\u00bb]<\/p>\n<h2 style=\"text-align: center;\"><a href=\"https:\/\/www.theibizatwiins.com\/fr\/evenements-mice\/\">MICE<\/a><\/h2>\n<p>[\/vc_column_text][\/vc_column][vc_column width=\u00a0\u00bb1\/2&Prime; css=\u00a0\u00bb.vc_custom_1720795721225{margin-top: 0px !important;margin-bottom: 0px !important;border-top-width: 0px !important;border-bottom-width: 0px !important;padding-top: 350px !important;padding-bottom: 350px !important;background-image: url(https:\/\/www.theibizatwiins.com\/wp-content\/uploads\/2024\/07\/Twiins-Boda-27-scaled.jpg?id=14223) !important;background-position: center !important;background-repeat: no-repeat !important;background-size: cover !important;}\u00a0\u00bb el_class=\u00a0\u00bbboxmice\u00a0\u00bb][vc_column_text css=\u00a0\u00bb.vc_custom_1721292893865{margin-bottom: 0px !important;padding-top: 0px !important;padding-bottom: 0px !important;}\u00a0\u00bb el_class=\u00a0\u00bbtitulomice\u00a0\u00bb]<\/p>\n<h2 style=\"text-align: center;\"><a href=\"https:\/\/www.theibizatwiins.com\/fr\/evenements-mariages\/\">MARIAGES<\/a><\/h2>\n<p>[\/vc_column_text][\/vc_column][\/vc_row][\/vc_section]<\/p>\n<\/div>","protected":false},"excerpt":{"rendered":"<p>[vc_row full_width=\u00a0\u00bbstretch_row_content_no_spaces\u00a0\u00bb full_height=\u00a0\u00bbyes\u00a0\u00bb content_placement=\u00a0\u00bbmiddle\u00a0\u00bb css=\u00a0\u00bb.vc_custom_1772627221256{background-image: url(https:\/\/www.theibizatwiins.com\/wp-content\/uploads\/2024\/07\/22_Twiins_Sala_Botafoc-scaled.jpg?id=14272) !important;background-position: center !important;background-repeat: no-repeat !important;background-size: cover !important;}\u00a0\u00bb el_id=\u00a0\u00bbtopeventos\u00a0\u00bb][vc_column][vc_custom_heading source=\u00a0\u00bbpost_title\u00a0\u00bb font_container=\u00a0\u00bbtag:h1|text_align:center|color:%23FFFFFF\u00a0\u00bb use_theme_fonts=\u00a0\u00bbyes\u00a0\u00bb css=\u00a0\u00bb\u00a0\u00bb][vc_custom_heading text=\u00a0\u00bbThe Ibiza TwIIns: Le cadre parfait pour vos moments uniques\u00a0\u00bb font_container=\u00a0\u00bbtag:h2|text_align:center|color:%23FFFFFF\u00a0\u00bb use_theme_fonts=\u00a0\u00bbyes\u00a0\u00bb css=\u00a0\u00bb\u00a0\u00bb][\/vc_column][\/vc_row][vc_section][vc_row full_width=\u00a0\u00bbstretch_row_content_no_spaces\u00a0\u00bb disable_element=\u00a0\u00bbyes\u00a0\u00bb][vc_column][\/vc_column][\/vc_row][vc_row css=\u00a0\u00bb.vc_custom_1717602860280{margin-bottom: 0px !important;border-bottom-width: 0px !important;padding-top: 80px !important;padding-bottom: 80px !important;}\u00a0\u00bb el_id=\u00a0\u00bbcore1&Prime;][vc_column alignment=\u00a0\u00bbcenter\u00a0\u00bb][vc_custom_heading text=\u00a0\u00bbVotre \u00e9v\u00e9nement face \u00e0 la mer\u00a0\u00bb font_container=\u00a0\u00bbtag:h2|font_size:60|text_align:center\u00a0\u00bb css=\u00a0\u00bb.vc_custom_1721226337802{margin-top: 0px !important;margin-bottom: 0px [&hellip;]<\/p>\n","protected":false},"author":1,"featured_media":0,"parent":0,"menu_order":0,"comment_status":"closed","ping_status":"closed","template":"","meta":{"_acf_changed":false,"footnotes":""},"class_list":["post-14311","page","type-page","status-publish","hentry"],"acf":[],"_links":{"self":[{"href":"https:\/\/www.theibizatwiins.com\/fr\/wp-json\/wp\/v2\/pages\/14311","targetHints":{"allow":["GET"]}}],"collection":[{"href":"https:\/\/www.theibizatwiins.com\/fr\/wp-json\/wp\/v2\/pages"}],"about":[{"href":"https:\/\/www.theibizatwiins.com\/fr\/wp-json\/wp\/v2\/types\/page"}],"author":[{"embeddable":true,"href":"https:\/\/www.theibizatwiins.com\/fr\/wp-json\/wp\/v2\/users\/1"}],"replies":[{"embeddable":true,"href":"https:\/\/www.theibizatwiins.com\/fr\/wp-json\/wp\/v2\/comments?post=14311"}],"version-history":[{"count":6,"href":"https:\/\/www.theibizatwiins.com\/fr\/wp-json\/wp\/v2\/pages\/14311\/revisions"}],"predecessor-version":[{"id":16535,"href":"https:\/\/www.theibizatwiins.com\/fr\/wp-json\/wp\/v2\/pages\/14311\/revisions\/16535"}],"wp:attachment":[{"href":"https:\/\/www.theibizatwiins.com\/fr\/wp-json\/wp\/v2\/media?parent=14311"}],"curies":[{"name":"wp","href":"https:\/\/api.w.org\/{rel}","templated":true}]}}