{"id":14735,"date":"2024-09-12T12:41:29","date_gmt":"2024-09-12T10:41:29","guid":{"rendered":"https:\/\/www.theibizatwiins.com\/?page_id=14735"},"modified":"2026-03-26T15:25:50","modified_gmt":"2026-03-26T14:25:50","slug":"offres","status":"publish","type":"page","link":"https:\/\/www.theibizatwiins.com\/fr\/offres\/","title":{"rendered":"Offres"},"content":{"rendered":"<div class=\"wpb-content-wrapper\"><p>[vc_row full_width=\u00a0\u00bbstretch_row_content\u00a0\u00bb el_class=\u00a0\u00bbcabecera\u00a0\u00bb css=\u00a0\u00bb.vc_custom_1567759894150{padding-top: 120px !important;padding-bottom: 50px !important;background-color: #133844 !important;}\u00a0\u00bb][vc_column alignment=\u00a0\u00bbright\u00a0\u00bb][vc_custom_heading source=\u00a0\u00bbpost_title\u00a0\u00bb font_container=\u00a0\u00bbtag:h1|font_size:80|text_align:center|color:%23ffffff\u00a0\u00bb css=\u00a0\u00bb\u00a0\u00bb el_class=\u00a0\u00bbfmedium\u00a0\u00bb][\/vc_column][\/vc_row][vc_row full_width=\u00a0\u00bbstretch_row_content\u00a0\u00bb el_class=\u00a0\u00bbcabecera\u00a0\u00bb css=\u00a0\u00bb.vc_custom_1728645631262{padding-top: 120px !important;padding-bottom: 50px !important;background-color: #E6E7E1 !important;}\u00a0\u00bb][vc_column alignment=\u00a0\u00bbright\u00a0\u00bb css=\u00a0\u00bb.vc_custom_1728645768924{margin-top: 0px !important;margin-bottom: 0px !important;border-top-width: 0px !important;border-bottom-width: 0px !important;padding-top: 0px !important;padding-bottom: 0px !important;}\u00a0\u00bb][vc_custom_heading text=\u00a0\u00bbOBTENEZ UN MEILLEUR PRIX EN LIGNE &gt; PROFITEZ D\u2019UN PAIEMENT S\u00c9CURIS\u00c9 &gt; G\u00c9REZ VOTRE R\u00c9SERVATION &gt; B\u00c9N\u00c9FICIEZ DE TARIFS FLEXIBLES\u00a0\u00bb font_container=\u00a0\u00bbtag:h3|font_size:35|text_align:center|color:%23333333|line_height:1&Prime; use_theme_fonts=\u00a0\u00bbyes\u00a0\u00bb css=\u00a0\u00bb.vc_custom_1774535153507{margin-top: 0px !important;margin-bottom: 0px !important;border-top-width: 0px !important;border-bottom-width: 0px !important;padding-top: 0px !important;padding-right: 30px !important;padding-bottom: 0px !important;padding-left: 30px !important;}\u00a0\u00bb el_class=\u00a0\u00bbflightita\u00a0\u00bb][\/vc_column][\/vc_row][vc_row full_width=\u00a0\u00bbstretch_row\u00a0\u00bb gap=\u00a0\u00bb25&Prime; equal_height=\u00a0\u00bbyes\u00a0\u00bb css_animation=\u00a0\u00bbnone\u00a0\u00bb css=\u00a0\u00bb.vc_custom_1732704153126{margin-top: 0px !important;margin-bottom: 0px !important;border-top-width: 0px !important;border-bottom-width: 0px !important;padding-top: 0px !important;padding-bottom: 70px !important;background-color: #e6e7e1 !important;}\u00a0\u00bb el_id=\u00a0\u00bbbofertas\u00a0\u00bb][vc_column css_animation=\u00a0\u00bbslideInUp\u00a0\u00bb width=\u00a0\u00bb1\/3&Prime; css=\u00a0\u00bb.vc_custom_1728647916979{margin-top: 0px !important;margin-right: 0px !important;margin-bottom: 0px !important;margin-left: 0px !important;border-top-width: 0px !important;border-right-width: 0px !important;border-bottom-width: 0px !important;border-left-width: 0px !important;padding-top: 0px !important;padding-right: 0px !important;padding-bottom: 0px !important;padding-left: 0px !important;background-color: #ffffff !important;border-radius: 20px !important;}\u00a0\u00bb][vc_single_image image=\u00a0\u00bb9258&Prime; img_size=\u00a0\u00bbfull\u00a0\u00bb css=\u00a0\u00bb\u00a0\u00bb][vc_column_text css=\u00a0\u00bb.vc_custom_1732704209951{margin-top: 0px !important;margin-right: 20px !important;margin-bottom: 0px !important;margin-left: 20px !important;border-top-width: 0px !important;border-right-width: 0px !important;border-bottom-width: 0px !important;border-left-width: 0px !important;padding-top: 0px !important;padding-right: 0px !important;padding-bottom: 0px !important;padding-left: 0px !important;}\u00a0\u00bb]<\/p>\n<h2>Special \u00ab\u00a0Weekdays\u00a0\u00bb<\/h2>\n<h3>Profitez de notre \u00ab\u00a0Entre semaine\u00a0\u00bb S\u00e9jour pour profiter de plus de temps et de d\u00e9tente sur l&rsquo;\u00eele d&rsquo;Ibiza.<\/h3>\n<p>Plongez dans le quartier anim\u00e9 de Playa d&rsquo;en Bossa et profitez de jours de vacances suppl\u00e9mentaires dans notre h\u00f4tel quatre \u00e9toiles sup\u00e9rieur The Ibiza Twiins. Restez plus longtemps avec nous pour d\u00e9couvrir les charmes de l&rsquo;\u00eele d&rsquo;Ibiza. Situ\u00e9 au d\u00e9part de la c\u00e9l\u00e8bre Playa den Bosa, avec des vues panoramiques sur la mer et Formentera, son emplacement est in\u00e9galable.[\/vc_column_text][vc_column_text css=\u00a0\u00bb.vc_custom_1732704289749{margin-top: 0px !important;margin-right: 20px !important;margin-bottom: 0px !important;margin-left: 20px !important;border-top-width: 0px !important;border-right-width: 0px !important;border-bottom-width: 0px !important;border-left-width: 0px !important;padding-top: 0px !important;padding-right: 0px !important;padding-bottom: 0px !important;padding-left: 0px !important;}\u00a0\u00bb el_class=\u00a0\u00bbleermas\u00a0\u00bb]<\/p>\n<div class=\"ds-open-popup-9\">Lire la suite<\/div>\n<p>[\/vc_column_text][vc_raw_html css=\u00a0\u00bb\u00a0\u00bb]JTNDYnV0dG9uJTIwZGF0YS1jb2RpZ28lM0QlMjJ3ZWVrJTIyJTIwY2xhc3MlM0QlMjJvZmZlci1idXR0b24lMjB2Y19nZW5lcmFsJTIwdmNfYnRuMyUyMHZjX2J0bjMtc2l6ZS1sZyUyMHZjX2J0bjMtc2hhcGUtcm91bmRlZCUyMHZjX2J0bjMtc3R5bGUtbW9kZXJuJTIwdmNfYnRuMy1jb2xvci1pbmZvJTIyJTNFUiVDMyU4OVNFUlZFUiUyME1BSU5URU5BTlQlM0MlMkZidXR0b24lM0U=[\/vc_raw_html][\/vc_column][vc_column css_animation=\u00a0\u00bbslideInUp\u00a0\u00bb width=\u00a0\u00bb1\/3&Prime; css=\u00a0\u00bb.vc_custom_1728647894084{margin-top: 0px !important;margin-right: 0px !important;margin-bottom: 0px !important;margin-left: 0px !important;border-top-width: 0px !important;border-right-width: 0px !important;border-bottom-width: 0px !important;border-left-width: 0px !important;padding-top: 0px !important;padding-right: 0px !important;padding-bottom: 0px !important;padding-left: 0px !important;background-color: #ffffff !important;border-radius: 20px !important;}\u00a0\u00bb][vc_single_image image=\u00a0\u00bb8483&Prime; img_size=\u00a0\u00bbfull\u00a0\u00bb css=\u00a0\u00bb\u00a0\u00bb][vc_column_text css=\u00a0\u00bb.vc_custom_1762791750435{margin-top: 0px !important;margin-right: 20px !important;margin-bottom: 0px !important;margin-left: 20px !important;border-top-width: 0px !important;border-right-width: 0px !important;border-bottom-width: 0px !important;border-left-width: 0px !important;padding-top: 0px !important;padding-right: 0px !important;padding-bottom: 0px !important;padding-left: 0px !important;}\u00a0\u00bb]<\/p>\n<h2>Offre Flexible<\/h2>\n<h3>L&rsquo;\u00e9t\u00e9 prochain 2026, profitez d&rsquo;Ibiza en r\u00e9servant une offre flexible<\/h3>\n<p>Situ\u00e9 sur Playa d\u2019en Bossa, \u00e0 dix minutes de route de l\u2019a\u00e9roport et \u00e0 seulement cinq minutes de la ville d\u2019Ibiza, The Ibiza Twiins est l\u2019espace id\u00e9al pour accueillir tous types de congr\u00e8s, expositions, r\u00e9unions ou mariages. Nos installations pour \u00e9v\u00e8nements disposent de la toute derni\u00e8re&#8230;[\/vc_column_text][vc_column_text css=\u00a0\u00bb.vc_custom_1732704308469{margin-top: 0px !important;margin-right: 20px !important;margin-bottom: 0px !important;margin-left: 20px !important;border-top-width: 0px !important;border-right-width: 0px !important;border-bottom-width: 0px !important;border-left-width: 0px !important;padding-top: 0px !important;padding-right: 0px !important;padding-bottom: 0px !important;padding-left: 0px !important;}\u00a0\u00bb el_class=\u00a0\u00bbleermas\u00a0\u00bb]<\/p>\n<div class=\"ds-open-popup-6\">Lire la suite<\/div>\n<p>[\/vc_column_text][vc_raw_html css=\u00a0\u00bb\u00a0\u00bb]JTNDYnV0dG9uJTIwZGF0YS1jb2RpZ28lM0QlMjJ3ZWVrJTIyJTIwY2xhc3MlM0QlMjJvZmZlci1idXR0b24lMjB2Y19nZW5lcmFsJTIwdmNfYnRuMyUyMHZjX2J0bjMtc2l6ZS1sZyUyMHZjX2J0bjMtc2hhcGUtcm91bmRlZCUyMHZjX2J0bjMtc3R5bGUtbW9kZXJuJTIwdmNfYnRuMy1jb2xvci1pbmZvJTIyJTNFUiVDMyU4OVNFUlZFUiUyME1BSU5URU5BTlQlM0MlMkZidXR0b24lM0U=[\/vc_raw_html][\/vc_column][vc_column css_animation=\u00a0\u00bbslideInUp\u00a0\u00bb width=\u00a0\u00bb1\/3&Prime; css=\u00a0\u00bb.vc_custom_1728647899759{margin-top: 0px !important;margin-right: 0px !important;margin-bottom: 0px !important;margin-left: 0px !important;border-top-width: 0px !important;border-right-width: 0px !important;border-bottom-width: 0px !important;border-left-width: 0px !important;padding-top: 0px !important;padding-right: 0px !important;padding-bottom: 0px !important;padding-left: 0px !important;background-color: #ffffff !important;border-radius: 20px !important;}\u00a0\u00bb][vc_single_image image=\u00a0\u00bb12293&Prime; img_size=\u00a0\u00bbfull\u00a0\u00bb css=\u00a0\u00bb\u00a0\u00bb][vc_column_text css=\u00a0\u00bb.vc_custom_1762791757731{margin-top: 0px !important;margin-right: 20px !important;margin-bottom: 0px !important;margin-left: 20px !important;border-top-width: 0px !important;border-right-width: 0px !important;border-bottom-width: 0px !important;border-left-width: 0px !important;padding-top: 0px !important;padding-right: 0px !important;padding-bottom: 0px !important;padding-left: 0px !important;}\u00a0\u00bb]<\/p>\n<h2>Offre Sp\u00e9ciale<\/h2>\n<h3>Formule non remboursable : un prix imbattable pour vos vacances 2026.<\/h3>\n<p>En r\u00e9servant notre Formule non remboursable, vous b\u00e9n\u00e9ficierez d&rsquo;une r\u00e9duction de 10 % par rapport \u00e0 nos prix standard. Il s&rsquo;agit de la solution id\u00e9ale pour les personnes qui ont d\u00e9j\u00e0 un projet bien d\u00e9fini et qui souhaitent r\u00e9server au meilleur prix possible dans notre h\u00f4tel The Ibiza Twiins \u00e0 Playa den Bossa, \u00e0 Ibiza.[\/vc_column_text][vc_column_text css=\u00a0\u00bb.vc_custom_1732704321730{margin-top: 0px !important;margin-right: 20px !important;margin-bottom: 0px !important;margin-left: 20px !important;border-top-width: 0px !important;border-right-width: 0px !important;border-bottom-width: 0px !important;border-left-width: 0px !important;padding-top: 0px !important;padding-right: 0px !important;padding-bottom: 0px !important;padding-left: 0px !important;}\u00a0\u00bb el_class=\u00a0\u00bbleermas\u00a0\u00bb]<\/p>\n<div class=\"ds-open-popup-8\">Lire la suite<\/div>\n<p>[\/vc_column_text][vc_raw_html css=\u00a0\u00bb\u00a0\u00bb]JTNDYnV0dG9uJTIwZGF0YS1jb2RpZ28lM0QlMjJ3ZWVrJTIyJTIwY2xhc3MlM0QlMjJvZmZlci1idXR0b24lMjB2Y19nZW5lcmFsJTIwdmNfYnRuMyUyMHZjX2J0bjMtc2l6ZS1sZyUyMHZjX2J0bjMtc2hhcGUtcm91bmRlZCUyMHZjX2J0bjMtc3R5bGUtbW9kZXJuJTIwdmNfYnRuMy1jb2xvci1pbmZvJTIyJTNFUiVDMyU4OVNFUlZFUiUyME1BSU5URU5BTlQlM0MlMkZidXR0b24lM0U=[\/vc_raw_html][\/vc_column][\/vc_row][vc_row full_width=\u00a0\u00bbstretch_row_content_no_spaces\u00a0\u00bb css=\u00a0\u00bb.vc_custom_1717580649227{margin-top: 30px !important;margin-bottom: 30px !important;border-top-width: 0px !important;border-bottom-width: 0px !important;padding-top: 0px !important;padding-bottom: 0px !important;background-color: #ffffff !important;}\u00a0\u00bb][vc_column css=\u00a0\u00bb.vc_custom_1717580595817{margin-bottom: 30px !important;border-bottom-width: 0px !important;padding-bottom: 0px !important;}\u00a0\u00bb][vc_custom_heading text=\u00a0\u00bbSuivez-nous sur Instagram\u00a0\u00bb font_container=\u00a0\u00bbtag:h2|text_align:center|color:%23000000&Prime; css=\u00a0\u00bb.vc_custom_1727874967129{margin-top: 30px !important;margin-bottom: 30px !important;}\u00a0\u00bb el_class=\u00a0\u00bbfmedium\u00a0\u00bb]<link rel='stylesheet' id='ff-dynamic-css1' type='text\/css' href='https:\/\/www.theibizatwiins.com\/wp-content\/resources\/flow-flow\/css\/stream-id1.css?ver=1717580663'\/><!-- Flow-Flow \u2014 Social stream plugin for WordPress -->\n<div class=\"ff-stream\" data-plugin=\"flow_flow\" id=\"ff-stream-1\"><span class=\"ff-loader\"><span\n            class=\"ff-square\"><\/span><span class=\"ff-square\"><\/span><span class=\"ff-square ff-last\"><\/span><span\n            class=\"ff-square ff-clear\"><\/span><span class=\"ff-square\"><\/span><span\n            class=\"ff-square ff-last\"><\/span><span class=\"ff-square ff-clear\"><\/span><span\n            class=\"ff-square\"><\/span><span class=\"ff-square ff-last\"><\/span><\/span><\/div>\n<svg aria-hidden=\"true\" style=\"position: absolute; width: 0; height: 0; overflow: hidden;\" version=\"1.1\">\n    <defs>\n        <symbol id=\"ff-icon-heart\" viewBox=\"0 0 48 48\">\n            <path\n                d=\"M34.6 3.1c-4.5 0-7.9 1.8-10.6 5.6-2.7-3.7-6.1-5.5-10.6-5.5C6 3.1 0 9.6 0 17.6c0 7.3 5.4 12 10.6 16.5.6.5 1.3 1.1 1.9 1.7l2.3 2c4.4 3.9 6.6 5.9 7.6 6.5.5.3 1.1.5 1.6.5s1.1-.2 1.6-.5c1-.6 2.8-2.2 7.8-6.8l2-1.8c.7-.6 1.3-1.2 2-1.7C42.7 29.6 48 25 48 17.6c0-8-6-14.5-13.4-14.5z\">\n            <\/path>\n        <\/symbol>\n    <\/defs>\n<\/svg>\n\n\n<script>\n    window.flow_flow_streams = window.flow_flow_streams || [];\n    window.flow_flow_streams.push({\"id\":\"1\",\"hash\":\"1777100784.1b81b74942b04d46f47b292617977b1684a3f779313e5cc9a90453b9e706d48eb4db88bbd7c4c385dde00007345d31de\",\"stream\":{\"cloud\":\"nope\",\"mod\":\"nope\",\"order\":\"compareByTime\",\"posts\":\"30\",\"page-posts\":\"5\",\"cache\":\"yep\",\"cache_lifetime\":\"10\",\"gallery\":\"nope\",\"gallery-type\":\"classic\",\"private\":\"nope\",\"hide-on-desktop\":\"nope\",\"hide-on-mobile\":\"nope\",\"max-res\":\"yep\",\"show-only-media-posts\":\"yep\",\"titles\":\"nope\",\"hidemeta\":\"yep\",\"hidetext\":\"yep\",\"headingcolor\":\"rgb(59, 61, 64)\",\"subheadingcolor\":\"rgb(114, 112, 114)\",\"hhalign\":\"center\",\"bgcolor\":\"rgb(255, 255, 255)\",\"filter\":\"yep\",\"filtercolor\":\"rgb(205, 205, 205)\",\"mobileslider\":\"nope\",\"viewportin\":\"yep\",\"width\":\"260\",\"margin\":\"20\",\"layout\":\"carousel\",\"theme\":\"classic\",\"gc-style\":\"style-1\",\"upic-pos\":\"off\",\"upic-style\":\"square\",\"bradius\":\"15\",\"icon-style\":\"off\",\"icon-col\":\"colored\",\"cardcolor\":\"rgb(255, 255, 255)\",\"namecolor\":\"rgb(59, 61, 64)\",\"textcolor\":\"rgb(131, 141, 143)\",\"linkscolor\":\"rgb(94, 159, 202)\",\"restcolor\":\"rgb(132, 118, 129)\",\"shadow\":\"rgba(0, 0, 0, 0.05)\",\"bcolor\":\"rgba(0, 0, 0, 0.75)\",\"talign\":\"left\",\"icons-style\":\"outline\",\"cards-num\":\"3\",\"scrolltop\":\"yep\",\"c-desktop\":\"5\",\"c-laptop\":\"4\",\"c-tablet-l\":\"3\",\"c-tablet-p\":\"2\",\"c-smart-l\":\"2\",\"c-smart-p\":\"1\",\"s-desktop\":\"15\",\"s-laptop\":\"15\",\"s-tablet-l\":\"10\",\"s-tablet-p\":\"10\",\"s-smart-l\":\"15\",\"s-smart-p\":\"15\",\"m-c-desktop\":\"5\",\"m-c-laptop\":\"4\",\"m-c-tablet-l\":\"3\",\"m-c-tablet-p\":\"2\",\"m-c-smart-l\":\"2\",\"m-c-smart-p\":\"1\",\"m-s-desktop\":\"15\",\"m-s-laptop\":\"15\",\"m-s-tablet-l\":\"10\",\"m-s-tablet-p\":\"10\",\"m-s-smart-l\":\"15\",\"m-s-smart-p\":\"15\",\"j-h-desktop\":\"260\",\"j-h-laptop\":\"240\",\"j-h-tablet-l\":\"220\",\"j-h-tablet-p\":\"200\",\"j-h-smart-l\":\"180\",\"j-h-smart-p\":\"160\",\"j-s-desktop\":\"0\",\"j-s-laptop\":\"0\",\"j-s-tablet-l\":\"0\",\"j-s-tablet-p\":\"0\",\"j-s-smart-l\":\"0\",\"j-s-smart-p\":\"0\",\"c-r-desktop\":\"1\",\"c-r-laptop\":\"1\",\"c-r-tablet-l\":\"1\",\"c-r-tablet-p\":\"1\",\"c-r-smart-l\":\"2\",\"c-r-smart-p\":\"2\",\"c-c-desktop\":\"5\",\"c-c-laptop\":\"4\",\"c-c-tablet-l\":\"3\",\"c-c-tablet-p\":\"3\",\"c-c-smart-l\":\"2\",\"c-c-smart-p\":\"2\",\"c-s-desktop\":\"0\",\"c-s-laptop\":\"0\",\"c-s-tablet-l\":\"0\",\"c-s-tablet-p\":\"0\",\"c-s-smart-l\":\"0\",\"c-s-smart-p\":\"0\",\"c-arrows-always\":\"yep\",\"c-arrows-mob\":\"nope\",\"c-dots\":\"yep\",\"c-dots-mob\":\"nope\",\"wallvm\":\"20\",\"wallhm\":\"0\",\"wallcomments\":\"yep\",\"g-ratio-w\":\"1\",\"g-ratio-h\":\"2\",\"g-ratio-img\":\"1\\\/2\",\"g-overlay\":\"nope\",\"m-overlay\":\"nope\",\"css\":\"\",\"template\":[\"image\",\"header\",\"text\",\"meta\"],\"tv\":\"nope\",\"tv-int\":\"5\",\"big\":\"nope\",\"id\":\"1\",\"last_changes\":1717580663,\"status\":\"1\",\"feeds\":[{\"id\":\"sb95027\",\"errors\":[],\"status\":\"1\",\"enabled\":\"yep\",\"last_update\":\"Avr 26 09:08\",\"cache_lifetime\":\"1440\",\"system_enabled\":\"1\",\"boosted\":\"nope\",\"timeline-type\":\"user_timeline\",\"content\":\"@theibizatwiins\",\"api-type\":\"official2\",\"posts\":\"5\",\"mod\":\"nope\",\"mod-approve\":\"nope\",\"type\":\"instagram\",\"include\":\"\",\"filter-by-words\":\"\",\"page\":\"1\"}],\"preview\":false},\"ads\":false,\"js_opts\":{\"streams\":{},\"open_in_new\":\"yep\",\"filter_all\":\"All\",\"filter_search\":\"Search\",\"expand_text\":\"Expand\",\"collapse_text\":\"Collapse\",\"posted_on\":\"Posted on\",\"followers\":\"Followers\",\"following\":\"Following\",\"posts\":\"Posts\",\"show_more\":\"Show more\",\"date_style\":\"agoStyleDate\",\"dates\":{\"Yesterday\":\"Yesterday\",\"s\":\"s\",\"m\":\"m\",\"h\":\"h\",\"ago\":\"ago\",\"months\":[\"Jan\",\"Feb\",\"March\",\"April\",\"May\",\"June\",\"July\",\"Aug\",\"Sept\",\"Oct\",\"Nov\",\"Dec\"]},\"lightbox_navigate\":\"Navigate with arrow keys\",\"view_on\":\"View on\",\"view_on_site\":\"View on site\",\"view_all\":\"View all\",\"comments\":\"comments\",\"scroll\":\"Scroll for more\",\"no_comments\":\"No comments yet.\",\"check_comments\":\"Check all comments\",\"be_first\":\"Be the first!\",\"loading\":\"Loading\",\"server_time\":1777222768,\"forceHTTPS\":\"nope\",\"isAdmin\":false,\"ajaxurl\":\"https:\\\/\\\/www.theibizatwiins.com\\\/wp-admin\\\/admin-ajax.php\",\"isLog\":false,\"plugin_base\":\"https:\\\/\\\/www.theibizatwiins.com\\\/wp-content\\\/plugins\\\/flow-flow\",\"plugin_ver\":\"4.9.84\",\"domain\":\"www.theibizatwiins.com\",\"refresh_nonce\":\"1c6d404beb\",\"token\":\"\"},\"domain\":\"www.theibizatwiins.com\",\"plugin_directory\":\"https:\\\/\\\/www.theibizatwiins.com\\\/wp-content\\\/plugins\\\/flow-flow\",\"plugin_base\":\"https:\\\/\\\/www.theibizatwiins.com\\\/wp-content\\\/plugins\\\/flow-flow\",\"version\":\"4.9.84\",\"ajaxurl\":\"https:\\\/\\\/www.theibizatwiins.com\\\/wp-admin\\\/admin-ajax.php\",\"disableCache\":false,\"page\":\"0\",\"is_preview\":false,\"boosted\":false,\"moderation\":false,\"admin\":false,\"dependencies\":[]});\n<\/script>\n\n<script src=\"https:\/\/www.theibizatwiins.com\/wp-content\/plugins\/flow-flow\/js\/stream-loader.js?ver=4.9.84\"><\/script>\n<!-- Flow-Flow \u2014 Social streams plugin for Wordpress -->[\/vc_column][\/vc_row][vc_row][vc_column][vc_raw_js]JTNDc2NyaXB0JTNFJTBBZG9jdW1lbnQucXVlcnlTZWxlY3RvckFsbCUyOCUyNy5vZmZlci1idXR0b24lMjclMjkuZm9yRWFjaCUyOCUyOGJ1dHRvbiUyOSUyMCUzRCUzRSUyMCU3QiUwQSUwOWJ1dHRvbi5hZGRFdmVudExpc3RlbmVyJTI4JTI3Y2xpY2slMjclMkNmdW5jdGlvbiUyOCUyOSU3QiUwQSUwOSUwOVJvaUVuZ2luZVdpZGdldC5jcmVhdGVPZmZlck1vZGFsJTI4dGhpcyUyOSUzQiUwQSUwOSU3RCUyOSUwQSU3RCUyOSUwQSUzQyUyRnNjcmlwdCUzRQ==[\/vc_raw_js][\/vc_column][\/vc_row]<\/p>\n<\/div>","protected":false},"excerpt":{"rendered":"<p>[vc_row full_width=\u00a0\u00bbstretch_row_content\u00a0\u00bb el_class=\u00a0\u00bbcabecera\u00a0\u00bb css=\u00a0\u00bb.vc_custom_1567759894150{padding-top: 120px !important;padding-bottom: 50px !important;background-color: #133844 !important;}\u00a0\u00bb][vc_column alignment=\u00a0\u00bbright\u00a0\u00bb][vc_custom_heading source=\u00a0\u00bbpost_title\u00a0\u00bb font_container=\u00a0\u00bbtag:h1|font_size:80|text_align:center|color:%23ffffff\u00a0\u00bb css=\u00a0\u00bb\u00a0\u00bb el_class=\u00a0\u00bbfmedium\u00a0\u00bb][\/vc_column][\/vc_row][vc_row full_width=\u00a0\u00bbstretch_row_content\u00a0\u00bb el_class=\u00a0\u00bbcabecera\u00a0\u00bb css=\u00a0\u00bb.vc_custom_1728645631262{padding-top: 120px !important;padding-bottom: 50px !important;background-color: #E6E7E1 !important;}\u00a0\u00bb][vc_column alignment=\u00a0\u00bbright\u00a0\u00bb css=\u00a0\u00bb.vc_custom_1728645768924{margin-top: 0px !important;margin-bottom: 0px !important;border-top-width: 0px !important;border-bottom-width: 0px !important;padding-top: 0px !important;padding-bottom: 0px !important;}\u00a0\u00bb][vc_custom_heading text=\u00a0\u00bbOBTENEZ UN MEILLEUR PRIX EN LIGNE &gt; PROFITEZ D\u2019UN PAIEMENT S\u00c9CURIS\u00c9 &gt; G\u00c9REZ VOTRE R\u00c9SERVATION &gt; B\u00c9N\u00c9FICIEZ [&hellip;]<\/p>\n","protected":false},"author":1,"featured_media":0,"parent":0,"menu_order":0,"comment_status":"closed","ping_status":"closed","template":"","meta":{"_acf_changed":false,"footnotes":""},"class_list":["post-14735","page","type-page","status-publish","hentry"],"acf":[],"_links":{"self":[{"href":"https:\/\/www.theibizatwiins.com\/fr\/wp-json\/wp\/v2\/pages\/14735","targetHints":{"allow":["GET"]}}],"collection":[{"href":"https:\/\/www.theibizatwiins.com\/fr\/wp-json\/wp\/v2\/pages"}],"about":[{"href":"https:\/\/www.theibizatwiins.com\/fr\/wp-json\/wp\/v2\/types\/page"}],"author":[{"embeddable":true,"href":"https:\/\/www.theibizatwiins.com\/fr\/wp-json\/wp\/v2\/users\/1"}],"replies":[{"embeddable":true,"href":"https:\/\/www.theibizatwiins.com\/fr\/wp-json\/wp\/v2\/comments?post=14735"}],"version-history":[{"count":17,"href":"https:\/\/www.theibizatwiins.com\/fr\/wp-json\/wp\/v2\/pages\/14735\/revisions"}],"predecessor-version":[{"id":16574,"href":"https:\/\/www.theibizatwiins.com\/fr\/wp-json\/wp\/v2\/pages\/14735\/revisions\/16574"}],"wp:attachment":[{"href":"https:\/\/www.theibizatwiins.com\/fr\/wp-json\/wp\/v2\/media?parent=14735"}],"curies":[{"name":"wp","href":"https:\/\/api.w.org\/{rel}","templated":true}]}}