{"id":16278,"date":"2025-10-28T12:26:55","date_gmt":"2025-10-28T11:26:55","guid":{"rendered":"https:\/\/www.theibizatwiins.com\/embrace-solarium\/"},"modified":"2025-11-11T05:12:09","modified_gmt":"2025-11-11T04:12:09","slug":"embrace-solarium","status":"publish","type":"page","link":"https:\/\/www.theibizatwiins.com\/fr\/chambres\/embrace-solarium\/","title":{"rendered":"Embrace Solarium"},"content":{"rendered":"<div class=\"wpb-content-wrapper\"><p>[vc_row full_width=\u00a0\u00bbstretch_row_content\u00a0\u00bb el_class=\u00a0\u00bbcabecera\u00a0\u00bb css=\u00a0\u00bb.vc_custom_1567759894150{padding-top: 120px !important;padding-bottom: 50px !important;background-color: #133844 !important;}\u00a0\u00bb][vc_column alignment=\u00a0\u00bbright\u00a0\u00bb][vc_row_inner css=\u00a0\u00bb.vc_custom_1567753203496{padding-bottom: 50px !important;}\u00a0\u00bb el_class=\u00a0\u00bbcontent\u00a0\u00bb][vc_column_inner][vc_custom_heading source=\u00a0\u00bbpost_title\u00a0\u00bb font_container=\u00a0\u00bbtag:h1|font_size:80|text_align:center|color:%23ffffff\u00a0\u00bb el_class=\u00a0\u00bbfmedium\u00a0\u00bb][vc_custom_heading text=\u00a0\u00bb\u00c9chappez \u00e0 l&rsquo;agitation de Playa d&rsquo;en Bossa sur la terrasse solarium \u00e0 acc\u00e8s priv\u00e9.\u00a0\u00bb font_container=\u00a0\u00bbtag:h2|font_size:40|text_align:center\u00a0\u00bb css=\u00a0\u00bb\u00a0\u00bb el_class=\u00a0\u00bbflightita white\u00a0\u00bb][\/vc_column_inner][\/vc_row_inner][\/vc_column][\/vc_row][vc_row full_width=\u00a0\u00bbstretch_row_content_no_spaces\u00a0\u00bb full_height=\u00a0\u00bbyes\u00a0\u00bb css=\u00a0\u00bb.vc_custom_1602578894488{background-image: url(https:\/\/www.theibizatwiins.com\/wp-content\/uploads\/2020\/10\/The-Ibiza-Twiins-Solarium-Room-1.jpg?id=4436) !important;background-position: center !important;background-repeat: no-repeat !important;background-size: cover !important;}\u00a0\u00bb el_class=\u00a0\u00bbfullscreen\u00a0\u00bb][vc_column][vc_empty_space][\/vc_column][\/vc_row][vc_row css=\u00a0\u00bb.vc_custom_1567693784478{padding-top: 100px !important;padding-bottom: 100px !important;}\u00a0\u00bb el_id=\u00a0\u00bbroom1&Prime;][vc_column width=\u00a0\u00bb1\/2&Prime;][vc_single_image image=\u00a0\u00bb1060&Prime; img_size=\u00a0\u00bbfull\u00a0\u00bb][\/vc_column][vc_column width=\u00a0\u00bb1\/2&Prime; css=\u00a0\u00bb.vc_custom_1567693890153{padding-left: 40px !important;}\u00a0\u00bb][vc_custom_heading text=\u00a0\u00bbEmbrace Solarium\u00a0\u00bb font_container=\u00a0\u00bbtag:h2|font_size:70|text_align:left\u00a0\u00bb css=\u00a0\u00bb.vc_custom_1761650302820{margin-top: 30px !important;}\u00a0\u00bb el_class=\u00a0\u00bbflightita\u00a0\u00bb][vc_column_text css=\u00a0\u00bb\u00a0\u00bb]Les fabuleuses chambres doubles Embrace Solarium font honneur \u00e0 leur nom gr\u00e2ce \u00e0 la terrasse solarium \u00e0 laquelle elles ont un acc\u00e8s exclusif. Un vaste espace ext\u00e9rieur o\u00f9 vous pourrez vous d\u00e9tendre et profiter d&rsquo;une vue magnifique sur la mer pendant vos vacances \u00e0 Ibiza. De plus, vous pourrez \u00e9galement acc\u00e9der et profiter des installations et du service exquis de la terrasse The Upper Level, un cadre exclusif \u00e0 la hauteur des clients les plus exigeants.[\/vc_column_text][vc_raw_html]JTNDYSUyMGhyZWYlM0QlMjIlMjNyZXNlcnZlciUyMiUyMGNsYXNzJTNEJTIyYnRuJTIwYm9va25vdzIlMjIlM0VSJUMzJUE5c2VydmVyJTNDJTJGYSUzRQ==[\/vc_raw_html][\/vc_column][\/vc_row][vc_row full_width=\u00a0\u00bbstretch_row_content_no_spaces\u00a0\u00bb el_id=\u00a0\u00bbgalroom\u00a0\u00bb][vc_column css=\u00a0\u00bb.vc_custom_1761639311624{padding-right: 10% !important;padding-left: 10% !important;}\u00a0\u00bb][vc_images_carousel images=\u00a0\u00bb15951,15956,15961,15966,15971,15976,15981&Prime; img_size=\u00a0\u00bbfull\u00a0\u00bb onclick=\u00a0\u00bblink_no\u00a0\u00bb autoplay=\u00a0\u00bbyes\u00a0\u00bb hide_pagination_control=\u00a0\u00bbyes\u00a0\u00bb wrap=\u00a0\u00bbyes\u00a0\u00bb css=\u00a0\u00bb\u00a0\u00bb][\/vc_column][\/vc_row][vc_row equal_height=\u00a0\u00bbyes\u00a0\u00bb el_class=\u00a0\u00bbroomcaracteristicas\u00a0\u00bb css=\u00a0\u00bb.vc_custom_1567757188632{padding-top: 100px !important;padding-bottom: 80px !important;}\u00a0\u00bb][vc_column width=\u00a0\u00bb1\/4&Prime; alignment=\u00a0\u00bbcenter\u00a0\u00bb][vc_raw_html]JTNDaW1nJTIwc3JjJTNEJTIyaHR0cHMlM0ElMkYlMkZ3d3cudGhlaWJpemF0d2lpbnMuY29tJTJGd3AtY29udGVudCUyRnRoZW1lcyUyRnR3aWlucyUyRmltYWdlcyUyRmktc3BhY2Uuc3ZnJTIyJTIwYWx0JTNEJTIyc3BhY2UlMjIlM0U=[\/vc_raw_html][vc_column_text]<strong>Taille<\/strong><\/p>\n<p>30 m\u00b2[\/vc_column_text][\/vc_column][vc_column width=\u00a0\u00bb1\/4&Prime; alignment=\u00a0\u00bbcenter\u00a0\u00bb][vc_raw_html]JTNDaW1nJTIwc3JjJTNEJTIyaHR0cHMlM0ElMkYlMkZ3d3cudGhlaWJpemF0d2lpbnMuY29tJTJGd3AtY29udGVudCUyRnRoZW1lcyUyRnR3aWlucyUyRmltYWdlcyUyRmktcGVvcGxlLnN2ZyUyMiUyMGFsdCUzRCUyMnBlb3BsZSUyMiUzRQ==[\/vc_raw_html][vc_column_text css=\u00a0\u00bb\u00a0\u00bb]<strong>Occupation<\/strong><\/p>\n<p>Maximum 2 adultes + 1 enfant[\/vc_column_text][\/vc_column][vc_column width=\u00a0\u00bb1\/4&Prime; alignment=\u00a0\u00bbcenter\u00a0\u00bb][vc_raw_html]JTNDaW1nJTIwc3JjJTNEJTIyaHR0cHMlM0ElMkYlMkZ3d3cudGhlaWJpemF0d2lpbnMuY29tJTJGd3AtY29udGVudCUyRnRoZW1lcyUyRnR3aWlucyUyRmltYWdlcyUyRmktYmVkLnN2ZyUyMiUyMGFsdCUzRCUyMmJlZCUyMiUzRQ==[\/vc_raw_html][vc_column_text css=\u00a0\u00bb\u00a0\u00bb]<strong>Lits<\/strong><\/p>\n<p>2 lits (1 x 2 m) ou lit King Size (2 x 2 m)[\/vc_column_text][\/vc_column][vc_column width=\u00a0\u00bb1\/4&Prime; alignment=\u00a0\u00bbcenter\u00a0\u00bb][vc_raw_html]JTNDaW1nJTIwc3JjJTNEJTIyaHR0cHMlM0ElMkYlMkZ3d3cudGhlaWJpemF0d2lpbnMuY29tJTJGd3AtY29udGVudCUyRnRoZW1lcyUyRnR3aWlucyUyRmltYWdlcyUyRmktYmF0aC5zdmclMjIlMjB3aWR0aCUzRCUyMjg2JTIyJTIwYWx0JTNEJTIyYmF0aCUyMiUzRQ==[\/vc_raw_html][vc_column_text]<strong>Salle de bain<\/strong><\/p>\n<p>Douche effet pluie[\/vc_column_text][\/vc_column][\/vc_row][vc_row el_class=\u00a0\u00bbroomcaracteristicas2&Prime;][vc_column width=\u00a0\u00bb1\/3&Prime;][vc_column_text]<strong>Caract\u00e9ristiques et services<\/strong>[\/vc_column_text][vc_column_text css=\u00a0\u00bb\u00a0\u00bb el_class=\u00a0\u00bblista-check\u00a0\u00bb]Acc\u00e8s non direct \u00e0 la terrasse \u00abThe Upper Level\u00bb<\/p>\n<p>Climatisation<\/p>\n<p>Peignoir et chaussons<\/p>\n<p>Balcon avec acc\u00e8s \u00e0 terrasse solarium<\/p>\n<p>Balcon avec mobilier<\/p>\n<p>Coffre-fort \u00e9lectronique<\/p>\n<p>Rideaux occultants<\/p>\n<p>Bureau<\/p>\n<p>Miroir grossissant<\/p>\n<p>Miroir corps complet<\/p>\n<p>Mini-bar fourni en boissons fra\u00eeches et snacks, non r\u00e9approvisionn\u00e9<\/p>\n<p>Room Service (frais suppl\u00e9mentaires)<\/p>\n<p>S\u00e8che-cheveux<\/p>\n<p>T\u00e9l\u00e9phone (frais suppl\u00e9mentaires)<\/p>\n<p>Terrasse avec hamac<\/p>\n<p>T\u00e9l\u00e9vision avec connexion satellite<\/p>\n<p>Vue lat\u00e9rale sur la mer<\/p>\n<p>Tension 220 V<\/p>\n<p>Wi-Fi gratuit[\/vc_column_text][\/vc_column][vc_column width=\u00a0\u00bb2\/3&Prime; css=\u00a0\u00bb.vc_custom_1567758274295{margin-top: 100px !important;}\u00a0\u00bb][vc_single_image image=\u00a0\u00bb14702&Prime; img_size=\u00a0\u00bb900&#215;700&Prime; css=\u00a0\u00bb\u00a0\u00bb][\/vc_column][\/vc_row][vc_row full_width=\u00a0\u00bbstretch_row\u00a0\u00bb css=\u00a0\u00bb.vc_custom_1699886825460{margin-top: 100px !important;padding-top: 80px !important;padding-bottom: 80px !important;background-color: #133844 !important;}\u00a0\u00bb el_id=\u00a0\u00bbreserver\u00a0\u00bb el_class=\u00a0\u00bbreservaroom\u00a0\u00bb][vc_column][vc_custom_heading text=\u00a0\u00bbR\u00c9SERVER\u00a0\u00bb font_container=\u00a0\u00bbtag:h2|font_size:60|text_align:center|color:%23ffffff\u00a0\u00bb el_class=\u00a0\u00bbfmedium\u00a0\u00bb][vc_column_text]<div id=\"buscadorslide\"><div id=\"roi-engine-container\" class=\"roi-engine-container\">\n\t\t\t\t    <div id=\"roi-engine-loading\" style=\"text-align: center; width: 100%; height: 113px; padding-top: 25px;\">\n\t\t\t\t        \n\t\t\t\t    <\/div>\n\t\t\t\t<\/div>\n\t\t\t\t<script>\n\t\t\t\t    (function(r,o,i){\n\t\t\t\t        var h=r.getElementsByTagName(o)[0],e=r.createElement(o);\n\t\t\t\t        e.src=\"https:\/\/ibizatwins.backhotelite.com\/fr\/roi-widgets\/engine.js?lang=fr\";\n\t\t\t\t        h.parentNode.insertBefore(e,h);\n\t\t\t\t    })(document,\"script\",\"\");\n\t\t\t\t<\/script><\/div>[\/vc_column_text][vc_column_text]<div id=\"contactmenu_room\">\n\t\t\t\t<div class=\"flightita\">Besoin d'aide?<\/div>\n\t\t\t\t<div class=\"cregular\"><img decoding=\"async\" src=\"https:\/\/www.theibizatwiins.com\/wp-content\/themes\/twiins\/images\/icono-call-center.png\" alt=\"icono telefono\" class=\"pr-10\"><a href=\"tel:+34971943015 \" target=\"_blank\">+34 971 943 015<\/a><\/div>\n\t\t\t<\/div>[\/vc_column_text][\/vc_column][\/vc_row][vc_row full_width=\u00a0\u00bbstretch_row\u00a0\u00bb disable_element=\u00a0\u00bbyes\u00a0\u00bb css=\u00a0\u00bb.vc_custom_1699886700446{margin-top: 100px !important;padding-top: 80px !important;padding-bottom: 80px !important;background-color: #133844 !important;}\u00a0\u00bb el_class=\u00a0\u00bbbookthisroom\u00a0\u00bb][vc_column][vc_custom_heading text=\u00a0\u00bbRESERVAR\u00a0\u00bb font_container=\u00a0\u00bbtag:h2|font_size:60|text_align:center|color:%23ffffff\u00a0\u00bb el_class=\u00a0\u00bbfmedium\u00a0\u00bb][vc_column_text]<form id=\"\" name=\"\" method=\"get\" action=\"https:\/\/theibizatwiins.bookinweb.es\/fr\/reserva\/\">\n\t\t\t\t \n\t\t\t\t <div class=\"ml_3pc\"><input type=\"text\" id=\"arrival2\" name=\"date_from\" placeholder=\"Entr\u00e9e\" \/> <\/div>\n\t\t\t\t <div><input type=\"text\" id=\"departure2\" name=\"date_to\" placeholder=\"Sortie\"\/> <input type=\"hidden\" name=\"hotel\" value=\"19\"\/><input type=\"hidden\" name=\"no_hab\" value=\"1\"\/><\/div>\n\t\t\t\t <input type=\"submit\" class=\"btn\" value=\"Voir disponibilit\u00e9\">\n\t\t\t<\/form>\n\n\t\t\t<div id=\"contactmenu_room\">\n\t\t\t\t<div class=\"flightita\">Besoin d'aide?<\/div>\n\t\t\t\t<div class=\"cregular\"><img decoding=\"async\" src=\"https:\/\/www.theibizatwiins.com\/wp-content\/uploads\/2019\/10\/ico-tel.png\" alt=\"icono telefono\"><a href=\"tel:+34971302158 \" target=\"_blank\">971 302 158<\/a><\/div>\n\t\t\t\t<div class=\"cregular dis_non\"><img decoding=\"async\" src=\"https:\/\/www.theibizatwiins.com\/wp-content\/uploads\/2019\/10\/ico-chat.png\" alt=\"icono chat\"><span>Ouvrir chat<\/span><\/div>\n\t\t\t<\/div>[\/vc_column_text][\/vc_column][\/vc_row][vc_row full_width=\u00a0\u00bbstretch_row_content_no_spaces\u00a0\u00bb content_placement=\u00a0\u00bbbottom\u00a0\u00bb el_class=\u00a0\u00bbroom\u00a0\u00bb css=\u00a0\u00bb.vc_custom_1567694978192{margin-top: 100px !important;margin-bottom: 100px !important;}\u00a0\u00bb][vc_column width=\u00a0\u00bb1\/4&Prime; alignment=\u00a0\u00bbright\u00a0\u00bb][vc_custom_heading text=\u00a0\u00bbOtras habitaciones\u00a0\u00bb font_container=\u00a0\u00bbtag:h2|text_align:right\u00a0\u00bb el_class=\u00a0\u00bbvertical\u00a0\u00bb link=\u00a0\u00bburl:https%3A%2F%2Fwww.theibizatwiins.com%2Fhabitaciones%2F|||\u00a0\u00bb][\/vc_column][vc_column width=\u00a0\u00bb3\/4&Prime;][vc_column_text][mpc_carousel_posts single_scroll=\u00a0\u00bbtrue\u00a0\u00bb loop=\u00a0\u00bbtrue\u00a0\u00bb rows=\u00a0\u00bb1&Prime; cols=\u00a0\u00bb3&Prime; gap=\u00a0\u00bb50&Prime; start_at=\u00a0\u00bb1&Prime; post_type=\u00a0\u00bbids\u00a0\u00bb ids=\u00a0\u00bb143, 141, 139, 137, 135, 133, 270, 586&Prime; thumb_height=\u00a0\u00bb650&Prime; mpc_button__disable=\u00a0\u00bbtrue\u00a0\u00bb mpc_button__mpc_tooltip__border_divider=\u00a0\u00bbtrue\u00a0\u00bb mpc_button__mpc_tooltip__padding_divider=\u00a0\u00bbtrue\u00a0\u00bb mpc_navigation__preset=\u00a0\u00bbpreset_0&Prime; mpc_navigation__prev_margin_divider=\u00a0\u00bbtrue\u00a0\u00bb mpc_navigation__next_margin_divider=\u00a0\u00bbtrue\u00a0\u00bb mpc_navigation__padding_divider=\u00a0\u00bbtrue\u00a0\u00bb][\/vc_column_text][\/vc_column][\/vc_row]<\/p>\n<\/div>","protected":false},"excerpt":{"rendered":"<p>[vc_row full_width=\u00a0\u00bbstretch_row_content\u00a0\u00bb el_class=\u00a0\u00bbcabecera\u00a0\u00bb css=\u00a0\u00bb.vc_custom_1567759894150{padding-top: 120px !important;padding-bottom: 50px !important;background-color: #133844 !important;}\u00a0\u00bb][vc_column alignment=\u00a0\u00bbright\u00a0\u00bb][vc_row_inner css=\u00a0\u00bb.vc_custom_1567753203496{padding-bottom: 50px !important;}\u00a0\u00bb el_class=\u00a0\u00bbcontent\u00a0\u00bb][vc_column_inner][vc_custom_heading source=\u00a0\u00bbpost_title\u00a0\u00bb font_container=\u00a0\u00bbtag:h1|font_size:80|text_align:center|color:%23ffffff\u00a0\u00bb el_class=\u00a0\u00bbfmedium\u00a0\u00bb][vc_custom_heading text=\u00a0\u00bb\u00c9chappez \u00e0 l&rsquo;agitation de Playa d&rsquo;en Bossa sur la terrasse solarium \u00e0 acc\u00e8s priv\u00e9.\u00a0\u00bb font_container=\u00a0\u00bbtag:h2|font_size:40|text_align:center\u00a0\u00bb css=\u00a0\u00bb\u00a0\u00bb el_class=\u00a0\u00bbflightita white\u00a0\u00bb][\/vc_column_inner][\/vc_row_inner][\/vc_column][\/vc_row][vc_row full_width=\u00a0\u00bbstretch_row_content_no_spaces\u00a0\u00bb full_height=\u00a0\u00bbyes\u00a0\u00bb css=\u00a0\u00bb.vc_custom_1602578894488{background-image: url(https:\/\/www.theibizatwiins.com\/wp-content\/uploads\/2020\/10\/The-Ibiza-Twiins-Solarium-Room-1.jpg?id=4436) !important;background-position: center !important;background-repeat: no-repeat !important;background-size: cover !important;}\u00a0\u00bb el_class=\u00a0\u00bbfullscreen\u00a0\u00bb][vc_column][vc_empty_space][\/vc_column][\/vc_row][vc_row css=\u00a0\u00bb.vc_custom_1567693784478{padding-top: 100px !important;padding-bottom: 100px !important;}\u00a0\u00bb el_id=\u00a0\u00bbroom1&Prime;][vc_column width=\u00a0\u00bb1\/2&Prime;][vc_single_image [&hellip;]<\/p>\n","protected":false},"author":1,"featured_media":0,"parent":16355,"menu_order":0,"comment_status":"closed","ping_status":"closed","template":"","meta":{"_acf_changed":false,"footnotes":""},"class_list":["post-16278","page","type-page","status-publish","hentry"],"acf":[],"_links":{"self":[{"href":"https:\/\/www.theibizatwiins.com\/fr\/wp-json\/wp\/v2\/pages\/16278","targetHints":{"allow":["GET"]}}],"collection":[{"href":"https:\/\/www.theibizatwiins.com\/fr\/wp-json\/wp\/v2\/pages"}],"about":[{"href":"https:\/\/www.theibizatwiins.com\/fr\/wp-json\/wp\/v2\/types\/page"}],"author":[{"embeddable":true,"href":"https:\/\/www.theibizatwiins.com\/fr\/wp-json\/wp\/v2\/users\/1"}],"replies":[{"embeddable":true,"href":"https:\/\/www.theibizatwiins.com\/fr\/wp-json\/wp\/v2\/comments?post=16278"}],"version-history":[{"count":2,"href":"https:\/\/www.theibizatwiins.com\/fr\/wp-json\/wp\/v2\/pages\/16278\/revisions"}],"predecessor-version":[{"id":16286,"href":"https:\/\/www.theibizatwiins.com\/fr\/wp-json\/wp\/v2\/pages\/16278\/revisions\/16286"}],"up":[{"embeddable":true,"href":"https:\/\/www.theibizatwiins.com\/fr\/wp-json\/wp\/v2\/pages\/16355"}],"wp:attachment":[{"href":"https:\/\/www.theibizatwiins.com\/fr\/wp-json\/wp\/v2\/media?parent=16278"}],"curies":[{"name":"wp","href":"https:\/\/api.w.org\/{rel}","templated":true}]}}