{"id":16306,"date":"2025-10-28T13:17:45","date_gmt":"2025-10-28T12:17:45","guid":{"rendered":"https:\/\/www.theibizatwiins.com\/roam-solo\/"},"modified":"2025-11-11T09:33:34","modified_gmt":"2025-11-11T08:33:34","slug":"roam-solo","status":"publish","type":"page","link":"https:\/\/www.theibizatwiins.com\/fr\/chambres\/roam-solo\/","title":{"rendered":"Roam Solo"},"content":{"rendered":"<div class=\"wpb-content-wrapper\"><p>[vc_row full_width=\u00a0\u00bbstretch_row_content\u00a0\u00bb el_class=\u00a0\u00bbcabecera\u00a0\u00bb css=\u00a0\u00bb.vc_custom_1567759894150{padding-top: 120px !important;padding-bottom: 50px !important;background-color: #133844 !important;}\u00a0\u00bb][vc_column alignment=\u00a0\u00bbright\u00a0\u00bb][vc_row_inner css=\u00a0\u00bb.vc_custom_1567753203496{padding-bottom: 50px !important;}\u00a0\u00bb el_class=\u00a0\u00bbcontent\u00a0\u00bb][vc_column_inner][vc_custom_heading source=\u00a0\u00bbpost_title\u00a0\u00bb font_container=\u00a0\u00bbtag:h1|font_size:80|text_align:center|color:%23ffffff\u00a0\u00bb el_class=\u00a0\u00bbfmedium\u00a0\u00bb][vc_custom_heading text=\u00a0\u00bbUne garantie de confidentialit\u00e9 et de confort\u00a0\u00bb font_container=\u00a0\u00bbtag:h2|font_size:40|text_align:center\u00a0\u00bb css=\u00a0\u00bb\u00a0\u00bb el_class=\u00a0\u00bbflightita white\u00a0\u00bb][\/vc_column_inner][\/vc_row_inner][\/vc_column][\/vc_row][vc_row full_width=\u00a0\u00bbstretch_row_content_no_spaces\u00a0\u00bb full_height=\u00a0\u00bbyes\u00a0\u00bb css=\u00a0\u00bb.vc_custom_1761652986186{background-image: url(https:\/\/www.theibizatwiins.com\/wp-content\/uploads\/2025\/10\/the_ibiza_twiins_roam_solo-2.jpg?id=16045) !important;background-position: center !important;background-repeat: no-repeat !important;background-size: cover !important;}\u00a0\u00bb el_class=\u00a0\u00bbfullscreen\u00a0\u00bb][vc_column][vc_empty_space][\/vc_column][\/vc_row][vc_row css=\u00a0\u00bb.vc_custom_1567693784478{padding-top: 100px !important;padding-bottom: 100px !important;}\u00a0\u00bb el_id=\u00a0\u00bbroom1&Prime;][vc_column width=\u00a0\u00bb1\/2&Prime;][vc_single_image image=\u00a0\u00bb16062&Prime; img_size=\u00a0\u00bbfull\u00a0\u00bb css=\u00a0\u00bb\u00a0\u00bb][\/vc_column][vc_column width=\u00a0\u00bb1\/2&Prime; css=\u00a0\u00bb.vc_custom_1567693890153{padding-left: 40px !important;}\u00a0\u00bb][vc_custom_heading text=\u00a0\u00bbRoam Solo\u00a0\u00bb font_container=\u00a0\u00bbtag:h2|font_size:70|text_align:left\u00a0\u00bb css=\u00a0\u00bb.vc_custom_1761652843993{margin-top: 30px !important;}\u00a0\u00bb el_class=\u00a0\u00bbflightita\u00a0\u00bb][vc_column_text css=\u00a0\u00bb\u00a0\u00bb]Roam Solo, un espace rien que pour vous. Confortable et dot\u00e9 de tout ce dont vous avez besoin, ce complexe h\u00f4telier ne vous laissera pas indiff\u00e9rent. Son emplacement, \u00e0 seulement 2 km d&rsquo;Ibiza et \u00e0 6 km de l&rsquo;a\u00e9roport, et ses installations, con\u00e7ues pour vous faire vibrer \u00e0 travers des exp\u00e9riences uniques, feront de ce complexe le choix id\u00e9al pour votre s\u00e9jour sur cette \u00eele merveilleuse. Ils offrent une vue sur la montagne et ne disposent pas de balcon\/terrasse.[\/vc_column_text][vc_raw_html]JTNDYSUyMGhyZWYlM0QlMjIlMjNyZXNlcnZlciUyMiUyMGNsYXNzJTNEJTIyYnRuJTIwYm9va25vdzIlMjIlM0VSJUMzJUE5c2VydmVyJTNDJTJGYSUzRQ==[\/vc_raw_html][\/vc_column][\/vc_row][vc_row full_width=\u00a0\u00bbstretch_row_content_no_spaces\u00a0\u00bb equal_height=\u00a0\u00bbyes\u00a0\u00bb el_id=\u00a0\u00bbroom2&Prime;][vc_column width=\u00a0\u00bb1\/2&Prime; el_class=\u00a0\u00bbbloquecuadrado\u00a0\u00bb css=\u00a0\u00bb.vc_custom_1761653057130{background-image: url(https:\/\/www.theibizatwiins.com\/wp-content\/uploads\/2025\/10\/the_ibiza_twiins_roam_solo-1.jpg?id=16051) !important;background-position: center !important;background-repeat: no-repeat !important;background-size: cover !important;}\u00a0\u00bb][vc_empty_space][\/vc_column][vc_column width=\u00a0\u00bb1\/2&Prime; el_class=\u00a0\u00bbbloquecuadrado\u00a0\u00bb css=\u00a0\u00bb.vc_custom_1761653085287{background-image: url(https:\/\/www.theibizatwiins.com\/wp-content\/uploads\/2025\/10\/the_ibiza_twiins_roam_solo-3.jpg?id=16056) !important;background-position: center !important;background-repeat: no-repeat !important;background-size: cover !important;}\u00a0\u00bb][vc_empty_space][\/vc_column][\/vc_row][vc_row equal_height=\u00a0\u00bbyes\u00a0\u00bb el_class=\u00a0\u00bbroomcaracteristicas\u00a0\u00bb css=\u00a0\u00bb.vc_custom_1567757188632{padding-top: 100px !important;padding-bottom: 80px !important;}\u00a0\u00bb][vc_column width=\u00a0\u00bb1\/4&Prime; alignment=\u00a0\u00bbcenter\u00a0\u00bb][vc_raw_html]JTNDaW1nJTIwc3JjJTNEJTIyaHR0cHMlM0ElMkYlMkZ3d3cudGhlaWJpemF0d2lpbnMuY29tJTJGd3AtY29udGVudCUyRnRoZW1lcyUyRnR3aWlucyUyRmltYWdlcyUyRmktc3BhY2Uuc3ZnJTIyJTIwYWx0JTNEJTIydGFpbGxlJTIyJTNF[\/vc_raw_html][vc_column_text]<strong>Taille<\/strong><\/p>\n<p>16-19 m\u00b2[\/vc_column_text][\/vc_column][vc_column width=\u00a0\u00bb1\/4&Prime; alignment=\u00a0\u00bbcenter\u00a0\u00bb][vc_raw_html]JTNDaW1nJTIwc3JjJTNEJTIyaHR0cHMlM0ElMkYlMkZ3d3cudGhlaWJpemF0d2lpbnMuY29tJTJGd3AtY29udGVudCUyRnRoZW1lcyUyRnR3aWlucyUyRmltYWdlcyUyRmktcGVvcGxlLnN2ZyUyMiUyMGFsdCUzRCUyMm9jY3VwYXRpb24lMjIlM0U=[\/vc_raw_html][vc_column_text css=\u00a0\u00bb\u00a0\u00bb]<strong>Occupation<\/strong><\/p>\n<p>Maximum 1 adulte[\/vc_column_text][\/vc_column][vc_column width=\u00a0\u00bb1\/4&Prime; alignment=\u00a0\u00bbcenter\u00a0\u00bb][vc_raw_html]JTNDaW1nJTIwc3JjJTNEJTIyaHR0cHMlM0ElMkYlMkZ3d3cudGhlaWJpemF0d2lpbnMuY29tJTJGd3AtY29udGVudCUyRnRoZW1lcyUyRnR3aWlucyUyRmltYWdlcyUyRmktYmVkLnN2ZyUyMiUyMGFsdCUzRCUyMmxpdCUyMiUzRQ==[\/vc_raw_html][vc_column_text css=\u00a0\u00bb\u00a0\u00bb]<strong>Lit<\/strong><\/p>\n<p>Lit 135&#215;2 m<\/p>\n<p>[\/vc_column_text][\/vc_column][vc_column width=\u00a0\u00bb1\/4&Prime; alignment=\u00a0\u00bbcenter\u00a0\u00bb][vc_raw_html]JTNDaW1nJTIwc3JjJTNEJTIyaHR0cHMlM0ElMkYlMkZ3d3cudGhlaWJpemF0d2lpbnMuY29tJTJGd3AtY29udGVudCUyRnRoZW1lcyUyRnR3aWlucyUyRmltYWdlcyUyRmktYmF0aC5zdmclMjIlMjB3aWR0aCUzRCUyMjg2JTIyJTIwYWx0JTNEJTIyc2FsbGUlMjBkZSUyMGJhaW4lMjIlM0U=[\/vc_raw_html][vc_column_text]<strong>Salle de bain<\/strong><\/p>\n<p>Douche effet pluie[\/vc_column_text][\/vc_column][\/vc_row][vc_row el_class=\u00a0\u00bbroomcaracteristicas2&Prime;][vc_column width=\u00a0\u00bb1\/3&Prime;][vc_column_text]<strong>Caract\u00e9ristiques et services<\/strong>[\/vc_column_text][vc_column_text css=\u00a0\u00bb\u00a0\u00bb el_class=\u00a0\u00bblista-check\u00a0\u00bb]Climatisation<\/p>\n<p>Coffre-fort \u00e9lectronique<\/p>\n<p>Rideaux occultants<\/p>\n<p>Bureau<\/p>\n<p>Miroir grossissant<\/p>\n<p>Miroir corps complet<\/p>\n<p>Mini-bar fourni en boissons fra\u00eeches, non r\u00e9approvisionn\u00e9<\/p>\n<p>Room Service (frais suppl\u00e9mentaires)<\/p>\n<p>S\u00e8che-cheveux<\/p>\n<p>Sans balcon<\/p>\n<p>T\u00e9l\u00e9phone (frais suppl\u00e9mentaires)<\/p>\n<p>T\u00e9l\u00e9vision avec connexion satellite<\/p>\n<p>Vues sur la montagne<\/p>\n<p>Tension 220 V<\/p>\n<p>Wi-Fi gratuit[\/vc_column_text][\/vc_column][vc_column width=\u00a0\u00bb2\/3&Prime; css=\u00a0\u00bb.vc_custom_1567758274295{margin-top: 100px !important;}\u00a0\u00bb][vc_single_image image=\u00a0\u00bb3861&Prime; img_size=\u00a0\u00bb900&#215;850&Prime; css=\u00a0\u00bb\u00a0\u00bb][\/vc_column][\/vc_row][vc_row full_width=\u00a0\u00bbstretch_row\u00a0\u00bb css=\u00a0\u00bb.vc_custom_1699879703197{margin-top: 100px !important;padding-top: 80px !important;padding-bottom: 80px !important;background-color: #133844 !important;}\u00a0\u00bb el_id=\u00a0\u00bbreserver\u00a0\u00bb el_class=\u00a0\u00bbreservaroom\u00a0\u00bb][vc_column][vc_custom_heading text=\u00a0\u00bbR\u00c9SERVER\u00a0\u00bb font_container=\u00a0\u00bbtag:h2|font_size:60|text_align:center|color:%23ffffff\u00a0\u00bb el_class=\u00a0\u00bbfmedium\u00a0\u00bb][vc_column_text]<div id=\"buscadorslide\"><div id=\"roi-engine-container\" class=\"roi-engine-container\">\n\t\t\t\t    <div id=\"roi-engine-loading\" style=\"text-align: center; width: 100%; height: 113px; padding-top: 25px;\">\n\t\t\t\t        \n\t\t\t\t    <\/div>\n\t\t\t\t<\/div>\n\t\t\t\t<script>\n\t\t\t\t    (function(r,o,i){\n\t\t\t\t        var h=r.getElementsByTagName(o)[0],e=r.createElement(o);\n\t\t\t\t        e.src=\"https:\/\/ibizatwins.backhotelite.com\/fr\/roi-widgets\/engine.js?lang=fr\";\n\t\t\t\t        h.parentNode.insertBefore(e,h);\n\t\t\t\t    })(document,\"script\",\"\");\n\t\t\t\t<\/script><\/div>[\/vc_column_text][vc_column_text]<div id=\"contactmenu_room\">\n\t\t\t\t<div class=\"flightita\">Besoin d'aide?<\/div>\n\t\t\t\t<div class=\"cregular\"><img decoding=\"async\" src=\"https:\/\/www.theibizatwiins.com\/wp-content\/themes\/twiins\/images\/icono-call-center.png\" alt=\"icono telefono\" class=\"pr-10\"><a href=\"tel:+34971943015 \" target=\"_blank\">+34 971 943 015<\/a><\/div>\n\t\t\t<\/div>[\/vc_column_text][\/vc_column][\/vc_row][vc_row full_width=\u00a0\u00bbstretch_row\u00a0\u00bb disable_element=\u00a0\u00bbyes\u00a0\u00bb css=\u00a0\u00bb.vc_custom_1699879537229{margin-top: 100px !important;padding-top: 80px !important;padding-bottom: 80px !important;background-color: #133844 !important;}\u00a0\u00bb el_class=\u00a0\u00bbbookthisroom\u00a0\u00bb][vc_column][vc_custom_heading text=\u00a0\u00bbRESERVAR\u00a0\u00bb font_container=\u00a0\u00bbtag:h2|font_size:60|text_align:center|color:%23ffffff\u00a0\u00bb el_class=\u00a0\u00bbfmedium\u00a0\u00bb][vc_column_text]<form id=\"\" name=\"\" method=\"get\" action=\"https:\/\/theibizatwiins.bookinweb.es\/fr\/reserva\/\">\n\t\t\t\t \n\t\t\t\t <div class=\"ml_3pc\"><input type=\"text\" id=\"arrival2\" name=\"date_from\" placeholder=\"Entr\u00e9e\" \/> <\/div>\n\t\t\t\t <div><input type=\"text\" id=\"departure2\" name=\"date_to\" placeholder=\"Sortie\"\/> <input type=\"hidden\" name=\"hotel\" value=\"19\"\/><input type=\"hidden\" name=\"no_hab\" value=\"1\"\/><\/div>\n\t\t\t\t <input type=\"submit\" class=\"btn\" value=\"Voir disponibilit\u00e9\">\n\t\t\t<\/form>\n\n\t\t\t<div id=\"contactmenu_room\">\n\t\t\t\t<div class=\"flightita\">Besoin d'aide?<\/div>\n\t\t\t\t<div class=\"cregular\"><img decoding=\"async\" src=\"https:\/\/www.theibizatwiins.com\/wp-content\/uploads\/2019\/10\/ico-tel.png\" alt=\"icono telefono\"><a href=\"tel:+34971302158 \" target=\"_blank\">971 302 158<\/a><\/div>\n\t\t\t\t<div class=\"cregular dis_non\"><img decoding=\"async\" src=\"https:\/\/www.theibizatwiins.com\/wp-content\/uploads\/2019\/10\/ico-chat.png\" alt=\"icono chat\"><span>Ouvrir chat<\/span><\/div>\n\t\t\t<\/div>[\/vc_column_text][\/vc_column][\/vc_row][vc_row full_width=\u00a0\u00bbstretch_row_content_no_spaces\u00a0\u00bb content_placement=\u00a0\u00bbbottom\u00a0\u00bb el_class=\u00a0\u00bbroom\u00a0\u00bb css=\u00a0\u00bb.vc_custom_1567694978192{margin-top: 100px !important;margin-bottom: 100px !important;}\u00a0\u00bb][vc_column width=\u00a0\u00bb1\/4&Prime; alignment=\u00a0\u00bbright\u00a0\u00bb][vc_custom_heading text=\u00a0\u00bbOtras habitaciones\u00a0\u00bb font_container=\u00a0\u00bbtag:h2|text_align:right\u00a0\u00bb el_class=\u00a0\u00bbvertical\u00a0\u00bb link=\u00a0\u00bburl:https%3A%2F%2Fwww.theibizatwiins.com%2Fhabitaciones%2F|title:Rooms||\u00a0\u00bb][\/vc_column][vc_column width=\u00a0\u00bb3\/4&Prime;][vc_column_text][mpc_carousel_posts single_scroll=\u00a0\u00bbtrue\u00a0\u00bb loop=\u00a0\u00bbtrue\u00a0\u00bb rows=\u00a0\u00bb1&Prime; cols=\u00a0\u00bb3&Prime; gap=\u00a0\u00bb50&Prime; start_at=\u00a0\u00bb1&Prime; post_type=\u00a0\u00bbids\u00a0\u00bb ids=\u00a0\u00bb143, 141, 139, 135, 133, 76, 270, 586&Prime; thumb_height=\u00a0\u00bb650&Prime; mpc_button__disable=\u00a0\u00bbtrue\u00a0\u00bb mpc_button__mpc_tooltip__border_divider=\u00a0\u00bbtrue\u00a0\u00bb mpc_button__mpc_tooltip__padding_divider=\u00a0\u00bbtrue\u00a0\u00bb mpc_navigation__preset=\u00a0\u00bbpreset_0&Prime; mpc_navigation__prev_margin_divider=\u00a0\u00bbtrue\u00a0\u00bb mpc_navigation__next_margin_divider=\u00a0\u00bbtrue\u00a0\u00bb mpc_navigation__padding_divider=\u00a0\u00bbtrue\u00a0\u00bb][\/vc_column_text][\/vc_column][\/vc_row]<\/p>\n<\/div>","protected":false},"excerpt":{"rendered":"<p>[vc_row full_width=\u00a0\u00bbstretch_row_content\u00a0\u00bb el_class=\u00a0\u00bbcabecera\u00a0\u00bb css=\u00a0\u00bb.vc_custom_1567759894150{padding-top: 120px !important;padding-bottom: 50px !important;background-color: #133844 !important;}\u00a0\u00bb][vc_column alignment=\u00a0\u00bbright\u00a0\u00bb][vc_row_inner css=\u00a0\u00bb.vc_custom_1567753203496{padding-bottom: 50px !important;}\u00a0\u00bb el_class=\u00a0\u00bbcontent\u00a0\u00bb][vc_column_inner][vc_custom_heading source=\u00a0\u00bbpost_title\u00a0\u00bb font_container=\u00a0\u00bbtag:h1|font_size:80|text_align:center|color:%23ffffff\u00a0\u00bb el_class=\u00a0\u00bbfmedium\u00a0\u00bb][vc_custom_heading text=\u00a0\u00bbUne garantie de confidentialit\u00e9 et de confort\u00a0\u00bb font_container=\u00a0\u00bbtag:h2|font_size:40|text_align:center\u00a0\u00bb css=\u00a0\u00bb\u00a0\u00bb el_class=\u00a0\u00bbflightita white\u00a0\u00bb][\/vc_column_inner][\/vc_row_inner][\/vc_column][\/vc_row][vc_row full_width=\u00a0\u00bbstretch_row_content_no_spaces\u00a0\u00bb full_height=\u00a0\u00bbyes\u00a0\u00bb css=\u00a0\u00bb.vc_custom_1761652986186{background-image: url(https:\/\/www.theibizatwiins.com\/wp-content\/uploads\/2025\/10\/the_ibiza_twiins_roam_solo-2.jpg?id=16045) !important;background-position: center !important;background-repeat: no-repeat !important;background-size: cover !important;}\u00a0\u00bb el_class=\u00a0\u00bbfullscreen\u00a0\u00bb][vc_column][vc_empty_space][\/vc_column][\/vc_row][vc_row css=\u00a0\u00bb.vc_custom_1567693784478{padding-top: 100px !important;padding-bottom: 100px !important;}\u00a0\u00bb el_id=\u00a0\u00bbroom1&Prime;][vc_column width=\u00a0\u00bb1\/2&Prime;][vc_single_image image=\u00a0\u00bb16062&Prime; img_size=\u00a0\u00bbfull\u00a0\u00bb css=\u00a0\u00bb\u00a0\u00bb][\/vc_column][vc_column width=\u00a0\u00bb1\/2&Prime; css=\u00a0\u00bb.vc_custom_1567693890153{padding-left: 40px !important;}\u00a0\u00bb][vc_custom_heading [&hellip;]<\/p>\n","protected":false},"author":1,"featured_media":0,"parent":16355,"menu_order":0,"comment_status":"closed","ping_status":"closed","template":"","meta":{"_acf_changed":false,"footnotes":""},"class_list":["post-16306","page","type-page","status-publish","hentry"],"acf":[],"_links":{"self":[{"href":"https:\/\/www.theibizatwiins.com\/fr\/wp-json\/wp\/v2\/pages\/16306","targetHints":{"allow":["GET"]}}],"collection":[{"href":"https:\/\/www.theibizatwiins.com\/fr\/wp-json\/wp\/v2\/pages"}],"about":[{"href":"https:\/\/www.theibizatwiins.com\/fr\/wp-json\/wp\/v2\/types\/page"}],"author":[{"embeddable":true,"href":"https:\/\/www.theibizatwiins.com\/fr\/wp-json\/wp\/v2\/users\/1"}],"replies":[{"embeddable":true,"href":"https:\/\/www.theibizatwiins.com\/fr\/wp-json\/wp\/v2\/comments?post=16306"}],"version-history":[{"count":2,"href":"https:\/\/www.theibizatwiins.com\/fr\/wp-json\/wp\/v2\/pages\/16306\/revisions"}],"predecessor-version":[{"id":16314,"href":"https:\/\/www.theibizatwiins.com\/fr\/wp-json\/wp\/v2\/pages\/16306\/revisions\/16314"}],"up":[{"embeddable":true,"href":"https:\/\/www.theibizatwiins.com\/fr\/wp-json\/wp\/v2\/pages\/16355"}],"wp:attachment":[{"href":"https:\/\/www.theibizatwiins.com\/fr\/wp-json\/wp\/v2\/media?parent=16306"}],"curies":[{"name":"wp","href":"https:\/\/api.w.org\/{rel}","templated":true}]}}