{"id":16434,"date":"2025-10-28T13:46:31","date_gmt":"2025-10-28T12:46:31","guid":{"rendered":"https:\/\/www.theibizatwiins.com\/chambres\/twiins-experience\/"},"modified":"2025-11-13T09:02:08","modified_gmt":"2025-11-13T08:02:08","slug":"twiins-experience","status":"publish","type":"page","link":"https:\/\/www.theibizatwiins.com\/fr\/chambres\/twiins-experience\/","title":{"rendered":"TwIIns Experience"},"content":{"rendered":"<div class=\"wpb-content-wrapper\"><p>[vc_row full_width=\u00a0\u00bbstretch_row_content\u00a0\u00bb el_class=\u00a0\u00bbcabecera\u00a0\u00bb css=\u00a0\u00bb.vc_custom_1567759894150{padding-top: 120px !important;padding-bottom: 50px !important;background-color: #133844 !important;}\u00a0\u00bb][vc_column alignment=\u00a0\u00bbright\u00a0\u00bb][vc_row_inner css=\u00a0\u00bb.vc_custom_1567753203496{padding-bottom: 50px !important;}\u00a0\u00bb el_class=\u00a0\u00bbcontent\u00a0\u00bb][vc_column_inner][vc_custom_heading source=\u00a0\u00bbpost_title\u00a0\u00bb font_container=\u00a0\u00bbtag:h1|font_size:80|text_align:center|color:%23ffffff\u00a0\u00bb el_class=\u00a0\u00bbfmedium\u00a0\u00bb][vc_custom_heading text=\u00a0\u00bbLe parfum de la mer, d\u2019Ibiza et de la M\u00e9diterran\u00e9e \u00e0 chaque inspiration\u00a0\u00bb font_container=\u00a0\u00bbtag:h2|font_size:40|text_align:center\u00a0\u00bb css=\u00a0\u00bb\u00a0\u00bb el_class=\u00a0\u00bbflightita white\u00a0\u00bb][\/vc_column_inner][\/vc_row_inner][\/vc_column][\/vc_row][vc_row full_width=\u00a0\u00bbstretch_row_content_no_spaces\u00a0\u00bb full_height=\u00a0\u00bbyes\u00a0\u00bb css=\u00a0\u00bb.vc_custom_1763003833150{background-image: url(https:\/\/www.theibizatwiins.com\/wp-content\/uploads\/2025\/11\/TwIIns-Experience.4.jpg?id=16376) !important;background-position: center !important;background-repeat: no-repeat !important;background-size: cover !important;}\u00a0\u00bb el_class=\u00a0\u00bbfullscreen\u00a0\u00bb][vc_column][vc_empty_space][\/vc_column][\/vc_row][vc_row css=\u00a0\u00bb.vc_custom_1567693784478{padding-top: 100px !important;padding-bottom: 100px !important;}\u00a0\u00bb el_id=\u00a0\u00bbroom1&Prime;][vc_column width=\u00a0\u00bb1\/2&Prime;][vc_single_image image=\u00a0\u00bb16422&Prime; img_size=\u00a0\u00bbfull\u00a0\u00bb css=\u00a0\u00bb\u00a0\u00bb][\/vc_column][vc_column width=\u00a0\u00bb1\/2&Prime; css=\u00a0\u00bb.vc_custom_1567693890153{padding-left: 40px !important;}\u00a0\u00bb][vc_custom_heading text=\u00a0\u00bbTwiins Experience\u00a0\u00bb font_container=\u00a0\u00bbtag:h2|font_size:70|text_align:left\u00a0\u00bb css=\u00a0\u00bb.vc_custom_1761655198631{margin-top: 30px !important;}\u00a0\u00bb el_class=\u00a0\u00bbflightita\u00a0\u00bb][vc_column_text css=\u00a0\u00bb\u00a0\u00bb]Une exp\u00e9rience o\u00f9 le luxe se ressent, sans ostentation. La <strong>chambre TwIIns Experience<\/strong> est un sanctuaire de calme et de design contemporain, o\u00f9 chaque d\u00e9tail invite \u00e0 la d\u00e9tente.<br \/>\nR\u00e9veillez-vous face \u00e0 <strong>une vue imprenable et directe sur la mer M\u00e9diterran\u00e9e<\/strong>, laissez la lumi\u00e8re envahir l\u2019espace et sentez la brise marine accompagner chaque aube.<br \/>\nAvec une vaste salle de bain dot\u00e9e d\u2019une double vasque et d\u2019une douche effet pluie, cette chambre est un lieu o\u00f9 le temps s\u2019arr\u00eate et o\u00f9 l\u2019horizon devient votre meilleur alli\u00e9.<br \/>\nUn <strong>havre en bord de mer \u00e0 Ibiza<\/strong>, con\u00e7u pour vous reconnecter \u00e0 l\u2019essentiel et vivre le luxe dans sa forme la plus authentique.[\/vc_column_text][vc_raw_html]JTNDYSUyMGhyZWYlM0QlMjIlMjNyZXNlcnZlciUyMiUyMGNsYXNzJTNEJTIyYnRuJTIwYm9va25vdzIlMjIlM0VSJUMzJUE5c2VydmVyJTNDJTJGYSUzRQ==[\/vc_raw_html][\/vc_column][\/vc_row][vc_row full_width=\u00a0\u00bbstretch_row_content_no_spaces\u00a0\u00bb el_id=\u00a0\u00bbgalroom\u00a0\u00bb][vc_column css=\u00a0\u00bb.vc_custom_1761639311624{padding-right: 10% !important;padding-left: 10% !important;}\u00a0\u00bb][vc_images_carousel images=\u00a0\u00bb16401,16406,16427,16417&Prime; img_size=\u00a0\u00bbfull\u00a0\u00bb onclick=\u00a0\u00bblink_no\u00a0\u00bb autoplay=\u00a0\u00bbyes\u00a0\u00bb hide_pagination_control=\u00a0\u00bbyes\u00a0\u00bb wrap=\u00a0\u00bbyes\u00a0\u00bb css=\u00a0\u00bb\u00a0\u00bb][\/vc_column][\/vc_row][vc_row equal_height=\u00a0\u00bbyes\u00a0\u00bb el_class=\u00a0\u00bbroomcaracteristicas\u00a0\u00bb css=\u00a0\u00bb.vc_custom_1567757188632{padding-top: 100px !important;padding-bottom: 80px !important;}\u00a0\u00bb][vc_column width=\u00a0\u00bb1\/4&Prime; alignment=\u00a0\u00bbcenter\u00a0\u00bb][vc_raw_html]JTNDaW1nJTIwc3JjJTNEJTIyaHR0cHMlM0ElMkYlMkZ3d3cudGhlaWJpemF0d2lpbnMuY29tJTJGd3AtY29udGVudCUyRnRoZW1lcyUyRnR3aWlucyUyRmltYWdlcyUyRmktc3BhY2Uuc3ZnJTIyJTIwYWx0JTNEJTIydGFpbGxlJTIyJTNF[\/vc_raw_html][vc_column_text]<strong>Taille<\/strong><\/p>\n<p>53-60 m\u00b2[\/vc_column_text][\/vc_column][vc_column width=\u00a0\u00bb1\/4&Prime; alignment=\u00a0\u00bbcenter\u00a0\u00bb][vc_raw_html]JTNDaW1nJTIwc3JjJTNEJTIyaHR0cHMlM0ElMkYlMkZ3d3cudGhlaWJpemF0d2lpbnMuY29tJTJGd3AtY29udGVudCUyRnRoZW1lcyUyRnR3aWlucyUyRmltYWdlcyUyRmktcGVvcGxlLnN2ZyUyMiUyMGFsdCUzRCUyMm9jY3VwYXRpb24lMjIlM0U=[\/vc_raw_html][vc_column_text css=\u00a0\u00bb\u00a0\u00bb]<strong>Occupation<\/strong><\/p>\n<p>2 Adultes[\/vc_column_text][\/vc_column][vc_column width=\u00a0\u00bb1\/4&Prime; alignment=\u00a0\u00bbcenter\u00a0\u00bb][vc_raw_html]JTNDaW1nJTIwc3JjJTNEJTIyaHR0cHMlM0ElMkYlMkZ3d3cudGhlaWJpemF0d2lpbnMuY29tJTJGd3AtY29udGVudCUyRnRoZW1lcyUyRnR3aWlucyUyRmltYWdlcyUyRmktYmVkLnN2ZyUyMiUyMGFsdCUzRCUyMmxpdHMlMjIlM0U=[\/vc_raw_html][vc_column_text]<strong>Lits<\/strong><\/p>\n<p>King size 2x2m[\/vc_column_text][\/vc_column][vc_column width=\u00a0\u00bb1\/4&Prime; alignment=\u00a0\u00bbcenter\u00a0\u00bb][vc_raw_html]JTNDaW1nJTIwc3JjJTNEJTIyaHR0cHMlM0ElMkYlMkZ3d3cudGhlaWJpemF0d2lpbnMuY29tJTJGd3AtY29udGVudCUyRnRoZW1lcyUyRnR3aWlucyUyRmltYWdlcyUyRnNlYXZpZXcuc3ZnJTIyJTIwd2lkdGglM0QlMjI4NiUyMiUyMGFsdCUzRCUyMnZ1ZXMlMjIlM0U=[\/vc_raw_html][vc_column_text]<strong>Vues<\/strong><\/p>\n<p>Frontale sur la mer[\/vc_column_text][\/vc_column][\/vc_row][vc_row el_class=\u00a0\u00bbroomcaracteristicas2&Prime;][vc_column width=\u00a0\u00bb1\/3&Prime;][vc_column_text css=\u00a0\u00bb\u00a0\u00bb]<strong>Caract\u00e9ristiques et services<\/strong>[\/vc_column_text][vc_column_text css=\u00a0\u00bb\u00a0\u00bb el_class=\u00a0\u00bblista-check\u00a0\u00bb]Acc\u00e8s non direct \u00e0 la terrasse \u00abThe Upper Level\u00bb<\/p>\n<p>Climatisation<\/p>\n<p>Peignoir et chaussons<\/p>\n<p>Balcon avec mobilier<\/p>\n<p>Salle de bains avec douche effet pluie<\/p>\n<p>Coffre-fort \u00e9lectronique<\/p>\n<p>Rideaux occultants<\/p>\n<p>Bureau<\/p>\n<p>Miroir grossissant<\/p>\n<p>Miroir corps complet<\/p>\n<p>Mini-bar fourni en boissons fra\u00eeches, non r\u00e9approvisionn\u00e9<\/p>\n<p>Room Service (frais suppl\u00e9mentaires)<\/p>\n<p>Salon<\/p>\n<p>S\u00e8che-cheveux<\/p>\n<p>T\u00e9l\u00e9phone<\/p>\n<p>T\u00e9l\u00e9vision avec connexion satellite<\/p>\n<p>Tension 220 V<\/p>\n<p>Vues : Frontale sur la mer<\/p>\n<p>Wi-Fi gratuit[\/vc_column_text][\/vc_column][vc_column width=\u00a0\u00bb2\/3&Prime; css=\u00a0\u00bb.vc_custom_1567758274295{margin-top: 100px !important;}\u00a0\u00bb][vc_single_image image=\u00a0\u00bb16386&Prime; img_size=\u00a0\u00bb900&#215;900&Prime; css=\u00a0\u00bb\u00a0\u00bb][\/vc_column][\/vc_row][vc_row full_width=\u00a0\u00bbstretch_row\u00a0\u00bb css=\u00a0\u00bb.vc_custom_1572943378891{margin-top: 100px !important;padding-top: 80px !important;padding-bottom: 80px !important;background-color: #133844 !important;}\u00a0\u00bb el_id=\u00a0\u00bbreserver\u00a0\u00bb el_class=\u00a0\u00bbbookthisroom\u00a0\u00bb][vc_column][vc_custom_heading text=\u00a0\u00bbR\u00c9SERVER\u00a0\u00bb font_container=\u00a0\u00bbtag:h2|font_size:60|text_align:center|color:%23ffffff\u00a0\u00bb el_class=\u00a0\u00bbfmedium\u00a0\u00bb][vc_column_text]<form id=\"\" name=\"\" method=\"get\" action=\"https:\/\/theibizatwiins.bookinweb.es\/fr\/reserva\/\">\n\t\t\t\t \n\t\t\t\t <div class=\"ml_3pc\"><input type=\"text\" id=\"arrival2\" name=\"date_from\" placeholder=\"Entr\u00e9e\" \/> <\/div>\n\t\t\t\t <div><input type=\"text\" id=\"departure2\" name=\"date_to\" placeholder=\"Sortie\"\/> <input type=\"hidden\" name=\"hotel\" value=\"19\"\/><input type=\"hidden\" name=\"no_hab\" value=\"1\"\/><\/div>\n\t\t\t\t <input type=\"submit\" class=\"btn\" value=\"Voir disponibilit\u00e9\">\n\t\t\t<\/form>\n\n\t\t\t<div id=\"contactmenu_room\">\n\t\t\t\t<div class=\"flightita\">Besoin d'aide?<\/div>\n\t\t\t\t<div class=\"cregular\"><img decoding=\"async\" src=\"https:\/\/www.theibizatwiins.com\/wp-content\/uploads\/2019\/10\/ico-tel.png\" alt=\"icono telefono\"><a href=\"tel:+34971302158 \" target=\"_blank\">971 302 158<\/a><\/div>\n\t\t\t\t<div class=\"cregular dis_non\"><img decoding=\"async\" src=\"https:\/\/www.theibizatwiins.com\/wp-content\/uploads\/2019\/10\/ico-chat.png\" alt=\"icono chat\"><span>Ouvrir chat<\/span><\/div>\n\t\t\t<\/div>[\/vc_column_text][\/vc_column][\/vc_row][vc_row full_width=\u00a0\u00bbstretch_row_content_no_spaces\u00a0\u00bb content_placement=\u00a0\u00bbbottom\u00a0\u00bb disable_element=\u00a0\u00bbyes\u00a0\u00bb el_class=\u00a0\u00bbroom\u00a0\u00bb css=\u00a0\u00bb.vc_custom_1763004381943{margin-top: 100px !important;margin-bottom: 100px !important;}\u00a0\u00bb][vc_column width=\u00a0\u00bb1\/4&Prime; alignment=\u00a0\u00bbright\u00a0\u00bb][vc_custom_heading text=\u00a0\u00bbOtras habitaciones\u00a0\u00bb font_container=\u00a0\u00bbtag:h2|text_align:right\u00a0\u00bb el_class=\u00a0\u00bbvertical\u00a0\u00bb link=\u00a0\u00bburl:https%3A%2F%2Fwww.theibizatwiins.com%2Fhabitaciones%2F|title:Rooms||\u00a0\u00bb][\/vc_column][vc_column width=\u00a0\u00bb3\/4&Prime;][vc_column_text][mpc_carousel_posts single_scroll=\u00a0\u00bbtrue\u00a0\u00bb loop=\u00a0\u00bbtrue\u00a0\u00bb rows=\u00a0\u00bb1&Prime; cols=\u00a0\u00bb3&Prime; gap=\u00a0\u00bb50&Prime; start_at=\u00a0\u00bb1&Prime; post_type=\u00a0\u00bbids\u00a0\u00bb ids=\u00a0\u00bb143, 141, 137, 135, 133, 76, 270, 586&Prime; thumb_height=\u00a0\u00bb650&Prime; mpc_button__disable=\u00a0\u00bbtrue\u00a0\u00bb mpc_button__mpc_tooltip__border_divider=\u00a0\u00bbtrue\u00a0\u00bb mpc_button__mpc_tooltip__padding_divider=\u00a0\u00bbtrue\u00a0\u00bb mpc_navigation__preset=\u00a0\u00bbpreset_0&Prime; mpc_navigation__prev_margin_divider=\u00a0\u00bbtrue\u00a0\u00bb mpc_navigation__next_margin_divider=\u00a0\u00bbtrue\u00a0\u00bb mpc_navigation__padding_divider=\u00a0\u00bbtrue\u00a0\u00bb][\/vc_column_text][\/vc_column][\/vc_row]<\/p>\n<\/div>","protected":false},"excerpt":{"rendered":"<p>[vc_row full_width=\u00a0\u00bbstretch_row_content\u00a0\u00bb el_class=\u00a0\u00bbcabecera\u00a0\u00bb css=\u00a0\u00bb.vc_custom_1567759894150{padding-top: 120px !important;padding-bottom: 50px !important;background-color: #133844 !important;}\u00a0\u00bb][vc_column alignment=\u00a0\u00bbright\u00a0\u00bb][vc_row_inner css=\u00a0\u00bb.vc_custom_1567753203496{padding-bottom: 50px !important;}\u00a0\u00bb el_class=\u00a0\u00bbcontent\u00a0\u00bb][vc_column_inner][vc_custom_heading source=\u00a0\u00bbpost_title\u00a0\u00bb font_container=\u00a0\u00bbtag:h1|font_size:80|text_align:center|color:%23ffffff\u00a0\u00bb el_class=\u00a0\u00bbfmedium\u00a0\u00bb][vc_custom_heading text=\u00a0\u00bbLe parfum de la mer, d\u2019Ibiza et de la M\u00e9diterran\u00e9e \u00e0 chaque inspiration\u00a0\u00bb font_container=\u00a0\u00bbtag:h2|font_size:40|text_align:center\u00a0\u00bb css=\u00a0\u00bb\u00a0\u00bb el_class=\u00a0\u00bbflightita white\u00a0\u00bb][\/vc_column_inner][\/vc_row_inner][\/vc_column][\/vc_row][vc_row full_width=\u00a0\u00bbstretch_row_content_no_spaces\u00a0\u00bb full_height=\u00a0\u00bbyes\u00a0\u00bb css=\u00a0\u00bb.vc_custom_1763003833150{background-image: url(https:\/\/www.theibizatwiins.com\/wp-content\/uploads\/2025\/11\/TwIIns-Experience.4.jpg?id=16376) !important;background-position: center !important;background-repeat: no-repeat !important;background-size: cover !important;}\u00a0\u00bb el_class=\u00a0\u00bbfullscreen\u00a0\u00bb][vc_column][vc_empty_space][\/vc_column][\/vc_row][vc_row css=\u00a0\u00bb.vc_custom_1567693784478{padding-top: 100px !important;padding-bottom: 100px !important;}\u00a0\u00bb el_id=\u00a0\u00bbroom1&Prime;][vc_column width=\u00a0\u00bb1\/2&Prime;][vc_single_image image=\u00a0\u00bb16422&Prime; [&hellip;]<\/p>\n","protected":false},"author":1,"featured_media":0,"parent":16355,"menu_order":0,"comment_status":"closed","ping_status":"closed","template":"","meta":{"_acf_changed":false,"footnotes":""},"class_list":["post-16434","page","type-page","status-publish","hentry"],"acf":[],"_links":{"self":[{"href":"https:\/\/www.theibizatwiins.com\/fr\/wp-json\/wp\/v2\/pages\/16434","targetHints":{"allow":["GET"]}}],"collection":[{"href":"https:\/\/www.theibizatwiins.com\/fr\/wp-json\/wp\/v2\/pages"}],"about":[{"href":"https:\/\/www.theibizatwiins.com\/fr\/wp-json\/wp\/v2\/types\/page"}],"author":[{"embeddable":true,"href":"https:\/\/www.theibizatwiins.com\/fr\/wp-json\/wp\/v2\/users\/1"}],"replies":[{"embeddable":true,"href":"https:\/\/www.theibizatwiins.com\/fr\/wp-json\/wp\/v2\/comments?post=16434"}],"version-history":[{"count":4,"href":"https:\/\/www.theibizatwiins.com\/fr\/wp-json\/wp\/v2\/pages\/16434\/revisions"}],"predecessor-version":[{"id":16456,"href":"https:\/\/www.theibizatwiins.com\/fr\/wp-json\/wp\/v2\/pages\/16434\/revisions\/16456"}],"up":[{"embeddable":true,"href":"https:\/\/www.theibizatwiins.com\/fr\/wp-json\/wp\/v2\/pages\/16355"}],"wp:attachment":[{"href":"https:\/\/www.theibizatwiins.com\/fr\/wp-json\/wp\/v2\/media?parent=16434"}],"curies":[{"name":"wp","href":"https:\/\/api.w.org\/{rel}","templated":true}]}}