{"id":2217,"date":"2019-09-02T13:49:12","date_gmt":"2019-09-02T11:49:12","guid":{"rendered":"https:\/\/www.theibizatwiins.com\/hotel\/"},"modified":"2025-07-23T13:52:12","modified_gmt":"2025-07-23T11:52:12","slug":"hotel","status":"publish","type":"page","link":"https:\/\/www.theibizatwiins.com\/fr\/hotel\/","title":{"rendered":"Hotel"},"content":{"rendered":"<div class=\"wpb-content-wrapper\"><p>[vc_row full_width=\u00a0\u00bbstretch_row_content_no_spaces\u00a0\u00bb][vc_column][\/vc_column][\/vc_row][vc_row css=\u00a0\u00bb.vc_custom_1567675172646{padding-top: 80px !important;padding-bottom: 120px !important;}\u00a0\u00bb el_id=\u00a0\u00bbcore1&Prime;][vc_column][vc_column_text el_class=\u00a0\u00bbflightita\u00a0\u00bb]Le Twiins est un nouveau concept h\u00f4telier qui vous permettra de d\u00e9couvrir le v\u00e9ritable caract\u00e8re de l\u2019\u00eele. Chaque recoin de cet h\u00f4tel vous surprendra, gr\u00e2ce \u00e0 une technologie ultra-innovante et une s\u00e9rie de contenus interactifs qui vous permettront d\u2019explorer de long en large le patrimoine culturel et naturel d\u2019Ibiza.<\/p>\n<p>[\/vc_column_text][vc_video link=\u00a0\u00bbhttps:\/\/vimeo.com\/448859840&Prime;][\/vc_column][\/vc_row][vc_row full_width=\u00a0\u00bbstretch_row\u00a0\u00bb css=\u00a0\u00bb.vc_custom_1571152508526{padding-top: 100px !important;padding-bottom: 100px !important;background-color: #e6e7e1 !important;}\u00a0\u00bb el_id=\u00a0\u00bbhotel2&Prime;][vc_column][vc_row_inner el_class=\u00a0\u00bbcuadrohotel\u00a0\u00bb][vc_column_inner width=\u00a0\u00bb1\/2&Prime; css=\u00a0\u00bb.vc_custom_1571298175251{padding-top: 60px !important;padding-right: 60px !important;padding-bottom: 60px !important;padding-left: 60px !important;background-color: #ffffff !important;}\u00a0\u00bb][vc_column_text]<\/p>\n<h2>The Compass<\/h2>\n<p>Le Twiins met \u00e0 votre disposition The Compass : un concentr\u00e9 d\u2019exp\u00e9riences avec une multitude de contenus qui vous permettront de conna\u00eetre la face authentique d\u2019Ibiza. Gr\u00e2ce \u00e0 The Compass, votre aventure commencera bien avant votre arriv\u00e9e, gr\u00e2ce \u00e0 des exp\u00e9riences cr\u00e9\u00e9es pour concevoir vos vacances enti\u00e8rement sur mesure et voyager comme jamais vous ne l\u2019avez fait auparavant. [\/vc_column_text][vc_raw_html el_class=\u00a0\u00bbbtn_flecha enblack\u00a0\u00bb]JTNDYSUyMGhyZWYlM0QlMjJodHRwcyUzQSUyRiUyRnd3dy50aGVpYml6YXR3aWlucy5jb20lMkZmciUyRnRoZS1jb21wYXNzJTJGJTIyJTIwdGFyZ2V0JTNEJTIyX2JsYW5rJTIyJTNFJTNDc3BhbiUzRUV4cCVDMyVBOXJpZW5jZXMlM0MlMkZzcGFuJTNFJTIwJTNDaSUyMGNsYXNzJTNEJTIyaWNvbnJpZ2h0JTIyJTNFJTNDJTJGaSUzRSUzQyUyRmElM0U=[\/vc_raw_html][\/vc_column_inner][vc_column_inner width=\u00a0\u00bb1\/2&Prime;][vc_single_image image=\u00a0\u00bb959&Prime; img_size=\u00a0\u00bblarge\u00a0\u00bb][\/vc_column_inner][\/vc_row_inner][vc_row_inner css=\u00a0\u00bb.vc_custom_1571152403427{padding-top: 100px !important;}\u00a0\u00bb el_class=\u00a0\u00bbcuadrohotel2&Prime;][vc_column_inner width=\u00a0\u00bb1\/2&Prime;][vc_single_image image=\u00a0\u00bb4064&Prime; img_size=\u00a0\u00bblarge\u00a0\u00bb][\/vc_column_inner][vc_column_inner width=\u00a0\u00bb1\/2&Prime; css=\u00a0\u00bb.vc_custom_1571298326104{padding-top: 60px !important;padding-right: 60px !important;padding-bottom: 60px !important;padding-left: 60px !important;background-color: #ffffff !important;}\u00a0\u00bb][vc_column_text]<\/p>\n<h2>Gastronomie<\/h2>\n<p>Sur le plan gastronomique, six restaurants vous inviteront \u00e0 d\u00e9guster une vari\u00e9t\u00e9 infinie de saveurs et de cuisines internationales. Le Twiins comprend en plus de vastes terrasses ext\u00e9rieures, une piscine avec des transats, un acc\u00e8s direct \u00e0 la c\u00e9l\u00e8bre Playa d\u2019en Bossa et une multitude d\u2019activit\u00e9s diff\u00e9rentes tous les jours. Et pour les h\u00f4tes les plus exigeants, nous disposons d\u2019une terrasse exclusive avec piscine et solarium priv\u00e9. Tout cela, nich\u00e9 dans un d\u00e9cor exceptionnel \u00e0 Ibiza.[\/vc_column_text][vc_raw_html el_class=\u00a0\u00bbbtn_flecha enblack\u00a0\u00bb]JTNDYSUyMGhyZWYlM0QlMjJodHRwcyUzQSUyRiUyRnd3dy50aGVpYml6YXR3aWlucy5jb20lMkZmciUyRmdhc3Ryb25vbWllJTJGJTIyJTIwdGFyZ2V0JTNEJTIyX2JsYW5rJTIyJTNFJTNDc3BhbiUzRU9mZnJlJTIwZ2FzdHJvbm9taXF1ZSUzQyUyRnNwYW4lM0UlMjAlM0NpJTIwY2xhc3MlM0QlMjJpY29ucmlnaHQlMjIlM0UlM0MlMkZpJTNFJTNDJTJGYSUzRQ==[\/vc_raw_html][\/vc_column_inner][\/vc_row_inner][\/vc_column][\/vc_row][vc_row css=\u00a0\u00bb.vc_custom_1571153795107{padding-top: 80px !important;padding-bottom: 80px !important;}\u00a0\u00bb el_id=\u00a0\u00bbhotel3&Prime;][vc_column alignment=\u00a0\u00bbcenter\u00a0\u00bb][vc_custom_heading text=\u00a0\u00bbEv\u00e8nements qui ont du caract\u00e8re\u00a0\u00bb font_container=\u00a0\u00bbtag:h2|font_size:60|text_align:center\u00a0\u00bb use_theme_fonts=\u00a0\u00bbyes\u00a0\u00bb el_class=\u00a0\u00bbfmedium\u00a0\u00bb][vc_column_text el_class=\u00a0\u00bbflight\u00a0\u00bb]Pour vos \u00e9v\u00e8nements, vous ne cherchez pas seulement un excellent service, les meilleures installations et une offre gastronomique : vous voulez aussi offrir \u00e0 vos invit\u00e9s une proposition diff\u00e9rente qui fera de ce jour un souvenir inoubliable.<\/p>\n<p>Situ\u00e9 sur Playa d\u2019en Bossa, \u00e0 dix minutes de route de l\u2019a\u00e9roport et \u00e0 seulement cinq minutes de la ville d\u2019Ibiza, The Ibiza Twiins est l\u2019espace id\u00e9al pour accueillir tous types de congr\u00e8s, expositions, r\u00e9unions ou mariages. Nos installations pour \u00e9v\u00e8nements disposent de la toute derni\u00e8re technologie et de salles modulables qui s\u2019adaptent compl\u00e8tement aux besoins de chaque occasion. Le cadre moderne et accueillant du Twiins apportera cette touche sp\u00e9ciale qui rendra votre \u00e9v\u00e8nement unique.<br \/>\n[\/vc_column_text][\/vc_column][\/vc_row][vc_row full_width=\u00a0\u00bbstretch_row_content_no_spaces\u00a0\u00bb full_height=\u00a0\u00bbyes\u00a0\u00bb el_class=\u00a0\u00bbfullscreen\u00a0\u00bb css=\u00a0\u00bb.vc_custom_1597744085096{background-image: url(https:\/\/www.theibizatwiins.com\/wp-content\/uploads\/2020\/08\/Twiins-194-1.jpg?id=4068) !important;background-position: center !important;background-repeat: no-repeat !important;background-size: cover !important;}\u00a0\u00bb][vc_column][\/vc_column][\/vc_row][vc_row full_width=\u00a0\u00bbstretch_row_content_no_spaces\u00a0\u00bb][vc_column width=\u00a0\u00bb1\/2&Prime; css=\u00a0\u00bb.vc_custom_1571905473183{padding-top: 0px !important;}\u00a0\u00bb][vc_single_image image=\u00a0\u00bb4086&Prime; img_size=\u00a0\u00bbfull\u00a0\u00bb][\/vc_column][vc_column width=\u00a0\u00bb1\/2&Prime; css=\u00a0\u00bb.vc_custom_1571905478901{padding-top: 0px !important;}\u00a0\u00bb][vc_single_image image=\u00a0\u00bb4091&Prime; img_size=\u00a0\u00bbfull\u00a0\u00bb][\/vc_column][\/vc_row]<\/p>\n<\/div>","protected":false},"excerpt":{"rendered":"<p>[vc_row full_width=\u00a0\u00bbstretch_row_content_no_spaces\u00a0\u00bb][vc_column][\/vc_column][\/vc_row][vc_row css=\u00a0\u00bb.vc_custom_1567675172646{padding-top: 80px !important;padding-bottom: 120px !important;}\u00a0\u00bb el_id=\u00a0\u00bbcore1&Prime;][vc_column][vc_column_text el_class=\u00a0\u00bbflightita\u00a0\u00bb]Le Twiins est un nouveau concept h\u00f4telier qui vous permettra de d\u00e9couvrir le v\u00e9ritable caract\u00e8re de l\u2019\u00eele. Chaque recoin de cet h\u00f4tel vous surprendra, gr\u00e2ce \u00e0 une technologie ultra-innovante et une s\u00e9rie de contenus interactifs qui vous permettront d\u2019explorer de long en large le patrimoine culturel et [&hellip;]<\/p>\n","protected":false},"author":1,"featured_media":0,"parent":0,"menu_order":0,"comment_status":"closed","ping_status":"closed","template":"","meta":{"_acf_changed":false,"footnotes":""},"class_list":["post-2217","page","type-page","status-publish","hentry"],"acf":[],"_links":{"self":[{"href":"https:\/\/www.theibizatwiins.com\/fr\/wp-json\/wp\/v2\/pages\/2217","targetHints":{"allow":["GET"]}}],"collection":[{"href":"https:\/\/www.theibizatwiins.com\/fr\/wp-json\/wp\/v2\/pages"}],"about":[{"href":"https:\/\/www.theibizatwiins.com\/fr\/wp-json\/wp\/v2\/types\/page"}],"author":[{"embeddable":true,"href":"https:\/\/www.theibizatwiins.com\/fr\/wp-json\/wp\/v2\/users\/1"}],"replies":[{"embeddable":true,"href":"https:\/\/www.theibizatwiins.com\/fr\/wp-json\/wp\/v2\/comments?post=2217"}],"version-history":[{"count":14,"href":"https:\/\/www.theibizatwiins.com\/fr\/wp-json\/wp\/v2\/pages\/2217\/revisions"}],"predecessor-version":[{"id":2443,"href":"https:\/\/www.theibizatwiins.com\/fr\/wp-json\/wp\/v2\/pages\/2217\/revisions\/2443"}],"wp:attachment":[{"href":"https:\/\/www.theibizatwiins.com\/fr\/wp-json\/wp\/v2\/media?parent=2217"}],"curies":[{"name":"wp","href":"https:\/\/api.w.org\/{rel}","templated":true}]}}