{"id":2258,"date":"2019-09-02T13:51:37","date_gmt":"2019-09-02T11:51:37","guid":{"rendered":"https:\/\/www.theibizatwiins.com\/gastronomia\/"},"modified":"2024-11-29T13:22:49","modified_gmt":"2024-11-29T12:22:49","slug":"gastronomie","status":"publish","type":"page","link":"https:\/\/www.theibizatwiins.com\/fr\/gastronomie\/","title":{"rendered":"Gastronomie"},"content":{"rendered":"<div class=\"wpb-content-wrapper\"><p>[vc_row full_width=\u00a0\u00bbstretch_row_content_no_spaces\u00a0\u00bb][vc_column][\/vc_column][\/vc_row][vc_row full_width=\u00a0\u00bbstretch_row\u00a0\u00bb css=\u00a0\u00bb.vc_custom_1571910899393{padding-top: 80px !important;padding-bottom: 120px !important;background-color: #e6e7e1 !important;}\u00a0\u00bb el_id=\u00a0\u00bbcore1&Prime;][vc_column][vc_custom_heading text=\u00a0\u00bbD\u00e9couvrez Ibiza sous toutes ses formes\u00a0\u00bb font_container=\u00a0\u00bbtag:h2|font_size:60|text_align:center\u00a0\u00bb el_class=\u00a0\u00bbfmedium\u00a0\u00bb][vc_column_text css=\u00a0\u00bb\u00a0\u00bb el_class=\u00a0\u00bbCeraLight\u00a0\u00bb]<\/p>\n<p style=\"text-align: center;\">Chaque \u00e9t\u00e9, Ibiza attire des milliers de personnes de tous les coins du monde. Le cosmopolitisme est visible dans chacun des aspects de la vie des habitants d\u2019Ibiza comme, bien s\u00fbr, dans leur cuisine. Au TwIIns, la gastronomie se transforme en une v\u00e9ritable exp\u00e9rience gr\u00e2ce aux six espaces de restauration tr\u00e8s diff\u00e9rents les uns des autres.<\/p>\n<p style=\"text-align: center;\">Des plats inspir\u00e9s de recettes ibiziennes traditionnelles et d\u2019autres qui voyagent \u00e0 travers les saveurs du monde, des repas sains, v\u00e9g\u00e9tariens&#8230; Dans nos restaurants, vous trouverez un choix adapt\u00e9 \u00e0 tous les moments de la journ\u00e9e. Choisissez la formule la plus adapt\u00e9e : logement et petit-d\u00e9jeuner, demi-pension ou tout compris, et que le festin commence !<\/p>\n<p>[\/vc_column_text][\/vc_column][\/vc_row][vc_row full_width=\u00a0\u00bbstretch_row_content_no_spaces\u00a0\u00bb equal_height=\u00a0\u00bbyes\u00a0\u00bb content_placement=\u00a0\u00bbmiddle\u00a0\u00bb el_id=\u00a0\u00bballingastro\u00a0\u00bb el_class=\u00a0\u00bbpgastro\u00a0\u00bb][vc_column width=\u00a0\u00bb1\/2&Prime; css=\u00a0\u00bb.vc_custom_1588152402743{padding-right: 10% !important;padding-left: 10% !important;background-color: #eddfd2 !important;}\u00a0\u00bb][vc_custom_heading text=\u00a0\u00bbTout compris\u00a0\u00bb font_container=\u00a0\u00bbtag:h2|font_size:60|text_align:left\u00a0\u00bb el_class=\u00a0\u00bbfmedium\u00a0\u00bb][vc_column_text css=\u00a0\u00bb\u00a0\u00bb]Notre offre sp\u00e9ciale Tout Compris garantit \u00e0 nos h\u00f4tes une exp\u00e9rience compl\u00e8te, de qualit\u00e9 et pleine d\u2019attentions o\u00f9 nous prendrons soin du moindre d\u00e9tail.<\/p>\n<p>Vous \u00eates un expert en gastronomie ? Alors bienvenue ! Chez TwIIns, nous allons mener votre passion \u00e0 un niveau sup\u00e9rieur.[\/vc_column_text][vc_raw_html el_class=\u00a0\u00bbbtn_flecha enblack\u00a0\u00bb]JTNDYSUyMGhyZWYlM0QlMjJodHRwcyUzQSUyRiUyRnd3dy50aGVpYml6YXR3aWlucy5jb20lMkZmciUyRnRvdXQtY29tcHJpcyUyRiUyMiUyMHRhcmdldCUzRCUyMl9ibGFuayUyMiUzRSUzQ3NwYW4lM0VFbiUyMHNhdm9pciUyMHBsdXMlM0MlMkZzcGFuJTNFJTIwJTNDaSUyMGNsYXNzJTNEJTIyaWNvbnJpZ2h0JTIyJTNFJTNDJTJGaSUzRSUzQyUyRmElM0U=[\/vc_raw_html][\/vc_column][vc_column width=\u00a0\u00bb1\/2&Prime; css=\u00a0\u00bb.vc_custom_1597746754124{background-image: url(https:\/\/www.theibizatwiins.com\/wp-content\/uploads\/2020\/08\/Twiins-75-1.jpg?id=4130) !important;background-position: center !important;background-repeat: no-repeat !important;background-size: cover !important;}\u00a0\u00bb el_class=\u00a0\u00bbbloquecuadrado\u00a0\u00bb][\/vc_column][\/vc_row][vc_row full_width=\u00a0\u00bbstretch_row_content_no_spaces\u00a0\u00bb equal_height=\u00a0\u00bbyes\u00a0\u00bb content_placement=\u00a0\u00bbmiddle\u00a0\u00bb el_id=\u00a0\u00bbcore2&Prime; el_class=\u00a0\u00bbpgastro\u00a0\u00bb][vc_column width=\u00a0\u00bb1\/2&Prime; alignment=\u00a0\u00bbcenter\u00a0\u00bb css=\u00a0\u00bb.vc_custom_1597746765803{background-image: url(https:\/\/www.theibizatwiins.com\/wp-content\/uploads\/2020\/08\/Twiins-78.jpg?id=4135) !important;background-position: center !important;background-repeat: no-repeat !important;background-size: cover !important;}\u00a0\u00bb el_class=\u00a0\u00bbbloquecuadrado\u00a0\u00bb][\/vc_column][vc_column width=\u00a0\u00bb1\/2&Prime; alignment=\u00a0\u00bbcenter\u00a0\u00bb css=\u00a0\u00bb.vc_custom_1567679257562{padding-right: 10% !important;padding-left: 10% !important;background-color: #133844 !important;}\u00a0\u00bb][vc_single_image image=\u00a0\u00bb882&Prime; img_size=\u00a0\u00bb320&#215;229&Prime; alignment=\u00a0\u00bbcenter\u00a0\u00bb css=\u00a0\u00bb.vc_custom_1571309155609{padding-bottom: 40px !important;}\u00a0\u00bb][vc_column_text css=\u00a0\u00bb\u00a0\u00bb el_class=\u00a0\u00bbgastronomiatext\u00a0\u00bb]Ce food truck original est notre point de restauration le plus d\u00e9contract\u00e9. Vous le trouverez au Core o\u00f9 vous aurez acc\u00e8s \u00e0 une offre de cuisine de rue internationale, inspir\u00e9e des food markets du monde.<\/p>\n<p>Id\u00e9al pour prendre un ap\u00e9ritif ou profiter d\u2019une cuisine riche dans une ambiance d\u00e9contract\u00e9e. Qui a dit qu\u2019il \u00e9tait facile de choisir?[\/vc_column_text][\/vc_column][\/vc_row][vc_row full_width=\u00a0\u00bbstretch_row_content_no_spaces\u00a0\u00bb equal_height=\u00a0\u00bbyes\u00a0\u00bb content_placement=\u00a0\u00bbmiddle\u00a0\u00bb el_id=\u00a0\u00bbcore3&Prime; el_class=\u00a0\u00bbpgastro\u00a0\u00bb][vc_column width=\u00a0\u00bb1\/2&Prime; css=\u00a0\u00bb.vc_custom_1571136681668{padding-right: 10% !important;padding-left: 10% !important;background-color: #efe1f2 !important;}\u00a0\u00bb][vc_custom_heading text=\u00a0\u00bbLa Cascada<br \/>\nRestaurante Mediterr\u00e1neo\u00a0\u00bb font_container=\u00a0\u00bbtag:h2|font_size:60|text_align:left\u00a0\u00bb el_class=\u00a0\u00bbfmedium\u00a0\u00bb][vc_column_text css=\u00a0\u00bb\u00a0\u00bb]Vous recherchez un lieu de charme pour d\u00eener ? Vous le trouverez dans ce restaurant accueillant situ\u00e9 au bord de la piscine. Vous pourrez y d\u00e9guster les plats les plus app\u00e9tissants de la cuisine m\u00e9diterran\u00e9enne : des salades, des rago\u00fbts traditionnels, de viande ou de poisson&#8230; Ne quittez pas Ibiza sans y avoir go\u00fbt\u00e9!<\/p>\n<p>\u00c0 c\u00f4t\u00e9 du restaurant La Cascada, vous trouverez le snack-bar La Cascada, une proposition plus informelle dans le plus pur style chiringuito pour les longues journ\u00e9es \u00e0 la piscine qui vous attendent.[\/vc_column_text][\/vc_column][vc_column width=\u00a0\u00bb1\/2&Prime; css=\u00a0\u00bb.vc_custom_1571756809317{background-image: url(https:\/\/www.theibizatwiins.com\/wp-content\/uploads\/2019\/10\/LaCascada_2.jpg?id=1475) !important;background-position: center !important;background-repeat: no-repeat !important;background-size: cover !important;}\u00a0\u00bb el_class=\u00a0\u00bbbloquecuadrado\u00a0\u00bb][\/vc_column][\/vc_row][vc_row full_width=\u00a0\u00bbstretch_row_content_no_spaces\u00a0\u00bb equal_height=\u00a0\u00bbyes\u00a0\u00bb content_placement=\u00a0\u00bbmiddle\u00a0\u00bb el_id=\u00a0\u00bbcore3bis\u00a0\u00bb el_class=\u00a0\u00bbpgastro\u00a0\u00bb][vc_column width=\u00a0\u00bb1\/2&Prime; alignment=\u00a0\u00bbcenter\u00a0\u00bb css=\u00a0\u00bb.vc_custom_1571137979497{padding-right: 10% !important;padding-left: 10% !important;background-color: #e6e7e1 !important;}\u00a0\u00bb][vc_single_image image=\u00a0\u00bb3231&Prime; img_size=\u00a0\u00bbfull\u00a0\u00bb alignment=\u00a0\u00bbcenter\u00a0\u00bb css=\u00a0\u00bb.vc_custom_1574762509759{padding-bottom: 40px !important;}\u00a0\u00bb][vc_column_text css=\u00a0\u00bb\u00a0\u00bb]D\u00e9tendez-vous dans ce lounge bar coquet en prenant un caf\u00e9 ou une infusion de votre choix ou, pourquoi pas, un m\u00e9lange des deux. Sa carte vous offrira une s\u00e9lection sophistiqu\u00e9e de liqueurs internationales et un choix vari\u00e9 de cocktails, des plus classiques aux plus innovants.[\/vc_column_text][\/vc_column][vc_column width=\u00a0\u00bb1\/2&Prime; css=\u00a0\u00bb.vc_custom_1571137772643{padding-right: 10% !important;padding-left: 10% !important;background-color: #b5d699 !important;background-position: center !important;background-repeat: no-repeat !important;background-size: cover !important;}\u00a0\u00bb el_class=\u00a0\u00bbbloquecuadrado\u00a0\u00bb][vc_single_image image=\u00a0\u00bb1437&Prime; img_size=\u00a0\u00bb320&#215;375&Prime; alignment=\u00a0\u00bbcenter\u00a0\u00bb css=\u00a0\u00bb.vc_custom_1571753414461{padding-bottom: 40px !important;}\u00a0\u00bb][vc_column_text css=\u00a0\u00bb\u00a0\u00bb]Bienvenue dans cet endroit o\u00f9 vous d\u00e9couvrirez que le th\u00e9, les infusions healthy, les jus et les smoothies pr\u00e9par\u00e9s \u00e0 base de fruits et l\u00e9gumes locaux de saison peuvent \u00eatre r\u00e9ellement irr\u00e9sistibles. Arr\u00eatez-vous un instant et voyez un peu comme c\u2019est agr\u00e9able de prendre soin de soi.[\/vc_column_text][\/vc_column][\/vc_row][vc_row full_width=\u00a0\u00bbstretch_row_content_no_spaces\u00a0\u00bb equal_height=\u00a0\u00bbyes\u00a0\u00bb content_placement=\u00a0\u00bbmiddle\u00a0\u00bb el_id=\u00a0\u00bbcore4&Prime; el_class=\u00a0\u00bbpgastro\u00a0\u00bb][vc_column width=\u00a0\u00bb1\/2&Prime; alignment=\u00a0\u00bbcenter\u00a0\u00bb css=\u00a0\u00bb.vc_custom_1648135835549{background-image: url(https:\/\/www.theibizatwiins.com\/wp-content\/uploads\/2022\/03\/IMAGEN-EMBARCADERO.jpg?id=8213) !important;background-position: center !important;background-repeat: no-repeat !important;background-size: cover !important;}\u00a0\u00bb el_class=\u00a0\u00bbbloquecuadrado\u00a0\u00bb][\/vc_column][vc_column width=\u00a0\u00bb1\/2&Prime; alignment=\u00a0\u00bbcenter\u00a0\u00bb css=\u00a0\u00bb.vc_custom_1571137788391{padding-right: 10% !important;padding-left: 10% !important;background-color: #d0ebf8 !important;}\u00a0\u00bb][vc_single_image image=\u00a0\u00bb3252&Prime; img_size=\u00a0\u00bb555&#215;207&Prime; alignment=\u00a0\u00bbcenter\u00a0\u00bb][vc_column_text css=\u00a0\u00bb\u00a0\u00bb]<span style=\"font-weight: 400;\">Si vous avez pass\u00e9 la nuit \u00e0 faire la f\u00eate et que vous avez rat\u00e9 l\u2019heure du petit-d\u00e9jeuner, nous vous proposons le petit-d\u00e9jeuner tardif du restaurant El Embarcadero servi de 9 h 00 \u00e0 12 h. Difficile de choisir quand tout est \u00e0 votre disposition ! C\u2019est ce que vous vous direz dans notre restaurant type buffet proposant des stands de cuisine en direct, des fruits et l\u00e9gumes, des jus natures et des smoothies, des fromages et de la charcuterie, des c\u00e9r\u00e9ales, du yaourt et une grande vari\u00e9t\u00e9 de pains et de p\u00e2tisseries sortant du four, entre autres nombreuses suggestions. D\u00e9gustez tous vos plats pr\u00e9f\u00e9r\u00e9s !<\/span>[\/vc_column_text][\/vc_column][\/vc_row][vc_row full_width=\u00a0\u00bbstretch_row_content_no_spaces\u00a0\u00bb equal_height=\u00a0\u00bbyes\u00a0\u00bb content_placement=\u00a0\u00bbmiddle\u00a0\u00bb disable_element=\u00a0\u00bbyes\u00a0\u00bb el_class=\u00a0\u00bbpgastro\u00a0\u00bb el_id=\u00a0\u00bbcore3bis\u00a0\u00bb][vc_column width=\u00a0\u00bb1\/2&Prime; alignment=\u00a0\u00bbcenter\u00a0\u00bb css=\u00a0\u00bb.vc_custom_1648054165044{padding-right: 10% !important;padding-left: 10% !important;background-color: #89370a !important;}\u00a0\u00bb][vc_single_image image=\u00a0\u00bb8237&Prime; img_size=\u00a0\u00bbmedium\u00a0\u00bb alignment=\u00a0\u00bbcenter\u00a0\u00bb][vc_column_text el_class=\u00a0\u00bbflight white\u00a0\u00bb]<span style=\"font-weight: 400;\">Entre 19 h et 22\u00a0h, El Embarcadero se transforme en rodizio*, un type de restaurant traditionnel du Br\u00e9sil, o\u00f9 l\u2019on vous coupe \u00e0 table diff\u00e9rents morceaux de viande servis sur l\u2019\u00e9p\u00e9e sur laquelle ils ont \u00e9t\u00e9 r\u00f4tis. Nos serveurs vous couperont la quantit\u00e9 de viande que vous souhaitez et vous proposeront r\u00e9guli\u00e8rement la vari\u00e9t\u00e9 de viandes figurant sur notre carte.<\/span><\/p>\n<p>Si vous r\u00e9servez votre chambre en formule demi-pension ou tout inclus, l&rsquo;acc\u00e8s au restaurant, sur r\u00e9servation pr\u00e9alable via notre application, est inclus.<\/p>\n<p><em>* Ouverture le 1er juillet<br \/>\n* 1 visite par chambre et par s\u00e9jour<\/em>[\/vc_column_text][vc_empty_space][\/vc_column][vc_column width=\u00a0\u00bb1\/2&Prime; alignment=\u00a0\u00bbcenter\u00a0\u00bb css=\u00a0\u00bb.vc_custom_1648054135656{background-image: url(https:\/\/www.theibizatwiins.com\/wp-content\/uploads\/2022\/03\/IMAGEN-RODIZIO.jpg?id=8153) !important;background-position: center !important;background-repeat: no-repeat !important;background-size: cover !important;}\u00a0\u00bb el_class=\u00a0\u00bbbloquecuadrado\u00a0\u00bb][\/vc_column][\/vc_row][vc_row full_width=\u00a0\u00bbstretch_row_content_no_spaces\u00a0\u00bb equal_height=\u00a0\u00bbyes\u00a0\u00bb content_placement=\u00a0\u00bbmiddle\u00a0\u00bb el_id=\u00a0\u00bbcore5&Prime; el_class=\u00a0\u00bbpgastro\u00a0\u00bb][vc_column width=\u00a0\u00bb1\/2&Prime; css=\u00a0\u00bb.vc_custom_1571137313209{padding-right: 10% !important;padding-left: 10% !important;background-color: #e6e7e1 !important;}\u00a0\u00bb][vc_custom_heading text=\u00a0\u00bbThe Upper Level<br \/>\nVotre espace exclusif\u00a0\u00bb font_container=\u00a0\u00bbtag:h2|font_size:60|text_align:left\u00a0\u00bb el_class=\u00a0\u00bbfmedium\u00a0\u00bb][vc_column_text css=\u00a0\u00bb\u00a0\u00bb]Ouvert de midi \u00e0 minuit, The Upper Level vous offre le mariage parfait : une vue spectaculaire sur la M\u00e9diterran\u00e9e depuis son observatoire privil\u00e9gi\u00e9 et une s\u00e9lection de tapas typiques et d\u2019ap\u00e9ritifs vari\u00e9s. Et au coucher du soleil, laissez-vous transporter par la magie de nos spectacles de lumi\u00e8re et de couleur.[\/vc_column_text][\/vc_column][vc_column width=\u00a0\u00bb1\/2&Prime; css=\u00a0\u00bb.vc_custom_1571756836641{background-image: url(https:\/\/www.theibizatwiins.com\/wp-content\/uploads\/2019\/10\/TheUpperLevel_2.jpg?id=1476) !important;background-position: center !important;background-repeat: no-repeat !important;background-size: cover !important;}\u00a0\u00bb el_class=\u00a0\u00bbbloquecuadrado\u00a0\u00bb][\/vc_column][\/vc_row][vc_row full_width=\u00a0\u00bbstretch_row_content_no_spaces\u00a0\u00bb equal_height=\u00a0\u00bbyes\u00a0\u00bb content_placement=\u00a0\u00bbmiddle\u00a0\u00bb el_id=\u00a0\u00bbcore6bis\u00a0\u00bb el_class=\u00a0\u00bbpgastro\u00a0\u00bb][vc_column width=\u00a0\u00bb1\/2&Prime; alignment=\u00a0\u00bbcenter\u00a0\u00bb css=\u00a0\u00bb.vc_custom_1571382804943{background-image: url(https:\/\/www.theibizatwiins.com\/wp-content\/uploads\/2019\/10\/lasalgbuffet_twiins.jpg?id=1363) !important;background-position: center !important;background-repeat: no-repeat !important;background-size: cover !important;}\u00a0\u00bb el_class=\u00a0\u00bbbloquecuadrado\u00a0\u00bb][\/vc_column][vc_column width=\u00a0\u00bb1\/2&Prime; alignment=\u00a0\u00bbcenter\u00a0\u00bb css=\u00a0\u00bb.vc_custom_1571382933337{padding-right: 10% !important;padding-left: 10% !important;background-color: #575756 !important;}\u00a0\u00bb][vc_custom_heading text=\u00a0\u00bbRestaurant buffet\u00a0\u00bb font_container=\u00a0\u00bbtag:h2|font_size:60|text_align:center|color:%23ffffff\u00a0\u00bb el_class=\u00a0\u00bbfmedium\u00a0\u00bb][vc_column_text css=\u00a0\u00bb\u00a0\u00bb el_class=\u00a0\u00bbgastronomiatext\u00a0\u00bb]Pr\u00e9parez-vous \u00e0 satisfaire pleinement votre app\u00e9tit avec ce g\u00e9n\u00e9reux buffet. Parcourez les diff\u00e9rents stands et faites-vous plaisir en testant nos sp\u00e9cialit\u00e9s internationales. Des coins \u00e0 th\u00e8mes, une s\u00e9lection v\u00e9g\u00e9tarienne, un stand healthy, un espace di\u00e9t\u00e9tique et, bien s\u00fbr, une grande vari\u00e9t\u00e9 de pinchos et de tapas <em>\u2018made in Spain\u2019<\/em>.[\/vc_column_text][\/vc_column][\/vc_row][vc_row full_width=\u00a0\u00bbstretch_row\u00a0\u00bb content_placement=\u00a0\u00bbmiddle\u00a0\u00bb enable_first_overlay=\u00a0\u00bbtrue\u00a0\u00bb first_overlay_opacity=\u00a0\u00bb50&Prime; first_background_color=\u00a0\u00bb#000000&Prime; css=\u00a0\u00bb.vc_custom_1571909803302{background-image: url(https:\/\/www.theibizatwiins.com\/wp-content\/uploads\/2019\/10\/twenty20_cd5efb20-76a9-4f3b-a645-68f4773f8818@2x.png?id=964) !important;background-position: center !important;background-repeat: no-repeat !important;background-size: cover !important;}\u00a0\u00bb el_id=\u00a0\u00bbcore6&Prime; el_class=\u00a0\u00bbpgastro\u00a0\u00bb][vc_column alignment=\u00a0\u00bbcenter\u00a0\u00bb css=\u00a0\u00bb.vc_custom_1567679864737{padding-top: 15% !important;padding-bottom: 15% !important;}\u00a0\u00bb][vc_single_image image=\u00a0\u00bb1106&Prime; img_size=\u00a0\u00bbfull\u00a0\u00bb alignment=\u00a0\u00bbcenter\u00a0\u00bb][vc_column_text css=\u00a0\u00bb\u00a0\u00bb el_class=\u00a0\u00bbgastronomiatext\u00a0\u00bb]Un lieu con\u00e7u pour se laisser aller \u00e0 un h\u00e9donisme \u00e0 l\u2019\u00e9tat pur. R\u00e9fugiez-vous dans cet espace \u00e0 l\u2019ambiance chaleureuse, agr\u00e9able et d\u00e9contract\u00e9e. Faites une pause pour prendre un caf\u00e9 ou osez un de nos cocktails originaux.[\/vc_column_text][\/vc_column][\/vc_row]<\/p>\n<\/div>","protected":false},"excerpt":{"rendered":"<p>[vc_row full_width=\u00a0\u00bbstretch_row_content_no_spaces\u00a0\u00bb][vc_column][\/vc_column][\/vc_row][vc_row full_width=\u00a0\u00bbstretch_row\u00a0\u00bb css=\u00a0\u00bb.vc_custom_1571910899393{padding-top: 80px !important;padding-bottom: 120px !important;background-color: #e6e7e1 !important;}\u00a0\u00bb el_id=\u00a0\u00bbcore1&Prime;][vc_column][vc_custom_heading text=\u00a0\u00bbD\u00e9couvrez Ibiza sous toutes ses formes\u00a0\u00bb font_container=\u00a0\u00bbtag:h2|font_size:60|text_align:center\u00a0\u00bb el_class=\u00a0\u00bbfmedium\u00a0\u00bb][vc_column_text css=\u00a0\u00bb\u00a0\u00bb el_class=\u00a0\u00bbCeraLight\u00a0\u00bb] Chaque \u00e9t\u00e9, Ibiza attire des milliers de personnes de tous les coins du monde. Le cosmopolitisme est visible dans chacun des aspects de la vie des habitants d\u2019Ibiza comme, bien s\u00fbr, dans leur cuisine. [&hellip;]<\/p>\n","protected":false},"author":1,"featured_media":0,"parent":0,"menu_order":0,"comment_status":"closed","ping_status":"closed","template":"","meta":{"_acf_changed":false,"footnotes":""},"class_list":["post-2258","page","type-page","status-publish","hentry"],"acf":[],"_links":{"self":[{"href":"https:\/\/www.theibizatwiins.com\/fr\/wp-json\/wp\/v2\/pages\/2258","targetHints":{"allow":["GET"]}}],"collection":[{"href":"https:\/\/www.theibizatwiins.com\/fr\/wp-json\/wp\/v2\/pages"}],"about":[{"href":"https:\/\/www.theibizatwiins.com\/fr\/wp-json\/wp\/v2\/types\/page"}],"author":[{"embeddable":true,"href":"https:\/\/www.theibizatwiins.com\/fr\/wp-json\/wp\/v2\/users\/1"}],"replies":[{"embeddable":true,"href":"https:\/\/www.theibizatwiins.com\/fr\/wp-json\/wp\/v2\/comments?post=2258"}],"version-history":[{"count":28,"href":"https:\/\/www.theibizatwiins.com\/fr\/wp-json\/wp\/v2\/pages\/2258\/revisions"}],"predecessor-version":[{"id":2436,"href":"https:\/\/www.theibizatwiins.com\/fr\/wp-json\/wp\/v2\/pages\/2258\/revisions\/2436"}],"wp:attachment":[{"href":"https:\/\/www.theibizatwiins.com\/fr\/wp-json\/wp\/v2\/media?parent=2258"}],"curies":[{"name":"wp","href":"https:\/\/api.w.org\/{rel}","templated":true}]}}