{"id":2317,"date":"2019-10-21T12:47:55","date_gmt":"2019-10-21T10:47:55","guid":{"rendered":"https:\/\/www.theibizatwiins.com\/condiciones-de-reserva-y-cancelaciones\/"},"modified":"2024-08-19T09:12:10","modified_gmt":"2024-08-19T07:12:10","slug":"conditions-de-reservations-et-annulations","status":"publish","type":"page","link":"https:\/\/www.theibizatwiins.com\/fr\/conditions-de-reservations-et-annulations\/","title":{"rendered":"Conditions de reservations et annulations"},"content":{"rendered":"<div class=\"wpb-content-wrapper\"><p>[vc_row full_width=\u00a0\u00bbstretch_row_content\u00a0\u00bb el_class=\u00a0\u00bbcabecera\u00a0\u00bb css=\u00a0\u00bb.vc_custom_1567759894150{padding-top: 120px !important;padding-bottom: 50px !important;background-color: #133844 !important;}\u00a0\u00bb][vc_column alignment=\u00a0\u00bbright\u00a0\u00bb][vc_row_inner css=\u00a0\u00bb.vc_custom_1567753203496{padding-bottom: 50px !important;}\u00a0\u00bb el_class=\u00a0\u00bbcontent\u00a0\u00bb][vc_column_inner][vc_custom_heading source=\u00a0\u00bbpost_title\u00a0\u00bb font_container=\u00a0\u00bbtag:h1|font_size:80|text_align:center|color:%23ffffff\u00a0\u00bb el_class=\u00a0\u00bbfmedium\u00a0\u00bb][\/vc_column_inner][\/vc_row_inner][\/vc_column][\/vc_row][vc_row css=\u00a0\u00bb.vc_custom_1570180100262{padding-right: 40px !important;padding-left: 40px !important;}\u00a0\u00bb el_class=\u00a0\u00bbcontenido\u00a0\u00bb][vc_column][vc_column_text css=\u00a0\u00bb\u00a0\u00bb]<strong>Tarif non remboursable:<\/strong><br \/>\nNe permet pas les modifications.<br \/>\nPaiement anticip\u00e9 : Sera d\u00e9bite sur le num\u00e9ro de votre carte bancaire le montant total du s\u00e9jour au moment de la r\u00e9servation.<br \/>\nAnnulation : Toute annulation d\u2019une r\u00e9servation avec un tarif non remboursable suppose le non remboursement du paiement effectu\u00e9. En cas de non pr\u00e9sentation, le montant du paiement effectu\u00e9 ne vous sera pas rembours\u00e9.<\/p>\n<p><strong>Tarif flexible:<\/strong><br \/>\nSi vous annulez plus de 24 heures avant la date d\u2019arriv\u00e9e : l\u2019h\u00f4tel vous remboursera les arrhes si vous en avez vers\u00e9. Si vous annulez en dehors de ce d\u00e9lai ou si vous ne vous pr\u00e9sentez pas : l\u2019h\u00f4tel encaissera le montant de la premi\u00e8re nuit sur la carte laiss\u00e9e en garantie, et si vous avez pay\u00e9 le total de la r\u00e9servation, le montant de la premi\u00e8re nuit ne vous sera pas rembours\u00e9. Si vous avez s\u00e9lectionn\u00e9 l\u2019option de payer le total de votre r\u00e9servation \u00e0 l\u2019h\u00f4tel, votre carte de cr\u00e9dit n\u2019est n\u00e9cessaire que comme garantie de votre r\u00e9servation. Le montant de votre r\u00e9servation ne sera pas pr\u00e9lev\u00e9 sur votre carte de cr\u00e9dit, vu que le paiement se fera \u00e0 l\u2019h\u00f4tel le jour d\u2019arriv\u00e9e avec la carte de cr\u00e9dit ou en esp\u00e8ce, en monnaie locale et selon le taux de change du jour. Uniquement en cas d\u2019annulation le jour m\u00eame de la date d\u2019arriv\u00e9e ou si vous ne vous pr\u00e9sentez pas, le montant de la premi\u00e8re nuit sera pr\u00e9lev\u00e9. L&rsquo;h\u00f4tel se r\u00e9serve le droit d\u2019effectuer une pr\u00e9-autorisation pour le montant de la premi\u00e8re nuit. Si vous avez choisi de payer la totalit\u00e9 de la r\u00e9servation maintenant, notre syst\u00e8me de r\u00e9servation s\u2019est connect\u00e9 \u00e0 la banque par le biais d\u2019une connection s\u00fbre pour proc\u00e9der au paiement avec un maximum de s\u00e9curit\u00e9 et vous avez donc payer le montant qui figure sur votre confirmation.<\/p>\n<p><strong>Enfants<\/strong><br \/>\nPour pouvoir b\u00e9n\u00e9ficier des politiques de remise dans tous les h\u00f4tels Sirenis, les tranches d\u2019\u00e2ge sont d\u00e9finies comme suit:<\/p>\n<p>De 0 \u00e0 1 an = B\u00e9b\u00e9s<br \/>\nDe 2 \u00e0 11 ans = Enfants<br \/>\n\u00c0 partir de 12 ans = Adultes<\/p>\n<p>L\u2019\u00e2ge de l\u2019enfant indiqu\u00e9 lors de la r\u00e9servation devra correspondre \u00e0 l\u2019\u00e2ge qu\u2019il aura le jour de son arriv\u00e9e \u00e0 l\u2019h\u00f4tel. S\u2019il est v\u00e9rifi\u00e9 lors du check-in \u00e0 la r\u00e9ception de l\u2019h\u00f4tel que l\u2019\u00e2ge stipul\u00e9 lors de la r\u00e9servation ne correspond pas \u00e0 l\u2019\u00e2ge r\u00e9el de l\u2019enfant indiqu\u00e9 sur son passeport ou sur sa pi\u00e8ce d\u2019identit\u00e9, vous devrez verser le montant correspondant \u00e0 sa tranche d\u2019\u00e2ge en fonction de la liste incluse ci-dessus.<\/p>\n<p><strong>Heure d\u2019enregistrement:<\/strong><br \/>\nLe droit d\u2019occupation de la chambre s\u2019effectue \u00e0 partir de 15h00 h le premier jour de la p\u00e9riode convenue.<\/p>\n<p><strong>Heure de d\u00e9part:<\/strong><br \/>\nLe droit d\u2019occupation de la chambre se termine \u00e0 12h00 h le dernier jour de la p\u00e9riode convenue. L\u2019\u00e9tablissement comprendra que le s\u00e9jour du client sera prolong\u00e9 d\u2019un jour, si celui-ci n\u2019a pas lib\u00e9r\u00e9 sa chambre \u00e0 la fin du d\u00e9lai maximal indiqu\u00e9.<\/p>\n<p><strong>Annulations:<\/strong><br \/>\nSi vous souhaitez annuler votre r\u00e9servation, vous pouvez le faire dans la rubrique <strong>G\u00c9RER MA R\u00c9SERVATION<\/strong> situ\u00e9e sur notre site web. Si vous avez besoin d&rsquo;aide suppl\u00e9mentaire veuillez nous faire parvenir un e-mail \u00e0 <strong><a href=\"mailto:hello@theibizatwiins.com\">hello@theibizatwiins.com<\/a><\/strong><\/p>\n<p><strong>Offres:<\/strong><br \/>\nAucune offre sp\u00e9ciale publi\u00e9e sur ce site web ne sera cumulable avec une autre offre ou remise.[\/vc_column_text][\/vc_column][\/vc_row]<\/p>\n<\/div>","protected":false},"excerpt":{"rendered":"<p>[vc_row full_width=\u00a0\u00bbstretch_row_content\u00a0\u00bb el_class=\u00a0\u00bbcabecera\u00a0\u00bb css=\u00a0\u00bb.vc_custom_1567759894150{padding-top: 120px !important;padding-bottom: 50px !important;background-color: #133844 !important;}\u00a0\u00bb][vc_column alignment=\u00a0\u00bbright\u00a0\u00bb][vc_row_inner css=\u00a0\u00bb.vc_custom_1567753203496{padding-bottom: 50px !important;}\u00a0\u00bb el_class=\u00a0\u00bbcontent\u00a0\u00bb][vc_column_inner][vc_custom_heading source=\u00a0\u00bbpost_title\u00a0\u00bb font_container=\u00a0\u00bbtag:h1|font_size:80|text_align:center|color:%23ffffff\u00a0\u00bb el_class=\u00a0\u00bbfmedium\u00a0\u00bb][\/vc_column_inner][\/vc_row_inner][\/vc_column][\/vc_row][vc_row css=\u00a0\u00bb.vc_custom_1570180100262{padding-right: 40px !important;padding-left: 40px !important;}\u00a0\u00bb el_class=\u00a0\u00bbcontenido\u00a0\u00bb][vc_column][vc_column_text css=\u00a0\u00bb\u00a0\u00bb]Tarif non remboursable: Ne permet pas les modifications. Paiement anticip\u00e9 : Sera d\u00e9bite sur le num\u00e9ro de votre carte bancaire le montant total du s\u00e9jour au moment de la r\u00e9servation. Annulation [&hellip;]<\/p>\n","protected":false},"author":1,"featured_media":0,"parent":0,"menu_order":0,"comment_status":"closed","ping_status":"closed","template":"","meta":{"_acf_changed":false,"footnotes":""},"class_list":["post-2317","page","type-page","status-publish","hentry"],"acf":[],"_links":{"self":[{"href":"https:\/\/www.theibizatwiins.com\/fr\/wp-json\/wp\/v2\/pages\/2317","targetHints":{"allow":["GET"]}}],"collection":[{"href":"https:\/\/www.theibizatwiins.com\/fr\/wp-json\/wp\/v2\/pages"}],"about":[{"href":"https:\/\/www.theibizatwiins.com\/fr\/wp-json\/wp\/v2\/types\/page"}],"author":[{"embeddable":true,"href":"https:\/\/www.theibizatwiins.com\/fr\/wp-json\/wp\/v2\/users\/1"}],"replies":[{"embeddable":true,"href":"https:\/\/www.theibizatwiins.com\/fr\/wp-json\/wp\/v2\/comments?post=2317"}],"version-history":[{"count":10,"href":"https:\/\/www.theibizatwiins.com\/fr\/wp-json\/wp\/v2\/pages\/2317\/revisions"}],"predecessor-version":[{"id":14450,"href":"https:\/\/www.theibizatwiins.com\/fr\/wp-json\/wp\/v2\/pages\/2317\/revisions\/14450"}],"wp:attachment":[{"href":"https:\/\/www.theibizatwiins.com\/fr\/wp-json\/wp\/v2\/media?parent=2317"}],"curies":[{"name":"wp","href":"https:\/\/api.w.org\/{rel}","templated":true}]}}