{"id":2326,"date":"2019-10-03T16:52:20","date_gmt":"2019-10-03T14:52:20","guid":{"rendered":"https:\/\/www.theibizatwiins.com\/politica-de-cookies\/"},"modified":"2024-03-18T12:10:22","modified_gmt":"2024-03-18T11:10:22","slug":"politique-de-cookies","status":"publish","type":"page","link":"https:\/\/www.theibizatwiins.com\/fr\/politique-de-cookies\/","title":{"rendered":"Politique de Cookies"},"content":{"rendered":"<div class=\"wpb-content-wrapper\"><p>[vc_row full_width=\u00a0\u00bbstretch_row_content\u00a0\u00bb el_class=\u00a0\u00bbcabecera\u00a0\u00bb css=\u00a0\u00bb.vc_custom_1567759894150{padding-top: 120px !important;padding-bottom: 50px !important;background-color: #133844 !important;}\u00a0\u00bb][vc_column alignment=\u00a0\u00bbright\u00a0\u00bb][vc_row_inner css=\u00a0\u00bb.vc_custom_1567753203496{padding-bottom: 50px !important;}\u00a0\u00bb el_class=\u00a0\u00bbcontent\u00a0\u00bb][vc_column_inner][vc_custom_heading source=\u00a0\u00bbpost_title\u00a0\u00bb font_container=\u00a0\u00bbtag:h1|font_size:80|text_align:center|color:%23ffffff\u00a0\u00bb el_class=\u00a0\u00bbfmedium\u00a0\u00bb][\/vc_column_inner][\/vc_row_inner][\/vc_column][\/vc_row][vc_row css=\u00a0\u00bb.vc_custom_1570180100262{padding-right: 40px !important;padding-left: 40px !important;}\u00a0\u00bb el_class=\u00a0\u00bbcontenido\u00a0\u00bb][vc_column][vc_column_text]<strong>Qu\u2019est-ce qu\u2019un cookie ?<\/strong><br \/>\nUn cookie est un fichier qui se t\u00e9l\u00e9charge dans votre ordinateur en acc\u00e9dant \u00e0 certains sites web. Les cookies permettent \u00e0 un site web, notamment, de stocker et r\u00e9cup\u00e9rer des informations sur les habitudes de navigation d\u2019un utilisateur ou de son \u00e9quipe et, selon les informations contenues et de la mani\u00e8re dont le terminal est utilis\u00e9 pour reconna\u00eetre l\u2019utilisateur.<\/p>\n<p><strong>Pourquoi ce site web utilise-t-il les cookies et quels sont-ils ?<\/strong><br \/>\nCe site web utilise les cookies pour une s\u00e9rie de finalit\u00e9s, y compris :<\/p>\n<ul>\n<li>Cookies d\u2019analyse : ce sont ces cookies qui, trait\u00e9s par nous-m\u00eames ou par des tiers, nous permettent de quantifier le nombre d\u2019utilisateurs et ainsi r\u00e9aliser la mesure et l\u2019analyse statistique de l\u2019utilisation faite par les utilisateurs du service. Pour cela, votre navigation est analys\u00e9e sur notre site web afin d\u2019am\u00e9liorer l\u2019exp\u00e9rience de l\u2019utilisateur&#8230;<\/li>\n<li>Cookies techniques : Ce sont ceux qui permettent \u00e0 l\u2019utilisateur la navigation \u00e0 travers le site web ou l\u2019application et l\u2019utilisation de diff\u00e9rentes options ou services y \u00e9tant propos\u00e9s. Par exemple, contr\u00f4ler le trafic et la communication des donn\u00e9es, identifier la session, acc\u00e9der aux parties web \u00e0 acc\u00e8s restreint, rappeler les \u00e9l\u00e9ments qui int\u00e8grent une commande, r\u00e9aliser une demande d\u2019inscription ou participation \u00e0 un \u00e9v\u00e8nement, utiliser des \u00e9l\u00e9ments de s\u00e9curit\u00e9 durant la navigation et stocker des contenus pour la diffusion de vid\u00e9os ou son&#8230;<\/li>\n<li>Cookies sur la personnalisation : Ce sont ceux qui permettent \u00e0 l\u2019utilisateur d\u2019acc\u00e9der au service avec certaines caract\u00e9ristiques \u00e0 caract\u00e8re g\u00e9n\u00e9ral pr\u00e9d\u00e9finies dans son terminal ou que le propre utilisateur d\u00e9finit. Par exemple, la langue, le type de navigateur \u00e0 travers lequel il acc\u00e8de au service, la conception des contenus s\u00e9lectionn\u00e9s, la g\u00e9olocalisation du terminal et la configuration r\u00e9gionale d\u2019o\u00f9 l\u2019on acc\u00e8de au service.<\/li>\n<li>Cookies publicitaires : Ce sont ceux qui permettent la gestion efficace des espaces publicitaires qui ont \u00e9t\u00e9 inclus sur le site web ou l\u2019application depuis laquelle le service est assur\u00e9. Ils permettent d\u2019adapter le contenu de la publicit\u00e9 afin que celle-ci soit appropri\u00e9e pour l\u2019utilisateur et \u00e9viter d\u2019afficher des publicit\u00e9s que l\u2019utilisateur a d\u00e9j\u00e0 vues.<\/li>\n<li>Cookies sur les pr\u00e9f\u00e9rences : Ces cookies permettent que nos sites web se rappellent d\u2019informations qui changent l\u2019aspect et le comportement du site comme, par exemple, votre langue pr\u00e9f\u00e9r\u00e9e ou la r\u00e9gion o\u00f9 vous vous trouvez. Par exemple, en se souvenant de votre r\u00e9gion, un site web peut vous fournir des nouvelles sur la circulation ou des bulletins m\u00e9t\u00e9orologiques locaux. Ces cookies permettent aussi de changer la taille du texte, la source et d\u2019autres parties des sites web que vous pouvez personnaliser.<\/li>\n<\/ul>\n<p><strong>Note :<\/strong> Les \u00ab cookies \u00bb de type \u00ab Propres \u00bb sont utilis\u00e9s uniquement par le propri\u00e9taire de ce site web et les cookies de \u00ab Tiers \u00bb sont employ\u00e9s par le prestataire de service d\u00e9taill\u00e9 dans le panneau de configuration des cookies.<\/p>\n<p>Vous pouvez consulter les d\u00e9tails des cookies utilis\u00e9s ainsi que l\u2019identit\u00e9 des tiers dans le menu d\u00e9roulant \u201cConfigurer les cookies\u201d situ\u00e9 dans le panneau de configuration de la banni\u00e8re de cookies.<\/p>\n<p>Veuillez noter que si vous acceptez les cookies tiers, vous devez les supprimer des options du navigateur ou du syst\u00e8me propos\u00e9 par le tiers lui-m\u00eame.<\/p>\n<p><strong>Comment puis-je d\u00e9sactiver ou \u00e9liminer ces cookies ?<\/strong><br \/>\nVous pouvez permettre, bloquer ou \u00e9liminer les cookies install\u00e9s dans votre terminal par l\u2019interm\u00e9diaire de la configuration des options du navigateur install\u00e9 dans votre ordinateur :<\/p>\n<p>Firefox<br \/>\n<a href=\"https:\/\/support.mozilla.org\/fr\/kb\/activer-desactiver-cookies-preferences\">https:\/\/support.mozilla.org\/fr\/kb\/activer-desactiver-cookies-preferences<\/a><\/p>\n<p>Chrome<br \/>\n<a href=\"https:\/\/support.google.com\/chrome\/answer\/95647?hl=fr\">https:\/\/support.google.com\/chrome\/answer\/95647?hl=fr<\/a><\/p>\n<p>Explorer<br \/>\n<a href=\"https:\/\/windows.microsoft.com\/es-es\/windows7\/how-to-manage-cookies-in-internet-explorer-9\">http:\/\/windows.microsoft.com\/es-es\/windows7\/how-to-manage-cookies-in-internet-explorer-9<\/a><\/p>\n<p>Safari<br \/>\n<a href=\"http:\/\/support.apple.com\/kb\/ph5042\">http:\/\/support.apple.com\/kb\/ph5042<\/a><\/p>\n<p>Opera<br \/>\n<a href=\"https:\/\/help.opera.com\/en\/latest\/web-preferences\/#cookies\">https:\/\/help.opera.com\/en\/latest\/web-preferences\/#cookies<\/a><\/p>\n<p>Autres navigateurs<br \/>\nConsultez la documentation du navigateur que vous avez install\u00e9.<\/p>\n<p>Compl\u00e9ment d\u2019inhabilit\u00e9 pour navigateurs de Google Analytics<br \/>\nSi vous souhaitez refuser les cookies analytiques de Google Analytics dans tous les navigateurs, de mani\u00e8re qu\u2019aucune de vos informations ne soient envoy\u00e9es \u00e0 Google Analytics, vous pouvez t\u00e9l\u00e9charger un compl\u00e9ment qui r\u00e9alise cette fonction depuis ce lien : https:\/\/tools.google.com\/dlpage\/gaoptout.<\/p>\n<p>Pour plus d&rsquo;informations sur la protection des donn\u00e9es, vous pouvez vous r\u00e9f\u00e9rer \u00e0 notre <a href=\"https:\/\/www.theibizatwiins.com\/fr\/politique-de-vie-privee\/\" target=\"_blank\" rel=\"noopener\">politique de confidentialit\u00e9<\/a>.[\/vc_column_text][\/vc_column][\/vc_row]<\/p>\n<\/div>","protected":false},"excerpt":{"rendered":"<p>[vc_row full_width=\u00a0\u00bbstretch_row_content\u00a0\u00bb el_class=\u00a0\u00bbcabecera\u00a0\u00bb css=\u00a0\u00bb.vc_custom_1567759894150{padding-top: 120px !important;padding-bottom: 50px !important;background-color: #133844 !important;}\u00a0\u00bb][vc_column alignment=\u00a0\u00bbright\u00a0\u00bb][vc_row_inner css=\u00a0\u00bb.vc_custom_1567753203496{padding-bottom: 50px !important;}\u00a0\u00bb el_class=\u00a0\u00bbcontent\u00a0\u00bb][vc_column_inner][vc_custom_heading source=\u00a0\u00bbpost_title\u00a0\u00bb font_container=\u00a0\u00bbtag:h1|font_size:80|text_align:center|color:%23ffffff\u00a0\u00bb el_class=\u00a0\u00bbfmedium\u00a0\u00bb][\/vc_column_inner][\/vc_row_inner][\/vc_column][\/vc_row][vc_row css=\u00a0\u00bb.vc_custom_1570180100262{padding-right: 40px !important;padding-left: 40px !important;}\u00a0\u00bb el_class=\u00a0\u00bbcontenido\u00a0\u00bb][vc_column][vc_column_text]Qu\u2019est-ce qu\u2019un cookie ? Un cookie est un fichier qui se t\u00e9l\u00e9charge dans votre ordinateur en acc\u00e9dant \u00e0 certains sites web. Les cookies permettent \u00e0 un site web, notamment, de stocker et [&hellip;]<\/p>\n","protected":false},"author":1,"featured_media":0,"parent":0,"menu_order":0,"comment_status":"closed","ping_status":"closed","template":"","meta":{"_acf_changed":false,"footnotes":""},"class_list":["post-2326","page","type-page","status-publish","hentry"],"acf":[],"_links":{"self":[{"href":"https:\/\/www.theibizatwiins.com\/fr\/wp-json\/wp\/v2\/pages\/2326","targetHints":{"allow":["GET"]}}],"collection":[{"href":"https:\/\/www.theibizatwiins.com\/fr\/wp-json\/wp\/v2\/pages"}],"about":[{"href":"https:\/\/www.theibizatwiins.com\/fr\/wp-json\/wp\/v2\/types\/page"}],"author":[{"embeddable":true,"href":"https:\/\/www.theibizatwiins.com\/fr\/wp-json\/wp\/v2\/users\/1"}],"replies":[{"embeddable":true,"href":"https:\/\/www.theibizatwiins.com\/fr\/wp-json\/wp\/v2\/comments?post=2326"}],"version-history":[{"count":3,"href":"https:\/\/www.theibizatwiins.com\/fr\/wp-json\/wp\/v2\/pages\/2326\/revisions"}],"predecessor-version":[{"id":12802,"href":"https:\/\/www.theibizatwiins.com\/fr\/wp-json\/wp\/v2\/pages\/2326\/revisions\/12802"}],"wp:attachment":[{"href":"https:\/\/www.theibizatwiins.com\/fr\/wp-json\/wp\/v2\/media?parent=2326"}],"curies":[{"name":"wp","href":"https:\/\/api.w.org\/{rel}","templated":true}]}}