{"id":3416,"date":"2020-03-05T13:09:44","date_gmt":"2020-03-05T12:09:44","guid":{"rendered":"https:\/\/www.theibizatwiins.com\/todo-incluido\/"},"modified":"2022-06-16T08:30:41","modified_gmt":"2022-06-16T06:30:41","slug":"tout-compris","status":"publish","type":"page","link":"https:\/\/www.theibizatwiins.com\/fr\/tout-compris\/","title":{"rendered":"Tout Compris"},"content":{"rendered":"<div class=\"wpb-content-wrapper\"><p>[vc_row full_width=\u00a0\u00bbstretch_row_content_no_spaces\u00a0\u00bb][vc_column][\/vc_column][\/vc_row][vc_row css=\u00a0\u00bb.vc_custom_1567675172646{padding-top: 80px !important;padding-bottom: 120px !important;}\u00a0\u00bb el_id=\u00a0\u00bbcore1&Prime;][vc_column][vc_column_text el_class=\u00a0\u00bbflightita\u00a0\u00bb]Les menus vari\u00e9s des restaurants <strong>La Sal<\/strong> et <strong>El Embarcadero<\/strong> pr\u00e9sentent des plats r\u00e9gionaux, nationaux et internationaux bas\u00e9s sur la tradition mais avec une touche moderne. La qualit\u00e9 et la fra\u00eecheur des produits que nous utilisons dans chaque recette est fondamentale.<\/p>\n<p>Petits d\u00e9jeuners, d\u00e9jeuners et d\u00eeners th\u00e9matiques, ainsi qu\u2019une large gamme de boissons comprises qui s\u2019associent \u00e0 chaque plat pour vous offrir le plaisir de vous sentir envelopp\u00e9 dans une conversation d\u00e9tendue, entour\u00e9 des v\u00f4tres, pendant vos vacances \u00e0 Ibiza. Il est ind\u00e9niable que les meilleurs souvenirs se cr\u00e9ent autour d\u2019une table, n\u2019est-ce pas ?[\/vc_column_text][\/vc_column][\/vc_row][vc_row full_width=\u00a0\u00bbstretch_row\u00a0\u00bb css=\u00a0\u00bb.vc_custom_1571904724018{padding-top: 100px !important;padding-bottom: 100px !important;background-color: #e6e7e1 !important;}\u00a0\u00bb el_id=\u00a0\u00bbhotel2&Prime; el_class=\u00a0\u00bbbloquebodas\u00a0\u00bb][vc_column][vc_row_inner el_class=\u00a0\u00bbcuadrohotel\u00a0\u00bb][vc_column_inner width=\u00a0\u00bb1\/2&Prime; css=\u00a0\u00bb.vc_custom_1571905822372{background-color: #ffffff !important;}\u00a0\u00bb][vc_column_text css=\u00a0\u00bb.vc_custom_1647609994494{padding-top: 60px !important;padding-right: 60px !important;padding-bottom: 60px !important;padding-left: 60px !important;}\u00a0\u00bb]\u00c0 Ibiza, vous pourrez profiter de longues journ\u00e9es ensoleill\u00e9es, \u00e0 la plage ou \u00e0 la piscine. Voil\u00e0 pourquoi la meilleure fa\u00e7on d\u2019accompagner ces agr\u00e9ables moments de d\u00e9tente et de diversion, c\u2019est le <strong>Snack Bar La Cascada<\/strong>.<\/p>\n<p>Nous avons ajout\u00e9 un grand choix de snacks froids et chauds \u00e0 partir de midi jusqu\u2019\u00e0 17h00 et des boissons froides et chaudes, avec ou sans alcool qui comprennent une s\u00e9lection de cocktails de 10h00 jusqu\u2019\u00e0 minuit.[\/vc_column_text][\/vc_column_inner][vc_column_inner width=\u00a0\u00bb1\/2&Prime;][vc_single_image image=\u00a0\u00bb3362&Prime; img_size=\u00a0\u00bblarge\u00a0\u00bb][\/vc_column_inner][\/vc_row_inner][vc_row_inner css=\u00a0\u00bb.vc_custom_1571152403427{padding-top: 100px !important;}\u00a0\u00bb el_class=\u00a0\u00bbcuadrohotel2&Prime;][vc_column_inner width=\u00a0\u00bb1\/2&Prime;][vc_single_image image=\u00a0\u00bb4165&Prime; img_size=\u00a0\u00bblarge\u00a0\u00bb][\/vc_column_inner][vc_column_inner width=\u00a0\u00bb1\/2&Prime; css=\u00a0\u00bb.vc_custom_1571905840020{background-color: #ffffff !important;}\u00a0\u00bb][vc_column_text css=\u00a0\u00bb.vc_custom_1588151187532{padding-top: 60px !important;padding-right: 60px !important;padding-bottom: 60px !important;padding-left: 60px !important;}\u00a0\u00bb]Si vous aimez faire attention \u00e0 votre sant\u00e9, manger \u00e9quilibr\u00e9 et faire une activit\u00e9 physique pendant vos vacances&#8230; nous vous proposons un compl\u00e9ment d\u00e9tox qui s\u2019adapte au surplus d\u2019\u00e9nergie que vous allez d\u00e9penser lors de votre s\u00e9jour chez Twiins.<\/p>\n<p>Le <strong>Healthy Poing<\/strong> situ\u00e9 dans l\u2019entr\u00e9e du b\u00e2timent Joy vous propose un grand choix de caf\u00e9s, de th\u00e9s et de jus naturels et de milk-shakes de fruits et de l\u00e9gumes frais entre 12h00 et 18h30.[\/vc_column_text][\/vc_column_inner][\/vc_row_inner][\/vc_column][\/vc_row][vc_row css=\u00a0\u00bb.vc_custom_1583410778513{padding-top: 80px !important;padding-bottom: 120px !important;}\u00a0\u00bb el_id=\u00a0\u00bbb2tincluido\u00a0\u00bb][vc_column][vc_column_text el_class=\u00a0\u00bbflightita\u00a0\u00bb]<strong>Joy Lounge Bar<\/strong> et <strong>Life Lounge Bar<\/strong> deviendront le point de rencontre incontournable avant et apr\u00e8s le d\u00eener. Des espaces avec une ambiance changeante de lumi\u00e8re et de couleur, une atmosph\u00e8re d\u00e9tendue pour savourer un cocktail ou votre boisson pr\u00e9f\u00e9r\u00e9e en excellente compagnie. Encore une nuit inoubliable qui commence&#8230; Profitez de la magie d\u2019Ibiza !<\/p>\n<p>Sant\u00e9 ![\/vc_column_text][\/vc_column][\/vc_row][vc_row full_width=\u00a0\u00bbstretch_row_content_no_spaces\u00a0\u00bb disable_element=\u00a0\u00bbyes\u00a0\u00bb][vc_column width=\u00a0\u00bb1\/2&Prime; css=\u00a0\u00bb.vc_custom_1571905473183{padding-top: 0px !important;}\u00a0\u00bb][vc_single_image image=\u00a0\u00bb1031&Prime; img_size=\u00a0\u00bbfull\u00a0\u00bb][\/vc_column][vc_column width=\u00a0\u00bb1\/2&Prime; css=\u00a0\u00bb.vc_custom_1571905478901{padding-top: 0px !important;}\u00a0\u00bb][vc_single_image image=\u00a0\u00bb962&Prime; img_size=\u00a0\u00bbfull\u00a0\u00bb][\/vc_column][\/vc_row][vc_row full_width=\u00a0\u00bbstretch_row_content_no_spaces\u00a0\u00bb el_class=\u00a0\u00bbfullscreen\u00a0\u00bb css=\u00a0\u00bb.vc_custom_1597749847278{background-image: url(https:\/\/www.theibizatwiins.com\/wp-content\/uploads\/2020\/08\/Twiins-80-1.jpg?id=4155) !important;background-position: center !important;background-repeat: no-repeat !important;background-size: cover !important;}\u00a0\u00bb el_id=\u00a0\u00bbbtodoinc\u00a0\u00bb][vc_column css=\u00a0\u00bb.vc_custom_1571905473183{padding-top: 0px !important;}\u00a0\u00bb][\/vc_column][\/vc_row][vc_row css=\u00a0\u00bb.vc_custom_1567675172646{padding-top: 80px !important;padding-bottom: 120px !important;}\u00a0\u00bb el_id=\u00a0\u00bbcore1&Prime;][vc_column][vc_column_text el_class=\u00a0\u00bbflightita\u00a0\u00bb]Chaque \u00e9t\u00e9, Ibiza attire des milliers de personnes de tous les coins du monde. Le cosmopolitisme est visible dans chacun des aspects de la vie des habitants d\u2019Ibiza comme, bien s\u00fbr, dans leur cuisine. Au Twiins, la gastronomie se transforme en une v\u00e9ritable exp\u00e9rience gr\u00e2ce aux six espaces de restauration tr\u00e8s diff\u00e9rents les uns des autres.[\/vc_column_text][vc_btn title=\u00a0\u00bbRetour \u00e0 la section Gastronomie\u00a0\u00bb shape=\u00a0\u00bbsquare\u00a0\u00bb size=\u00a0\u00bblg\u00a0\u00bb align=\u00a0\u00bbcenter\u00a0\u00bb link=\u00a0\u00bburl:https%3A%2F%2Fwww.theibizatwiins.com%2Ffr%2Fgastronomie%2F%20|||\u00a0\u00bb el_class=\u00a0\u00bbbtn_bodas\u00a0\u00bb][\/vc_column][\/vc_row]<\/p>\n<\/div>","protected":false},"excerpt":{"rendered":"<p>[vc_row full_width=\u00a0\u00bbstretch_row_content_no_spaces\u00a0\u00bb][vc_column][\/vc_column][\/vc_row][vc_row css=\u00a0\u00bb.vc_custom_1567675172646{padding-top: 80px !important;padding-bottom: 120px !important;}\u00a0\u00bb el_id=\u00a0\u00bbcore1&Prime;][vc_column][vc_column_text el_class=\u00a0\u00bbflightita\u00a0\u00bb]Les menus vari\u00e9s des restaurants La Sal et El Embarcadero pr\u00e9sentent des plats r\u00e9gionaux, nationaux et internationaux bas\u00e9s sur la tradition mais avec une touche moderne. La qualit\u00e9 et la fra\u00eecheur des produits que nous utilisons dans chaque recette est fondamentale. Petits d\u00e9jeuners, d\u00e9jeuners et d\u00eeners th\u00e9matiques, [&hellip;]<\/p>\n","protected":false},"author":1,"featured_media":0,"parent":0,"menu_order":0,"comment_status":"closed","ping_status":"closed","template":"","meta":{"_acf_changed":false,"footnotes":""},"class_list":["post-3416","page","type-page","status-publish","hentry"],"acf":[],"_links":{"self":[{"href":"https:\/\/www.theibizatwiins.com\/fr\/wp-json\/wp\/v2\/pages\/3416","targetHints":{"allow":["GET"]}}],"collection":[{"href":"https:\/\/www.theibizatwiins.com\/fr\/wp-json\/wp\/v2\/pages"}],"about":[{"href":"https:\/\/www.theibizatwiins.com\/fr\/wp-json\/wp\/v2\/types\/page"}],"author":[{"embeddable":true,"href":"https:\/\/www.theibizatwiins.com\/fr\/wp-json\/wp\/v2\/users\/1"}],"replies":[{"embeddable":true,"href":"https:\/\/www.theibizatwiins.com\/fr\/wp-json\/wp\/v2\/comments?post=3416"}],"version-history":[{"count":7,"href":"https:\/\/www.theibizatwiins.com\/fr\/wp-json\/wp\/v2\/pages\/3416\/revisions"}],"predecessor-version":[{"id":5934,"href":"https:\/\/www.theibizatwiins.com\/fr\/wp-json\/wp\/v2\/pages\/3416\/revisions\/5934"}],"wp:attachment":[{"href":"https:\/\/www.theibizatwiins.com\/fr\/wp-json\/wp\/v2\/media?parent=3416"}],"curies":[{"name":"wp","href":"https:\/\/api.w.org\/{rel}","templated":true}]}}