{"id":5543,"date":"2022-06-03T13:16:37","date_gmt":"2022-06-03T11:16:37","guid":{"rendered":"https:\/\/www.theibizatwiins.com\/?page_id=5543"},"modified":"2022-06-03T13:16:38","modified_gmt":"2022-06-03T11:16:38","slug":"experiences","status":"publish","type":"page","link":"https:\/\/www.theibizatwiins.com\/fr\/experiences\/","title":{"rendered":"Exp\u00e9riences"},"content":{"rendered":"<div class=\"wpb-content-wrapper\"><p>[vc_row full_width=\u00a0\u00bbstretch_row\u00a0\u00bb el_class=\u00a0\u00bbcabecera\u00a0\u00bb css=\u00a0\u00bb.vc_custom_1567759911168{padding-top: 120px !important;padding-bottom: 100px !important;background-color: #133844 !important;}\u00a0\u00bb][vc_column alignment=\u00a0\u00bbcenter\u00a0\u00bb][vc_custom_heading text=\u00a0\u00bbEXP\u00c9RIENCES\u00a0\u00bb font_container=\u00a0\u00bbtag:h1|font_size:80|text_align:center|color:%23ffffff\u00a0\u00bb el_class=\u00a0\u00bbfmedium\u00a0\u00bb css=\u00a0\u00bb.vc_custom_1654253534441{margin-bottom: 0px !important;}\u00a0\u00bb][vc_column_text el_class=\u00a0\u00bbflight white\u00a0\u00bb]Pourquoi renoncer \u00e0 une partie quand on peut tout avoir ? C&rsquo;est dans le m\u00e9lange que se trouve la surprise et dans la surprise le plaisir. Apprenez \u00e0 conna\u00eetre nos racines, notre mer, le pouls anim\u00e9 et joyeux d&rsquo;Ibiza. Profitez d&rsquo;un h\u00f4tel pr\u00e8s de la plage. Le tout dans l&rsquo;esprit le plus ibizien et cosmopolite qui soit. D\u00e9couvrez notre terre et sentez vous en faire partie.[\/vc_column_text][\/vc_column][\/vc_row]<\/p>\n<\/div>","protected":false},"excerpt":{"rendered":"<p>[vc_row full_width=\u00a0\u00bbstretch_row\u00a0\u00bb el_class=\u00a0\u00bbcabecera\u00a0\u00bb css=\u00a0\u00bb.vc_custom_1567759911168{padding-top: 120px !important;padding-bottom: 100px !important;background-color: #133844 !important;}\u00a0\u00bb][vc_column alignment=\u00a0\u00bbcenter\u00a0\u00bb][vc_custom_heading text=\u00a0\u00bbEXP\u00c9RIENCES\u00a0\u00bb font_container=\u00a0\u00bbtag:h1|font_size:80|text_align:center|color:%23ffffff\u00a0\u00bb el_class=\u00a0\u00bbfmedium\u00a0\u00bb css=\u00a0\u00bb.vc_custom_1654253534441{margin-bottom: 0px !important;}\u00a0\u00bb][vc_column_text el_class=\u00a0\u00bbflight white\u00a0\u00bb]Pourquoi renoncer \u00e0 une partie quand on peut tout avoir ? C&rsquo;est dans le m\u00e9lange que se trouve la surprise et dans la surprise le plaisir. Apprenez \u00e0 conna\u00eetre nos racines, notre mer, le pouls anim\u00e9 et [&hellip;]<\/p>\n","protected":false},"author":1,"featured_media":0,"parent":0,"menu_order":0,"comment_status":"closed","ping_status":"closed","template":"page-scope.php","meta":{"_acf_changed":false,"footnotes":""},"class_list":["post-5543","page","type-page","status-publish","hentry"],"acf":[],"_links":{"self":[{"href":"https:\/\/www.theibizatwiins.com\/fr\/wp-json\/wp\/v2\/pages\/5543","targetHints":{"allow":["GET"]}}],"collection":[{"href":"https:\/\/www.theibizatwiins.com\/fr\/wp-json\/wp\/v2\/pages"}],"about":[{"href":"https:\/\/www.theibizatwiins.com\/fr\/wp-json\/wp\/v2\/types\/page"}],"author":[{"embeddable":true,"href":"https:\/\/www.theibizatwiins.com\/fr\/wp-json\/wp\/v2\/users\/1"}],"replies":[{"embeddable":true,"href":"https:\/\/www.theibizatwiins.com\/fr\/wp-json\/wp\/v2\/comments?post=5543"}],"version-history":[{"count":1,"href":"https:\/\/www.theibizatwiins.com\/fr\/wp-json\/wp\/v2\/pages\/5543\/revisions"}],"predecessor-version":[{"id":8656,"href":"https:\/\/www.theibizatwiins.com\/fr\/wp-json\/wp\/v2\/pages\/5543\/revisions\/8656"}],"wp:attachment":[{"href":"https:\/\/www.theibizatwiins.com\/fr\/wp-json\/wp\/v2\/media?parent=5543"}],"curies":[{"name":"wp","href":"https:\/\/api.w.org\/{rel}","templated":true}]}}