{"id":2307,"date":"2019-06-26T09:26:03","date_gmt":"2019-06-26T09:26:03","guid":{"rendered":"https:\/\/www.theibizatwiins.com\/politica-de-privacidad\/"},"modified":"2022-06-16T08:52:14","modified_gmt":"2022-06-16T06:52:14","slug":"politica-di-riservatezza","status":"publish","type":"page","link":"https:\/\/www.theibizatwiins.com\/it\/politica-di-riservatezza\/","title":{"rendered":"Politica di Riservatezza"},"content":{"rendered":"<div class=\"wpb-content-wrapper\"><p>[vc_row full_width=&#8221;stretch_row_content&#8221; el_class=&#8221;cabecera&#8221; css=&#8221;.vc_custom_1571912749134{padding-top: 120px !important;padding-bottom: 50px !important;background-color: #133844 !important;}&#8221;][vc_column][vc_row_inner el_class=&#8221;content&#8221; css=&#8221;.vc_custom_1571913136461{padding-bottom: 50px !important;}&#8221;][vc_column_inner][vc_custom_heading source=&#8221;post_title&#8221; font_container=&#8221;tag:h1|font_size:80|text_align:center|color:%23ffffff&#8221; use_theme_fonts=&#8221;yes&#8221; el_class=&#8221;fmedium&#8221;][\/vc_column_inner][\/vc_row_inner][\/vc_column][\/vc_row][vc_row el_class=&#8221;contenido&#8221;][vc_column][vc_column_text]<strong>Protezione dei dati di carattere personale<\/strong><\/p>\n<p>TWIINS lavora per garantire la privacy nel trattamento dei dati personali degli utenti e vuole essere quanto pi\u00f9 trasparente possibile con i propri clienti e utenti. Per questo motivo, abbiamo aggiornato la nostra Informativa sulla privacy per informare chiaramente su come raccogliamo, usiamo e custodiamo i dati delle persone che ci contattano e\/o richiedono prodotti e\/o servizi della nostra Organizzazione, oltre a informare gli utenti e clienti sui loro diritti in materia di protezione dei dati personali.<\/p>\n<p><strong>Chi \u00e8 il titolare del trattamento dei dati?<\/strong><\/p>\n<p>Identit\u00e0: SIRENIS SERVICE, S.L. (di seguito TWIINS), codice fiscale e P. IVA: B07910185<br \/>\nIndirizzo: C\/ Des Cubells, 32, 07800 Ibiza (Illes Balears, Spagna)<br \/>\nRegistro delle imprese di Ibiza.- Foglio: 133, Volume: 79, Pagina: IB-3834.<br \/>\nTelefono: +34 971312512<br \/>\nIndirizzo email: <strong><a href=\"mailto:lopd@sirenishotels.com\">lopd@sirenishotels.com<\/a><\/strong><br \/>\nInformiamo gli utenti e i clienti che abbiamo nominato un Responsabile della protezione dei dati che garantisce il rispetto della normativa sulla protezione dei dati.<br \/>\nDati di contatto del Responsabile: C\/ Des Cubells, 32 &#8211; 07800 Ibiza (Illes Balears, Spagna) &#8211; <strong><a href=\"mailto:dpd@sirenishotels.com\">dpd@sirenishotels.com<\/a><\/strong><\/p>\n<p><strong>INFORMAZIONI E CONSENSO<\/strong><\/p>\n<p>Mediante la lettura della presente Informativa sulla privacy, l\u2019utente\/interessato \u00e8 informato sul modo in cui TWIINS raccoglie e tratta i dati di carattere personale che gli vengono forniti attraverso il sito web www.theibizatwiins.com (di seguito, il \u201csito web\u201d), attraverso l\u2019app di TWIINS (di seguito, l\u2019\u201capp\u201d), oltre a quelli appartenenti alla sua connessione e navigazione sul sito web e agli altri dati eventualmente forniti in futuro a TWIINS tramite il Contratto di soggiorno o qualsiasi altro mezzo abilitato.<br \/>\nL\u2019utente\/interessato \u00e8 tenuto a leggere con attenzione la presente Informativa sulla privacy, che abbiamo redatto nel modo pi\u00f9 chiaro e semplice possibile per renderla facilmente comprensibile, e stabilire liberamente e volontariamente se desidera fornire i suoi dati personali, o quelli di terzi, a TWIINS.<\/p>\n<p>Compilando uno qualsiasi dei moduli e facendo clic sulla casella &#8220;Accetto l\u2019informativa sulla privacy&#8221; o analoga, l\u2019utente dichiara di aver letto e accettato espressamente la presente informativa sulla privacy e concede il suo consenso espresso e inequivocabile al trattamento dei suoi dati personali, conformemente alle finalit\u00e0 comunicate.<\/p>\n<p><strong>INFORMAZIONI SUI DIVERSI TIPI DI TRATTAMENTO<\/strong><\/p>\n<p><strong>A.-TRATTAMENTO dei dati dei CLIENTI (ospiti)<\/strong><\/p>\n<p>Con quale finalit\u00e0 trattiamo i dati personali?<\/p>\n<p>TWIINS tratta i dati personali forniti dai clienti, principalmente, per le seguenti finalit\u00e0:<\/p>\n<ul>\n<li>La gestione della prestazione dei servizi di soggiorno stipulati: prenotazioni effettuate, comprese le modifiche e\/o le cancellazioni, oltre alla gestione del pagamento (se del caso) e la gestione delle richieste e preferenze e, se del caso, la prestazione di servizi di ristoranti e banchetti e dell\u2019organizzazione di eventi.<\/li>\n<li>La gestione dell\u2019invio di comunicazioni informative e\/o commerciali sui nostri prodotti e\/o servizi attraverso mezzi elettronici e\/o convenzionali.<\/li>\n<li>La gestione di questionari di qualit\u00e0 per la valutazione della soddisfazione relativa al servizio prestato al cliente.<\/li>\n<li>La gestione amministrativa interna di TWIINS, contabile e fiscale.<\/li>\n<li>La gestione relativa ai soci (ULC).<\/li>\n<li>La gestione di eventuali reclami.<\/li>\n<\/ul>\n<p><strong>Per quanto tempo conserviamo i dati?<\/strong><\/p>\n<p>I dati saranno conservati per l\u2019intera durata dei rapporti commerciali. Allo stesso modo, saranno conservati per gli anni necessari a rispettare gli obblighi di legge, rispettando sempre i termini di prescrizione delle responsabilit\u00e0. In tutti questi casi, saranno conservati debitamente bloccati.<\/p>\n<p><strong>Qual \u00e8 la legittimazione per il trattamento dei dati?<\/strong><\/p>\n<ul>\n<li>L\u2019esecuzione di un contratto: prestazione dei servizi richiesti e iscrizione al programma SIRENIS FRIENDS, oltre a, qualora applicabile, gestione dei rapporti con i soci (ULC).<\/li>\n<li>Osservanza degli obblighi di legge: gestione amministrativa.<\/li>\n<li>Interesse legittimo del titolare: invio di informazioni commerciali; invio di questionari di qualit\u00e0, oltre alla gestione dei reclami.<\/li>\n<\/ul>\n<p><strong>A quali destinatari saranno comunicati i dati?<\/strong><\/p>\n<p>I dati saranno comunicati ai seguenti destinatari:<\/p>\n<ul>\n<li>Piattaforme per l\u2019invio di pubblicit\u00e0 tramite mezzi elettronici, al fine di effettuare l\u2019invio con garanzie e ottenere dati statistici.<\/li>\n<li>Se del caso, banche e casse di risparmio e amministrazione tributaria, oltre alle forze dell\u2019ordine, al fine di rispettare gli obblighi di legge.<\/li>\n<li>Operatori degli hotel gestiti dal GRUPPO SIRENIS, aziende partecipate o del gruppo aziendale, unicamente per fini amministrativi interni, oltre che per l\u2019invio di comunicazioni commerciali.<\/li>\n<\/ul>\n<p><strong>Trasferimento di dati in paesi terzi?<\/strong><\/p>\n<p>Sono previste cessioni di dati a terzi (aziende del GRUPPO SIRENIS, la cui societ\u00e0 madre \u00e8 MATUR, S.L., con codice fiscale e P. IVA n. B070029465), con le opportune garanzie, comprese quelle che rientrano nella sottoscrizione delle clausole tipo per il trasferimento internazionale dei dati pubblicate dalla Commissione Europea. La finalit\u00e0 \u00e8 l\u2019amministrazione interna del gruppo, oltre all\u2019invio di comunicazioni commerciali.<\/p>\n<p><strong>Come otteniamo i dati?<\/strong><\/p>\n<p>I dati personali trattati da TWIINS provengono dallo stesso interessato o dal suo rappresentante legale.<\/p>\n<p>Le categorie di dati soggette al trattamento sono:<\/p>\n<ul>\n<li>Indirizzi postali o di posta elettronica.<br \/>\nInformazioni commerciali.<\/li>\n<li>Dati identificativi, di contatto, relativi a preferenze e a caratteristiche personali.<\/li>\n<li>Dati economici e bancari, o di carte bancarie, necessari per effettuare il pagamento della prenotazione o per garantire la stessa, oltre che per pagare il soggiorno o i servizi a questo associati.<\/li>\n<li>Dati relativi al programma fedelt\u00e0 SIRENIS FRIENDS.<\/li>\n<li>Dati di geolocalizzazione con il consenso dell\u2019interessato, solo quando usa l\u2019APP.<\/li>\n<li>Se del caso, per pratiche relative a reclami, dati di salute.<\/li>\n<\/ul>\n<p><strong>B.- TRATTAMENTO dell\u2019USO dell\u2019IMMAGINE delle PERSONE<\/strong><\/p>\n<p><strong>Con quale finalit\u00e0 trattiamo i dati personali?<\/strong><\/p>\n<p>TWIINS tratta i dati oggetto del presente trattamento (immagine) al fine di fare pubblicit\u00e0 ai nostri servizi ed eventi, oltre che per effettuare campagne di marketing sui social network e sul web. Se del caso, anche per gestire l\u2019invio di comunicazioni commerciali sulle nostre attivit\u00e0, eventi e servizi.<\/p>\n<p><strong>Per quanto tempo conserviamo i dati?<\/strong><\/p>\n<p>I dati saranno conservati dal momento in cui l\u2019utente concede il suo consenso e fino alla revoca del consenso stesso.<\/p>\n<p><strong>Qual \u00e8 la legittimazione per il trattamento dei dati?<\/strong><\/p>\n<p>Consenso espresso dell\u2019interessato: Uso di fotografie e video in cui compare l\u2019immagine della persona interessata.<\/p>\n<p>Allo stesso modo informiamo che, concedendo il consenso, le immagini potrebbero essere pubblicate sul sito web dell\u2019azienda, sui social e su altri supporti che l\u2019azienda ritiene opportuni per fare pubblicit\u00e0 alle sue attivit\u00e0, eventi e servizi.<\/p>\n<p><strong>A quali destinatari saranno comunicati i dati?<\/strong><\/p>\n<p>I dati potranno essere pubblicati sul sito web dell\u2019azienda e\/o sui social network, e potranno essere comunicati ad aziende del GRUPPO SIRENIS (e associate) al fine di promuovere il gruppo.<\/p>\n<p><strong>Trasferimento di dati in paesi terzi?<\/strong><\/p>\n<p>Sono previste cessioni di dati a terzi (aziende del GRUPPO SIRENIS, la cui societ\u00e0 madre \u00e8 MATUR, S.L., con codice fiscale e P.IVA n. B070029465), con le opportune garanzie, comprese quelle che rientrano nella sottoscrizione delle clausole tipo per il trasferimento internazionale dei dati pubblicate dalla Commissione Europea.<\/p>\n<p><strong>Quale categoria di dati personali trattiamo?<\/strong><\/p>\n<p>Dati identificativi e di immagine.<\/p>\n<p><strong>C.- TRATTAMENTO dei dati di CONTATTO tramite il MODULO WEB<\/strong><\/p>\n<p><strong>Con quale finalit\u00e0 trattiamo i dati personali?<\/strong><\/p>\n<p>TWIINS tratta le informazioni fornite dalle persone interessate al fine di rispondere alle loro richieste e inviare loro informazioni su attivit\u00e0 e servizi, oltre che, se del caso, per i bollettini.<\/p>\n<p><strong>Per quanto tempo conserviamo i dati?<\/strong><\/p>\n<p>I dati saranno conservati fino a che l\u2019interessato ne richieder\u00e0 l\u2019eliminazione, rispettando i termini di prescrizione delle responsabilit\u00e0, periodo durante il quale saranno conservati debitamente bloccati.<\/p>\n<p><strong>Qual \u00e8 la legittimazione per il trattamento dei dati?<\/strong><\/p>\n<p>Consenso espresso dell\u2019interessato nel momento in cui spunta la casella predisposta allo scopo nella parte inferiore del modulo web.<\/p>\n<p><strong>A quali destinatari saranno comunicati i dati?<\/strong><br \/>\nNon saranno ceduti dati a terzi, salvo in caso di obbligo legale.<\/p>\n<p><strong>Trasferimento di dati in paesi terzi?<\/strong><br \/>\nNon sono previsti trasferimenti di dati in paesi terzi.<\/p>\n<p><strong>Come otteniamo i dati?<\/strong><br \/>\nI dati personali trattati da TWIINS provengono dallo stesso interessato o, se del caso, da terzi.<\/p>\n<p><strong>D.- TRATTAMENTO dei dati dei VISITATORI delle STRUTTURE<\/strong><\/p>\n<p><strong>Con quale finalit\u00e0 trattiamo i dati personali?<\/strong><\/p>\n<p>TWIINS svolge il presente trattamento dei dati personali per tenere un registro di chi accede alle nostre strutture e per dare atto delle informazioni che gli vengono fornite.<\/p>\n<p><strong>Per quanto tempo conserviamo i dati?<\/strong><\/p>\n<p>Per quattro anni.<\/p>\n<p><strong>Qual \u00e8 la legittimazione per il trattamento dei dati?<\/strong><\/p>\n<p>Interesse legittimo del titolare: registro e gestione delle visite alle strutture.<\/p>\n<p><strong>A quali destinatari saranno comunicati i dati?<\/strong><\/p>\n<p>Non saranno ceduti dati a terzi, salvo in caso di obbligo legale.<\/p>\n<p><strong>Trasferimento di dati in paesi terzi<\/strong><\/p>\n<p>Non sono previsti trasferimenti di dati in paesi terzi.<\/p>\n<p><strong>Quale categoria di dati personali trattiamo?<\/strong><\/p>\n<p>Dati identificativi.<\/p>\n<p><strong>E.- TRATTAMENTO dei dati di VIDEOSORVEGLIANZA<\/strong><\/p>\n<p><strong>Con quale finalit\u00e0 trattiamo i dati personali?<\/strong><\/p>\n<p>TWIINS tratta le immagini riprese dalle videocamere al fine di garantire la sicurezza delle persone, dei beni e delle strutture.<\/p>\n<p><strong>Per quanto tempo conserviamo i dati?<\/strong><\/p>\n<p>I dati saranno conservati per un massimo di 30 giorni, salvo comunicazione alle forze dell\u2019ordine e\/o a corti e tribunali.<\/p>\n<p><strong>Qual \u00e8 la legittimazione per il trattamento dei dati?<\/strong><\/p>\n<p>Missione in interesse pubblico: garantire la sicurezza di persone, beni e strutture.<\/p>\n<p><strong>A quali destinatari saranno comunicati i dati?<\/strong><\/p>\n<p>I dati saranno comunicati, se del caso, ai seguenti destinatari: Forze dell\u2019ordine dello stato, corti e tribunali, al fine di apportare le immagini nell\u2019eventualit\u00e0 in cui sia stato commesso un reato o un\u2019infrazione.<\/p>\n<p><strong>Trasferimento di dati in paesi terzi<\/strong><\/p>\n<p>Non sono previsti trasferimenti di dati in paesi terzi.<\/p>\n<p><strong>Quale categoria di dati personali trattiamo?<\/strong><\/p>\n<p>Immagine.<\/p>\n<p><strong>F.- TRATTAMENTO dei dati della SELEZIONE del PERSONALE<\/strong><\/p>\n<p><strong>Con quale finalit\u00e0 trattiamo i dati personali?<\/strong><\/p>\n<p>TWIINS tratta le informazioni fornite dalle persone interessate al fine di svolgere procedure di selezione del personale: iscrivere l\u2019interessato alle offerte di lavoro, inviare promemoria e comunicazioni, modifiche allo stato delle candidature, oltre che contattarli da parte delle compagnie del gruppo. Esiste la possibilit\u00e0 che la creazione del profilo venga effettuata in modalit\u00e0 automatica.<\/p>\n<p><strong>Per quanto tempo conserviamo i dati?<\/strong><\/p>\n<p>Saranno conservati per due anni, salvo revoca del consenso dell\u2019interessato prima della scadenza del termine massimo di conservazione. Oppure per l\u2019intera durata del rapporto di lavoro, sempre nel rispetto dei termini di prescrizione delle responsabilit\u00e0.<\/p>\n<p><strong>Qual \u00e8 la legittimazione per il trattamento dei dati?<\/strong><\/p>\n<p>Consenso dell\u2019interessato: partecipare ai processi di selezione del personale.<\/p>\n<p><strong>A quali destinatari saranno comunicati i dati?<\/strong><\/p>\n<p>I dati potranno essere comunicati alle aziende del gruppo Sirenis al fine di poterli utilizzare nei processi di selezione del personale.<\/p>\n<p><strong>Trasferimento di dati in paesi terzi?<\/strong><\/p>\n<p>Non sono previsti trasferimenti di dati in paesi terzi.<\/p>\n<p><strong>Quale categoria di dati trattiamo?<\/strong><\/p>\n<ul>\n<li>Dati identificativi.<\/li>\n<li>Indirizzi postali o di posta elettronica.<\/li>\n<li>Dati accademici e professionali.<\/li>\n<\/ul>\n<p>Per le candidature inviate tramite l\u2019applicazione Sirenis Jobs, consultare: <a href=\"https:\/\/www.sirenisjobs.com\/public\/index\/legal\">https:\/\/www.sirenisjobs.com\/public\/index\/legal<\/a><\/p>\n<p><strong>QUALI SONO I DIRITTI DELL\u2019INTERESSATO QUANDO CI FORNISCE I SUOI DATI?<\/strong><\/p>\n<p>Qualsiasi persona ha il diritto di ottenere una conferma relativa al trattamento o meno dei dati personali che la riguardano da parte di TWIINS.<br \/>\nLe persone interessate hanno il diritto di accedere ai propri dati personali, nonch\u00e9 di richiedere la rettifica di dati errati o, ove opportuno, richiederne l\u2019eliminazione quando, tra altri motivi, i dati non sono pi\u00f9 necessari per le finalit\u00e0 per le quali erano stati raccolti.<\/p>\n<p>In alcuni casi, gli interessati potranno richiedere la limitazione del trattamento dei propri dati, nel qual caso li conserveremo unicamente per l\u2019esercizio o la difesa in caso di reclami.<\/p>\n<p>In alcuni casi e per motivi correlati con la loro situazione specifica, gli interessati potranno opporsi al trattamento dei propri dati. In questo caso, TWIINS smetter\u00e0 di trattare i dati, salvo per motivi legittimi imperativi, o per l\u2019esercizio o la difesa di eventuali reclami.<\/p>\n<p>Avr\u00e0 altres\u00ec il diritto di richiedere, ove opportuno, la portabilit\u00e0 dei suoi dati personali. Ci\u00f2 significa che avr\u00e0 il diritto di ricevere i dati personali che ci ha fornito in un formato strutturato, di uso comune e leggibile da una macchina, per poterli trasmettere direttamente a un altro ente, purch\u00e9 tecnicamente possibile.<\/p>\n<p>Se ha concesso il suo consenso per un fine specifico, ha il diritto di revocare il consenso concesso in qualunque momento, senza che ci\u00f2 incida sulla legittimit\u00e0 del trattamento basato sul consenso prima della revoca.<\/p>\n<p>Potr\u00e0 esercitare i suoi diritti rivolgendosi al titolare di persona, per posta, allegando una fotocopia della sua carta di identit\u00e0 o del documento ufficiale identificativo, oppure per posta elettronica all\u2019indirizzo del Titolare, allegando all\u2019istanza\/richiesta una fotocopia della sua carta di identit\u00e0 o del documento ufficiale identificativo. I moduli per l\u2019esercizio\/richiesta di diritti sono disponibili sul sito web dell\u2019Agenzia spagnola per la protezione dei dati:<br \/>\n<a href=\"https:\/\/www.aepd.es\/reglamento\/derechos\/index.html#section1\">https:\/\/www.aepd.es\/reglamento\/derechos\/index.html#section1<\/a><\/p>\n<p>Qualora l\u2019interessato creda che siano stati violati i suoi diritti in materia della protezione dei suoi dati personali, in particolar modo quando non \u00e8 stato soddisfatto nell\u2019esercizio dei suoi diritti, pu\u00f2 presentare un reclamo all\u2019Autorit\u00e0 spagnola di controllo in materia di Protezione dei dati accedendo alla sede elettronica dell\u2019Agenzia spagnola per la protezione dei dati (C\/ Jorge Juan 6, 28001- Madrid, Spagna):<br \/>\n<a href=\"https:\/\/sedeagpd.gob.es\/sede-electronica-web\/vistas\/infoSede\/queSede.jsf\">https:\/\/sedeagpd.gob.es\/sede-electronica-web\/vistas\/infoSede\/queSede.jsf<\/a><\/p>\n<p><strong>OBBLIGO DI FORNIRE I DATI<\/strong><\/p>\n<p>I dati richiesti nei moduli accessibili sul sito Web di TWIINS sono, in generale, obbligatori (salvo quando nel campo specifico \u00e8 indicato il contrario) per ottemperare ai fini stabiliti. Pertanto, se tali dati non vengono forniti, o se vengono forniti dati errati, non sar\u00e0 possibile ottemperare ai fini stabiliti.<\/p>\n<p>Se l\u2019interessato fornisce dati di terze persone, dichiara di avere il consenso di tali persone e si impegna a trasferire all\u2019interessato, titolare di tali dati, le informazioni contenute nella presente Informativa sulla privacy, esonerando TWIINS da ogni responsabilit\u00e0 in questo senso. Tuttavia, TWIINS potr\u00e0 svolgere le verifiche necessarie per constatare tale fatto, adottando le misure di adeguata verifica applicabili, ai sensi della normativa sulla protezione dei dati.<\/p>\n<p>I trattamenti dei dati necessari per l\u2019osservanza dei suddetti fini, per il cui svolgimento \u00e8 richiesto il consenso dell\u2019interessato, non saranno svolti senza tale consenso.<\/p>\n<p><strong>RESPONSABILIT\u00c0 DELL\u2019INTERESSATO<\/strong><\/p>\n<p>L\u2019interessato\/utente garantisce di essere maggiorenne o legalmente emancipato, se del caso, pienamente capace, e che i dati che fornisce a TWIINS sono veri, esatti, completi e aggiornati. A tal fine, l\u2019interessato risponde della veridicit\u00e0 di tutti i dati comunicati e manterr\u00e0 convenientemente aggiornate le informazioni fornite, in modo tale che queste corrispondano alla sua situazione reale.<\/p>\n<p>Sar\u00e0 responsabile delle informazioni false o inesatte eventualmente fornite tramite il sito Web e dei danni diretti o indiretti che ne deriveranno per TWIINS o per terzi.<\/p>\n<p><strong>COMUNICAZIONI COMMERCIALI E PROMOZIONALI<\/strong><\/p>\n<p>Una delle finalit\u00e0 per le quali TWIINS tratta i dati dell\u2019interessato sar\u00e0 per l\u2019invio di comunicazioni commerciali, tramite mezzi elettronici e\/o convenzionali, con informazioni relative a prodotti, servizi, promozioni, offerte, eventi o notizie rilevanti per gli interessati. Ogniqualvolta sar\u00e0 effettuata una comunicazione di questo tipo, questa sar\u00e0 indirizzata unicamente ed esclusivamente agli interessati che ne hanno autorizzato il ricevimento e\/o che non hanno espresso preliminarmente il proprio rifiuto al ricevimento delle stesse.<\/p>\n<p>Per portare a termine la suddetta attivit\u00e0, TWIINS potr\u00e0 analizzare i dati ottenuti al fine di elaborare profili degli interessati in grado di definire in modo pi\u00f9 dettagliato i prodotti che potrebbero essere di suo interesse.<\/p>\n<p>Qualora l\u2019interessato desideri smettere di ricevere comunicazioni commerciali o promozionali da parte di TWIINS, pu\u00f2 richiedere la propria cancellazione mediante l\u2019opzione messa a disposizione in ciascuna delle comunicazioni commerciali inviate.<\/p>\n<p><strong>DATI DI GEOLOCALIZZAZIONE<\/strong><\/p>\n<p>Alcune delle funzionalit\u00e0 dell\u2019app di TWIINS consentono la geolocalizzazione del dispositivo (tablet, smartphone, ecc.) in cui \u00e8 installata.<\/p>\n<p>L\u2019interessato potr\u00e0 disattivare tale opzione direttamente dal proprio dispositivo. Tuttavia, la disattivazione di tale opzione potrebbe impedire l\u2019uso di alcune delle funzionalit\u00e0 dell\u2019app.<\/p>\n<p><strong>MISURE DI SICUREZZA<\/strong><\/p>\n<p>I dati personali saranno: trattati in modo lecito, leale e trasparente nei confronti dell\u2019interessato (\u201cliceit\u00e0, lealt\u00e0 e trasparenza\u201d); raccolti per finalit\u00e0 determinate, esplicite e legittime, e successivamente trattati in modo che non sia incompatibile con tali finalit\u00e0; adeguati, pertinenti e limitati a quanto necessario rispetto alle finalit\u00e0 per le quali sono trattati; conservati in una forma che consenta l&#8217;identificazione degli interessati per un arco di tempo non superiore al conseguimento delle finalit\u00e0 per le quali sono trattati; trattati in maniera da garantire un&#8217;adeguata sicurezza dei dati personali, compresa la protezione, mediante misure tecniche e organizzative adeguate, da trattamenti non autorizzati o illeciti e dalla perdita, dalla distruzione o dal danno accidentali (\u201cintegrit\u00e0 e riservatezza\u201d).<\/p>\n<p>TWIINS segue rigorosi criteri di selezione dei fornitori di servizi, tutto ci\u00f2 per adempiere ai propri obblighi in materia di protezione dei dati, oltre che per formalizzare con i fornitori il relativo contratto di responsabile del trattamento dei dati, mediante il quale verranno loro imposti, tra l\u2019altro, i seguenti obblighi: applicare misure tecniche e organizzative adeguate; trattare i dati seguendo le istruzioni di TWIINS; ed eliminare o restituire i dati a TWIINS al termine della prestazione dei servizi.<\/p>\n<p>TWIINS stipuler\u00e0 contratti per la prestazione di servizi con fornitori esterni che operano, a titolo enunciativo e non limitativo, nei seguenti settori: consulenza giuridica, fornitori di servizi tecnologici e di servizi informatici.[\/vc_column_text][\/vc_column][\/vc_row]<\/p>\n<\/div>","protected":false},"excerpt":{"rendered":"<p>[vc_row full_width=&#8221;stretch_row_content&#8221; el_class=&#8221;cabecera&#8221; css=&#8221;.vc_custom_1571912749134{padding-top: 120px !important;padding-bottom: 50px !important;background-color: #133844 !important;}&#8221;][vc_column][vc_row_inner el_class=&#8221;content&#8221; css=&#8221;.vc_custom_1571913136461{padding-bottom: 50px !important;}&#8221;][vc_column_inner][vc_custom_heading source=&#8221;post_title&#8221; font_container=&#8221;tag:h1|font_size:80|text_align:center|color:%23ffffff&#8221; use_theme_fonts=&#8221;yes&#8221; el_class=&#8221;fmedium&#8221;][\/vc_column_inner][\/vc_row_inner][\/vc_column][\/vc_row][vc_row el_class=&#8221;contenido&#8221;][vc_column][vc_column_text]Protezione dei dati di carattere personale TWIINS lavora per garantire la privacy nel trattamento dei dati personali degli utenti e vuole essere quanto pi\u00f9 trasparente possibile con i propri clienti e utenti. Per questo motivo, abbiamo aggiornato [&hellip;]<\/p>\n","protected":false},"author":1,"featured_media":0,"parent":0,"menu_order":0,"comment_status":"closed","ping_status":"open","template":"","meta":{"_acf_changed":false,"footnotes":""},"class_list":["post-2307","page","type-page","status-publish","hentry"],"acf":[],"_links":{"self":[{"href":"https:\/\/www.theibizatwiins.com\/it\/wp-json\/wp\/v2\/pages\/2307","targetHints":{"allow":["GET"]}}],"collection":[{"href":"https:\/\/www.theibizatwiins.com\/it\/wp-json\/wp\/v2\/pages"}],"about":[{"href":"https:\/\/www.theibizatwiins.com\/it\/wp-json\/wp\/v2\/types\/page"}],"author":[{"embeddable":true,"href":"https:\/\/www.theibizatwiins.com\/it\/wp-json\/wp\/v2\/users\/1"}],"replies":[{"embeddable":true,"href":"https:\/\/www.theibizatwiins.com\/it\/wp-json\/wp\/v2\/comments?post=2307"}],"version-history":[{"count":4,"href":"https:\/\/www.theibizatwiins.com\/it\/wp-json\/wp\/v2\/pages\/2307\/revisions"}],"predecessor-version":[{"id":4352,"href":"https:\/\/www.theibizatwiins.com\/it\/wp-json\/wp\/v2\/pages\/2307\/revisions\/4352"}],"wp:attachment":[{"href":"https:\/\/www.theibizatwiins.com\/it\/wp-json\/wp\/v2\/media?parent=2307"}],"curies":[{"name":"wp","href":"https:\/\/api.w.org\/{rel}","templated":true}]}}