{"id":2318,"date":"2019-10-21T12:47:55","date_gmt":"2019-10-21T10:47:55","guid":{"rendered":"https:\/\/www.theibizatwiins.com\/condiciones-de-reserva-y-cancelaciones\/"},"modified":"2025-07-22T11:16:58","modified_gmt":"2025-07-22T09:16:58","slug":"condizioni-di-prenotazione-e-cancellazione","status":"publish","type":"page","link":"https:\/\/www.theibizatwiins.com\/it\/condizioni-di-prenotazione-e-cancellazione\/","title":{"rendered":"Condizioni di Prenotazione e Cancellazione"},"content":{"rendered":"<div class=\"wpb-content-wrapper\"><p>[vc_row full_width=&#8221;stretch_row_content&#8221; el_class=&#8221;cabecera&#8221; css=&#8221;.vc_custom_1567759894150{padding-top: 120px !important;padding-bottom: 50px !important;background-color: #133844 !important;}&#8221;][vc_column alignment=&#8221;right&#8221;][vc_row_inner css=&#8221;.vc_custom_1567753203496{padding-bottom: 50px !important;}&#8221; el_class=&#8221;content&#8221;][vc_column_inner][vc_custom_heading source=&#8221;post_title&#8221; font_container=&#8221;tag:h1|font_size:80|text_align:center|color:%23ffffff&#8221; el_class=&#8221;fmedium&#8221;][\/vc_column_inner][\/vc_row_inner][\/vc_column][\/vc_row][vc_row css=&#8221;.vc_custom_1570180100262{padding-right: 40px !important;padding-left: 40px !important;}&#8221; el_class=&#8221;contenido&#8221;][vc_column][vc_column_text css=&#8221;&#8221;]<strong>Tariffa non rimborsabile<\/strong><br \/>\nNon si accettano modifiche.<br \/>\nPagamento anticipato: Verr\u00e1 addebitato sulla carta de cr\u00e9dito l\u2019intero importo al momento della prenotazzione.<br \/>\n\u200bTermini di cancellazione: La cancellazione di una prenotazione con una tariffa non rimborsabile non implica il rimborso della somma pagata. Se si non si presenta in hotel non sar\u00e0 restituito l\u2019importo pagato.<\/p>\n<p><strong>Tariffa flessibile:<\/strong><br \/>\nSe si cancella 24 ore prima della data di arrivo: l\u2019hotel le restituir\u00e0 la caparra, in caso fosse stata versata. Se si cancella al di fuori dei termini stabiliti o non si presenta in hotel: l\u2019hotel addebiter\u00e0 l\u2019importo della prima notte sulla carta di credito lasciata come garanzia e se aveste pagato il totale della prenotazione, non sar\u00e0 restituito l\u2019importo equivalente alla prima notte. Se avete scelto l\u2019opzione di pagare il totale della sua prenotazione in hotel, la vostra carta di credito \u00e8 necessaria solo come garanzia della prenotazione effettuata. L\u2019importo della prenotazione non verr\u00e0 addebitato sulla carta di credito perch\u00e9 il pagamento verr\u00e0 effettuato all\u2019arrivo in hotel, con carta di credito o in contanti, con la moneta locale e secondo la valuta del giorno. Solo in caso di annullamento della prenotazione lo stesso giorno dell\u2019arrivo o nel caso in cui il cliente non si presentasse, verr\u00e0 addebitato l\u2019importo della prima notte. L&#8217;hotel si riserva il diritto di effettuare una pre-autorizzazione per l&#8217;importo della prima notte. Se avete scelto l\u2019opzione di pagare il totale della sua prenotazione ora, il sistema della centrale di riserva si connetter\u00e0 con la banca attraverso una connessione sicura per poi procedere al pagamento con il massimo della garanzia e sicurezza, e a pagamento effetuato riceverete un buono con la cifra indicata.<\/p>\n<p><strong>Bambini<\/strong><br \/>\nSi stabiliscono le seguenti fasce di et\u00e0 per le politiche di sconto in tutti gli hotel Sirenis:<\/p>\n<p>Da 0 a 1 anno = Neonati<br \/>\nDa 2 a 11 anni = Bambini<br \/>\nA partire dai 12 anni = Adulti<\/p>\n<p>L\u2019et\u00e0 dei bambini al momento della prenotazione dovr\u00e0 coincidere con quella del giorno d\u2019arrivo in hotel. Se all\u2019arrivo in hotel, durante la registrazione degli ospiti alla Reception, si verifica che l\u2019et\u00e0 indicata del bambino nella prenotazione non corrisponde alla sua et\u00e0 reale conformemente al passaporto o al documento di identit\u00e0, si esiger\u00e0 un aumento di importo in accordo con la fascia d\u2019et\u00e0 riportata precedentemente.<\/p>\n<p><strong>Orario check-in:<\/strong><br \/>\nIl diritto di occupazione della camera inizia a partire dalle ore 15:00 del primo giorno del periodo contrattato.<br \/>\n<strong><br \/>\nOrario check-out:<\/strong><br \/>\nIl diritto di occupazione della camera termina alle ore 12:00 del giorno di scadenza del soggiorno. Il soggiorno risulter\u00e0 esteso di un giorno ulteriore nel caso in cui il cliente non abbia lasciato la camera entro il termine massimo prescritto.<\/p>\n<p><strong>Cancellazione:<\/strong><br \/>\nPer annullare una prenotazione, entrare nella sezione <strong>GESTICI LA MIA PRENOTAZIONE<\/strong> situato nel nostro sito web. Se doveste aver bisogno di assistenza scriveteci all\u2019indirizzo <strong><a href=\"mailto:hello@theibizatwiins.com\">hello@theibizatwiins.com<\/a><\/strong><\/p>\n<p><strong>Offerte:<\/strong><br \/>\nNessuna offerta speciale pubblicata su questo sito web sar\u00e0 accumulabile ad altre offerte o sconti.[\/vc_column_text][\/vc_column][\/vc_row]<\/p>\n<\/div>","protected":false},"excerpt":{"rendered":"<p>[vc_row full_width=&#8221;stretch_row_content&#8221; el_class=&#8221;cabecera&#8221; css=&#8221;.vc_custom_1567759894150{padding-top: 120px !important;padding-bottom: 50px !important;background-color: #133844 !important;}&#8221;][vc_column alignment=&#8221;right&#8221;][vc_row_inner css=&#8221;.vc_custom_1567753203496{padding-bottom: 50px !important;}&#8221; el_class=&#8221;content&#8221;][vc_column_inner][vc_custom_heading source=&#8221;post_title&#8221; font_container=&#8221;tag:h1|font_size:80|text_align:center|color:%23ffffff&#8221; el_class=&#8221;fmedium&#8221;][\/vc_column_inner][\/vc_row_inner][\/vc_column][\/vc_row][vc_row css=&#8221;.vc_custom_1570180100262{padding-right: 40px !important;padding-left: 40px !important;}&#8221; el_class=&#8221;contenido&#8221;][vc_column][vc_column_text css=&#8221;&#8221;]Tariffa non rimborsabile Non si accettano modifiche. Pagamento anticipato: Verr\u00e1 addebitato sulla carta de cr\u00e9dito l\u2019intero importo al momento della prenotazzione. \u200bTermini di cancellazione: La cancellazione di una prenotazione con una [&hellip;]<\/p>\n","protected":false},"author":1,"featured_media":0,"parent":0,"menu_order":0,"comment_status":"closed","ping_status":"closed","template":"","meta":{"_acf_changed":false,"footnotes":""},"class_list":["post-2318","page","type-page","status-publish","hentry"],"acf":[],"_links":{"self":[{"href":"https:\/\/www.theibizatwiins.com\/it\/wp-json\/wp\/v2\/pages\/2318","targetHints":{"allow":["GET"]}}],"collection":[{"href":"https:\/\/www.theibizatwiins.com\/it\/wp-json\/wp\/v2\/pages"}],"about":[{"href":"https:\/\/www.theibizatwiins.com\/it\/wp-json\/wp\/v2\/types\/page"}],"author":[{"embeddable":true,"href":"https:\/\/www.theibizatwiins.com\/it\/wp-json\/wp\/v2\/users\/1"}],"replies":[{"embeddable":true,"href":"https:\/\/www.theibizatwiins.com\/it\/wp-json\/wp\/v2\/comments?post=2318"}],"version-history":[{"count":10,"href":"https:\/\/www.theibizatwiins.com\/it\/wp-json\/wp\/v2\/pages\/2318\/revisions"}],"predecessor-version":[{"id":4274,"href":"https:\/\/www.theibizatwiins.com\/it\/wp-json\/wp\/v2\/pages\/2318\/revisions\/4274"}],"wp:attachment":[{"href":"https:\/\/www.theibizatwiins.com\/it\/wp-json\/wp\/v2\/media?parent=2318"}],"curies":[{"name":"wp","href":"https:\/\/api.w.org\/{rel}","templated":true}]}}