{"id":5544,"date":"2022-06-03T13:16:12","date_gmt":"2022-06-03T11:16:12","guid":{"rendered":"https:\/\/www.theibizatwiins.com\/?page_id=5544"},"modified":"2025-07-23T13:06:58","modified_gmt":"2025-07-23T11:06:58","slug":"esperience","status":"publish","type":"page","link":"https:\/\/www.theibizatwiins.com\/it\/esperience\/","title":{"rendered":"Esperienze"},"content":{"rendered":"<div class=\"wpb-content-wrapper\"><p>[vc_row full_width=&#8221;stretch_row&#8221; el_class=&#8221;cabecera&#8221; css=&#8221;.vc_custom_1567759911168{padding-top: 120px !important;padding-bottom: 100px !important;background-color: #133844 !important;}&#8221;][vc_column alignment=&#8221;center&#8221;][vc_custom_heading text=&#8221;ESPERIENZE&#8221; font_container=&#8221;tag:h1|font_size:80|text_align:center|color:%23ffffff&#8221; el_class=&#8221;fmedium&#8221; css=&#8221;.vc_custom_1654253852938{margin-bottom: 0px !important;}&#8221;][vc_column_text el_class=&#8221;flight white&#8221;]Perch\u00e9 rinunciare a una parte quando si pu\u00f2 avere tutto? Nel mix c&#8217;\u00e8 la sorpresa e nella sorpresa il divertimento. Conoscete le nostre radici, il nostro mare, il battito vivace e gioioso di Ibiza. Godetevi un hotel vicino alla spiaggia. Il tutto nello spirito pi\u00f9 ibizenco e cosmopolita. Vivere la nostra terra e sentirsi parte di essa.[\/vc_column_text][\/vc_column][\/vc_row]<\/p>\n<\/div>","protected":false},"excerpt":{"rendered":"<p>[vc_row full_width=&#8221;stretch_row&#8221; el_class=&#8221;cabecera&#8221; css=&#8221;.vc_custom_1567759911168{padding-top: 120px !important;padding-bottom: 100px !important;background-color: #133844 !important;}&#8221;][vc_column alignment=&#8221;center&#8221;][vc_custom_heading text=&#8221;ESPERIENZE&#8221; font_container=&#8221;tag:h1|font_size:80|text_align:center|color:%23ffffff&#8221; el_class=&#8221;fmedium&#8221; css=&#8221;.vc_custom_1654253852938{margin-bottom: 0px !important;}&#8221;][vc_column_text el_class=&#8221;flight white&#8221;]Perch\u00e9 rinunciare a una parte quando si pu\u00f2 avere tutto? Nel mix c&#8217;\u00e8 la sorpresa e nella sorpresa il divertimento. Conoscete le nostre radici, il nostro mare, il battito vivace e gioioso di Ibiza. Godetevi un hotel [&hellip;]<\/p>\n","protected":false},"author":1,"featured_media":0,"parent":0,"menu_order":0,"comment_status":"closed","ping_status":"closed","template":"page-scope.php","meta":{"_acf_changed":false,"footnotes":""},"class_list":["post-5544","page","type-page","status-publish","hentry"],"acf":[],"_links":{"self":[{"href":"https:\/\/www.theibizatwiins.com\/it\/wp-json\/wp\/v2\/pages\/5544","targetHints":{"allow":["GET"]}}],"collection":[{"href":"https:\/\/www.theibizatwiins.com\/it\/wp-json\/wp\/v2\/pages"}],"about":[{"href":"https:\/\/www.theibizatwiins.com\/it\/wp-json\/wp\/v2\/types\/page"}],"author":[{"embeddable":true,"href":"https:\/\/www.theibizatwiins.com\/it\/wp-json\/wp\/v2\/users\/1"}],"replies":[{"embeddable":true,"href":"https:\/\/www.theibizatwiins.com\/it\/wp-json\/wp\/v2\/comments?post=5544"}],"version-history":[{"count":2,"href":"https:\/\/www.theibizatwiins.com\/it\/wp-json\/wp\/v2\/pages\/5544\/revisions"}],"predecessor-version":[{"id":15530,"href":"https:\/\/www.theibizatwiins.com\/it\/wp-json\/wp\/v2\/pages\/5544\/revisions\/15530"}],"wp:attachment":[{"href":"https:\/\/www.theibizatwiins.com\/it\/wp-json\/wp\/v2\/media?parent=5544"}],"curies":[{"name":"wp","href":"https:\/\/api.w.org\/{rel}","templated":true}]}}